{"id":3159,"date":"2021-11-08T10:46:28","date_gmt":"2021-11-08T09:46:28","guid":{"rendered":"https:\/\/antcube.shop\/produkt\/rosenblutenblatter-100g-getrocknet\/"},"modified":"2026-05-06T14:31:58","modified_gmt":"2026-05-06T12:31:58","slug":"rosenblutenblatter-100g-getrocknet","status":"publish","type":"product","link":"https:\/\/antcube.shop\/cs\/produkt\/rosenblutenblatter-100g-getrocknet\/","title":{"rendered":"Okv\u011btn\u00ed l\u00edstky r\u016f\u017e\u00ed 100g - su\u0161en\u00e9"},"content":{"rendered":"<p><strong>Obsah:<\/strong><br \/>\n100 g su\u0161en\u00fdch okv\u011btn\u00edch l\u00edstk\u016f r\u016f\u017e\u00ed<\/p>\n<p><strong>Popis:<\/strong><br \/>\nOkv\u011btn\u00ed l\u00edstky r\u016f\u017e\u00ed jako \u017eivn\u00e1 p\u016fda pro druhy mravenc\u016f, kte\u0159\u00ed se mno\u017e\u00ed houbami. Jedn\u00e1 se o \u010dist\u011b p\u0159\u00edrodn\u00ed produkt.<\/p>\n<p><strong>Pou\u017eit\u00ed:<\/strong><br \/>\nOkv\u011btn\u00ed l\u00edstky r\u016f\u017e\u00ed = pro druhy mravenc\u016f, kte\u0159\u00ed se mno\u017e\u00ed houbami.<br \/>\nSuch\u00e9 okv\u011btn\u00ed l\u00edstky slou\u017e\u00ed pouze jako \u017eivn\u00e1 p\u016fda pro houby listonoh\u016f (doporu\u010duje se sou\u010dasn\u011b nab\u00eddnout \u010derstv\u00e9 listy jako zvlh\u010dova\u010d).<br \/>\nOkv\u011btn\u00ed l\u00edstky ur\u010den\u00e9 ke krmen\u00ed jednodu\u0161e vlo\u017ete do komory se such\u00fdm krmivem.<\/p>\n<p><strong>Skladov\u00e1n\u00ed:<\/strong><br \/>\nV such\u00e9m prost\u0159ed\u00ed<\/p>\n<p><strong>Obsahuje:<\/strong><br \/>\n100% su\u0161en\u00e9 okv\u011btn\u00ed l\u00edstky r\u016f\u017e\u00ed<\/p>","protected":false},"excerpt":{"rendered":"<p>Obsah: Popis: 100 g su\u0161en\u00fdch okv\u011btn\u00edch l\u00edstk\u016f r\u016f\u017e\u00ed Su\u0161en\u00e9 okv\u011btn\u00ed l\u00edstky r\u016f\u017e\u00ed jako \u017eivn\u00e1 p\u016fda pro druhy mravenc\u016f, kte\u0159\u00ed se mno\u017e\u00ed houbami. Jedn\u00e1 se o \u010dist\u011b p\u0159\u00edrodn\u00ed produkt. Pou\u017eit\u00ed: Okv\u011btn\u00ed l\u00edstky r\u016f\u017e\u00ed = pro houby rozmno\u017euj\u00edc\u00ed druhy mravenc\u016f. Such\u00e9 okv\u011btn\u00ed l\u00edstky slou\u017e\u00ed pouze jako \u017eivn\u00e1 p\u016fda pro houby mravenc\u016f listonoh\u016f (nab\u00edz\u00edme \u010derstv\u00e9 l\u00edstky jako zvlh\u010dova\u010d p\u0159i sou\u010dasn\u00e9m [...].","protected":false},"featured_media":5485,"comment_status":"open","ping_status":"closed","template":"","meta":{"_acf_changed":false,"content-type":"","_monsterinsights_skip_tracking":false,"_monsterinsights_sitenote_active":false,"_monsterinsights_sitenote_note":"","_monsterinsights_sitenote_category":0},"product_brand":[],"product_cat":[115,116],"product_tag":[],"class_list":{"0":"post-3159","1":"product","2":"type-product","3":"status-publish","4":"has-post-thumbnail","6":"product_cat-food-and-feeding","7":"product_cat-food","9":"first","10":"instock","11":"taxable","12":"shipping-taxable","13":"purchasable","14":"product-type-simple"},"acf":[],"aioseo_notices":[],"jetpack_sharing_enabled":true,"_links":{"self":[{"href":"https:\/\/antcube.shop\/cs\/wp-json\/wp\/v2\/product\/3159","targetHints":{"allow":["GET"]}}],"collection":[{"href":"https:\/\/antcube.shop\/cs\/wp-json\/wp\/v2\/product"}],"about":[{"href":"https:\/\/antcube.shop\/cs\/wp-json\/wp\/v2\/types\/product"}],"replies":[{"embeddable":true,"href":"https:\/\/antcube.shop\/cs\/wp-json\/wp\/v2\/comments?post=3159"}],"wp:featuredmedia":[{"embeddable":true,"href":"https:\/\/antcube.shop\/cs\/wp-json\/wp\/v2\/media\/5485"}],"wp:attachment":[{"href":"https:\/\/antcube.shop\/cs\/wp-json\/wp\/v2\/media?parent=3159"}],"wp:term":[{"taxonomy":"product_brand","embeddable":true,"href":"https:\/\/antcube.shop\/cs\/wp-json\/wp\/v2\/product_brand?post=3159"},{"taxonomy":"product_cat","embeddable":true,"href":"https:\/\/antcube.shop\/cs\/wp-json\/wp\/v2\/product_cat?post=3159"},{"taxonomy":"product_tag","embeddable":true,"href":"https:\/\/antcube.shop\/cs\/wp-json\/wp\/v2\/product_tag?post=3159"}],"curies":[{"name":"wp","href":"https:\/\/api.w.org\/{rel}","templated":true}]}}