{"id":3158,"date":"2021-11-08T10:46:20","date_gmt":"2021-11-08T09:46:20","guid":{"rendered":"https:\/\/antcube.shop\/produkt\/zuckerlosung-in-2ml-futterrohrchen-10-st\/"},"modified":"2026-04-13T09:30:29","modified_gmt":"2026-04-13T07:30:29","slug":"zuckerlosung-in-2ml-futterrohrchen-10-st","status":"publish","type":"product","link":"https:\/\/antcube.shop\/cs\/produkt\/zuckerlosung-in-2ml-futterrohrchen-10-st\/","title":{"rendered":"Cukern\u00fd roztok v 2ml zkumavce - 10 ks."},"content":{"rendered":"<p><strong>Obsah:<\/strong> 10x 2ml<\/p>\n<p><strong>Popis:<\/strong> Cukern\u00fd roztok je dopl\u0148kov\u00fdm krmivem k ostatn\u00edm krmiv\u016fm.<\/p>\n<p><strong>Pou\u017eit\u00ed:<\/strong><br \/>\nCukern\u00fd roztok = pro druhy mravenc\u016f \u017eiv\u00edc\u00ed se cukrem.<br \/>\nJedn\u00e1 se o dopl\u0148kov\u00e9 krmivo (jednor\u00e1zov\u00e9 krmivo).<br \/>\nZv\u00ed\u0159at\u016fm ji lze nab\u00eddnout v dodan\u00e9m stavu. M\u016f\u017ee se pou\u017e\u00edvat, dokud cukr nevyschne. P\u0159ed op\u011btovn\u00fdm pou\u017eit\u00edm d\u016fkladn\u011b vy\u010dist\u011bte krmnou misku\/tubu.<br \/>\nOtev\u0159en\u00e9 balen\u00ed lze pou\u017e\u00edvat t\u011bsn\u011b uzav\u0159en\u00e9 a\u017e do uveden\u00e9ho data pou\u017eitelnosti.<\/p>\n<p><strong>Obsahuje:<\/strong><br \/>\nInverzn\u00ed cukr 55%<br \/>\nSachar\u00f3za 45%<\/p>\n<p><strong>Skladov\u00e1n\u00ed:<\/strong> aby byla zaji\u0161t\u011bna kvalita krmiva, m\u011blo by b\u00fdt skladov\u00e1no na tmav\u00e9m a such\u00e9m m\u00edst\u011b.<\/p>\n<p><strong>Upozorn\u011bn\u00ed:<\/strong><br \/>\nInformace o pou\u017eit\u00ed pod\u00e1vac\u00edch trubic naleznete zde: Odkaz<br \/>\nSlo\u017een\u00ed, analytick\u00e9 slo\u017eky, datum pou\u017eitelnosti a \u010d\u00edslo \u0161ar\u017ee najdete v p\u0159\u00edbalov\u00e9m let\u00e1ku.<\/p>\n<p>Informa\u010dn\u00ed linka +49 30 439703870<\/p>\n<p>Odpov\u011bdn\u00fd org\u00e1n veterin\u00e1rn\u00edho a potravin\u00e1\u0159sk\u00e9ho dozoru:<br \/>\nVeterin\u00e1rn\u00ed kancel\u00e1\u0159 Steglitz<br \/>\nK\u00f6nigin-Luise-Str. 92<br \/>\n14195 Berl\u00edn<\/p>","protected":false},"excerpt":{"rendered":"<p>Dopl\u0148kov\u00e9 potraviny<\/p>","protected":false},"featured_media":3147,"comment_status":"open","ping_status":"closed","template":"","meta":{"_acf_changed":false,"content-type":"","_monsterinsights_skip_tracking":false,"_monsterinsights_sitenote_active":false,"_monsterinsights_sitenote_note":"","_monsterinsights_sitenote_category":0},"product_brand":[],"product_cat":[115,116],"product_tag":[],"class_list":{"0":"post-3158","1":"product","2":"type-product","3":"status-publish","4":"has-post-thumbnail","6":"product_cat-food-and-feeding","7":"product_cat-food","9":"first","10":"instock","11":"taxable","12":"shipping-taxable","13":"purchasable","14":"product-type-simple"},"acf":[],"aioseo_notices":[],"jetpack_sharing_enabled":true,"_links":{"self":[{"href":"https:\/\/antcube.shop\/cs\/wp-json\/wp\/v2\/product\/3158","targetHints":{"allow":["GET"]}}],"collection":[{"href":"https:\/\/antcube.shop\/cs\/wp-json\/wp\/v2\/product"}],"about":[{"href":"https:\/\/antcube.shop\/cs\/wp-json\/wp\/v2\/types\/product"}],"replies":[{"embeddable":true,"href":"https:\/\/antcube.shop\/cs\/wp-json\/wp\/v2\/comments?post=3158"}],"wp:featuredmedia":[{"embeddable":true,"href":"https:\/\/antcube.shop\/cs\/wp-json\/wp\/v2\/media\/3147"}],"wp:attachment":[{"href":"https:\/\/antcube.shop\/cs\/wp-json\/wp\/v2\/media?parent=3158"}],"wp:term":[{"taxonomy":"product_brand","embeddable":true,"href":"https:\/\/antcube.shop\/cs\/wp-json\/wp\/v2\/product_brand?post=3158"},{"taxonomy":"product_cat","embeddable":true,"href":"https:\/\/antcube.shop\/cs\/wp-json\/wp\/v2\/product_cat?post=3158"},{"taxonomy":"product_tag","embeddable":true,"href":"https:\/\/antcube.shop\/cs\/wp-json\/wp\/v2\/product_tag?post=3158"}],"curies":[{"name":"wp","href":"https:\/\/api.w.org\/{rel}","templated":true}]}}