{"id":3157,"date":"2021-11-08T10:46:12","date_gmt":"2021-11-08T09:46:12","guid":{"rendered":"https:\/\/antcube.shop\/produkt\/kornerfutter-minor-in-2ml-futterrohrchen-10-st\/"},"modified":"2026-04-04T10:11:11","modified_gmt":"2026-04-04T08:11:11","slug":"kornerfutter-minor-in-2ml-futterrohrchen-10-st","status":"publish","type":"product","link":"https:\/\/antcube.shop\/cs\/produkt\/kornerfutter-minor-in-2ml-futterrohrchen-10-st\/","title":{"rendered":"Obiln\u00e9 krmivo Minor ve 2ml krmn\u00fdch zkumavk\u00e1ch - 10 ks."},"content":{"rendered":"<p><strong>Obsah:<\/strong> 10x 2 ml<\/p>\n<p><strong>Popis:<\/strong> Drobn\u00e1 zrna\/semena pro mlad\u00e9 kolonie druh\u016f mravenc\u016f, kte\u0159\u00ed sb\u00edraj\u00ed zrn\u00ed\/obiloviny, jako je rod Messor, kter\u00e9 st\u00e1le obsahuj\u00ed p\u0159edev\u0161\u00edm drobn\u00e9 d\u011blnice.<\/p>\n<p><strong>Pou\u017eit\u00ed:<\/strong> Trubi\u010dku s potravou lze do formik\u00e1ria um\u00edstit celou, p\u0159\u00edpadn\u011b lze p\u0159id\u00e1vat men\u0161\u00ed mno\u017estv\u00ed do misky s potravou podle pot\u0159eby\/velikosti kolonie. Obilnou potravu p\u0159ij\u00edmaj\u00ed p\u0159edev\u0161\u00edm druhy, kter\u00e9 sb\u00edraj\u00ed zrn\u00ed, jako jsou druhy rodu Messor nebo tak\u00e9 Pheidole.<\/p>\n<p><strong>Upozorn\u011bn\u00ed:<\/strong><br \/>\nInformace o pou\u017e\u00edv\u00e1n\u00ed vy\u017eivovac\u00edch trubi\u010dek naleznete zde: Odkaz<br \/>\nDopl\u0148kov\u00e1 potrava pro zrno\u017erav\u00e9 mravence.<br \/>\nSlo\u017een\u00ed, analytick\u00e9 slo\u017eky, datum pou\u017eitelnosti a \u010d\u00edslo \u0161ar\u017ee naleznete v p\u0159\u00edbalov\u00e9m let\u00e1ku.<\/p>\n<p>Informa\u010dn\u00ed linka +49 30 439703870<\/p>\n<p>Odpov\u011bdn\u00fd org\u00e1n veterin\u00e1rn\u00edho a potravin\u00e1\u0159sk\u00e9ho dozoru:<br \/>\nVeterin\u00e1rn\u00ed kancel\u00e1\u0159 Steglitz<br \/>\nK\u00f6nigin-Luise-Str. 92<br \/>\n14195 Berl\u00edn<\/p>","protected":false},"excerpt":{"rendered":"<p>Dopl\u0148kov\u00e9 potraviny<\/p>","protected":false},"featured_media":3149,"comment_status":"open","ping_status":"closed","template":"","meta":{"_acf_changed":false,"content-type":"","_monsterinsights_skip_tracking":false,"_monsterinsights_sitenote_active":false,"_monsterinsights_sitenote_note":"","_monsterinsights_sitenote_category":0},"product_brand":[],"product_cat":[115,116],"product_tag":[],"class_list":{"0":"post-3157","1":"product","2":"type-product","3":"status-publish","4":"has-post-thumbnail","6":"product_cat-food-and-feeding","7":"product_cat-food","9":"first","10":"instock","11":"taxable","12":"shipping-taxable","13":"purchasable","14":"product-type-simple"},"acf":[],"aioseo_notices":[],"jetpack_sharing_enabled":true,"_links":{"self":[{"href":"https:\/\/antcube.shop\/cs\/wp-json\/wp\/v2\/product\/3157","targetHints":{"allow":["GET"]}}],"collection":[{"href":"https:\/\/antcube.shop\/cs\/wp-json\/wp\/v2\/product"}],"about":[{"href":"https:\/\/antcube.shop\/cs\/wp-json\/wp\/v2\/types\/product"}],"replies":[{"embeddable":true,"href":"https:\/\/antcube.shop\/cs\/wp-json\/wp\/v2\/comments?post=3157"}],"wp:featuredmedia":[{"embeddable":true,"href":"https:\/\/antcube.shop\/cs\/wp-json\/wp\/v2\/media\/3149"}],"wp:attachment":[{"href":"https:\/\/antcube.shop\/cs\/wp-json\/wp\/v2\/media?parent=3157"}],"wp:term":[{"taxonomy":"product_brand","embeddable":true,"href":"https:\/\/antcube.shop\/cs\/wp-json\/wp\/v2\/product_brand?post=3157"},{"taxonomy":"product_cat","embeddable":true,"href":"https:\/\/antcube.shop\/cs\/wp-json\/wp\/v2\/product_cat?post=3157"},{"taxonomy":"product_tag","embeddable":true,"href":"https:\/\/antcube.shop\/cs\/wp-json\/wp\/v2\/product_tag?post=3157"}],"curies":[{"name":"wp","href":"https:\/\/api.w.org\/{rel}","templated":true}]}}