{"id":3153,"date":"2021-11-08T10:45:48","date_gmt":"2021-11-08T09:45:48","guid":{"rendered":"https:\/\/antcube.shop\/produkt\/antcube-digfix-platte-20x20-xl\/"},"modified":"2026-03-06T14:52:51","modified_gmt":"2026-03-06T13:52:51","slug":"antcube-digfix-platte-20x20-xl","status":"publish","type":"product","link":"https:\/\/antcube.shop\/cs\/produkt\/antcube-digfix-platte-20x20-xl\/","title":{"rendered":"ANTCUBE - Digfixov\u00e1 deska 20\u00d720 - XL"},"content":{"rendered":"<p><strong>Rozm\u011bry:<\/strong> 184x130x50 mm (tolerance182-185 mm)<\/p>\n<p><strong>Materi\u00e1l:<\/strong> Digfix<\/p>\n<p><strong>Popis:<\/strong> Deska Digfix je vyrobena z kopateln\u00e9ho materi\u00e1lu a dokonale se hod\u00ed k na\u0161im mraveni\u0161t\u00edm ANTCUBE. Lze ji pou\u017e\u00edvat za sucha i za mokra. Je vhodn\u00e1 pro mnoho druh\u016f mravenc\u016f, zejm\u00e9na pro ty, kte\u0159\u00ed hn\u00edzd\u00ed v p\u00edsku a v (mrtv\u00e9m) d\u0159ev\u011b. Lze ji pou\u017e\u00edt m\u00edsto p\u00edskovcovo-hlinit\u00fdch sm\u011bs\u00ed nebo hn\u00edzdn\u00edch vlo\u017eek z korku \u010di s\u00e1dry. Velkou v\u00fdhodou oproti korkov\u00fdm hn\u00edzd\u016fm je, \u017ee Digfix neplesniv\u00ed ani za mokra. To znamen\u00e1, \u017ee druh\u016fm mravenc\u016f s vysok\u00fdmi n\u00e1roky na vlhkost lze bez probl\u00e9m\u016f dod\u00e1vat dostatek vody. Digfix m\u00e1 tak\u00e9 tu v\u00fdhodu, \u017ee kopaj\u00edc\u00ed druhy mravenc\u016f p\u0159i kop\u00e1n\u00ed ne\u0161pin\u00ed sklen\u011bn\u00e9 tabule hn\u00edzda zeminou, co\u017e umo\u017e\u0148uje dokonal\u00fd v\u00fdhled do hn\u00edzda.<\/p>\n<p><strong>Pozn\u00e1mka:<\/strong> P\u0159irozen\u00fd barevn\u00fd odst\u00edn se m\u016f\u017ee pohybovat mezi zelenkavou \/ \u0161edohn\u011bdou a zemitou hn\u011bdou. Odst\u00edn nem\u00e1 vliv na kvalitu.<br \/>\nVzhledem k v\u00fdrobn\u00edm rozm\u011br\u016fm se mohou rozm\u011bry li\u0161it +\/- 1 mm<\/p>","protected":false},"excerpt":{"rendered":"<p>Velikost: <span style=\"color: #ff0000;\"><strong>XL<\/strong><\/span><\/p>","protected":false},"featured_media":3950,"comment_status":"open","ping_status":"closed","template":"","meta":{"_acf_changed":false,"content-type":"","_monsterinsights_skip_tracking":false,"_monsterinsights_sitenote_active":false,"_monsterinsights_sitenote_note":"","_monsterinsights_sitenote_category":0},"product_brand":[],"product_cat":[87,88],"product_tag":[],"class_list":{"0":"post-3153","1":"product","2":"type-product","3":"status-publish","4":"has-post-thumbnail","6":"product_cat-nest-insets","7":"product_cat-digfix","9":"first","10":"instock","11":"taxable","12":"shipping-taxable","13":"purchasable","14":"product-type-simple"},"acf":[],"aioseo_notices":[],"jetpack_sharing_enabled":true,"_links":{"self":[{"href":"https:\/\/antcube.shop\/cs\/wp-json\/wp\/v2\/product\/3153","targetHints":{"allow":["GET"]}}],"collection":[{"href":"https:\/\/antcube.shop\/cs\/wp-json\/wp\/v2\/product"}],"about":[{"href":"https:\/\/antcube.shop\/cs\/wp-json\/wp\/v2\/types\/product"}],"replies":[{"embeddable":true,"href":"https:\/\/antcube.shop\/cs\/wp-json\/wp\/v2\/comments?post=3153"}],"wp:featuredmedia":[{"embeddable":true,"href":"https:\/\/antcube.shop\/cs\/wp-json\/wp\/v2\/media\/3950"}],"wp:attachment":[{"href":"https:\/\/antcube.shop\/cs\/wp-json\/wp\/v2\/media?parent=3153"}],"wp:term":[{"taxonomy":"product_brand","embeddable":true,"href":"https:\/\/antcube.shop\/cs\/wp-json\/wp\/v2\/product_brand?post=3153"},{"taxonomy":"product_cat","embeddable":true,"href":"https:\/\/antcube.shop\/cs\/wp-json\/wp\/v2\/product_cat?post=3153"},{"taxonomy":"product_tag","embeddable":true,"href":"https:\/\/antcube.shop\/cs\/wp-json\/wp\/v2\/product_tag?post=3153"}],"curies":[{"name":"wp","href":"https:\/\/api.w.org\/{rel}","templated":true}]}}