{"id":3087,"date":"2021-10-21T13:24:43","date_gmt":"2021-10-21T11:24:43","guid":{"rendered":"https:\/\/antcube.shop\/produkt\/tranke-2ml-front-dosierbar\/"},"modified":"2026-04-19T12:29:15","modified_gmt":"2026-04-19T10:29:15","slug":"tranke-2ml-front-dosierbar","status":"publish","type":"product","link":"https:\/\/antcube.shop\/cs\/produkt\/tranke-2ml-front-dosierbar\/","title":{"rendered":"Nap\u00e1jec\u00ed \u017el\u00e1bek 2ml - p\u0159edn\u00ed d\u00e1vkov\u00e1n\u00ed"},"content":{"rendered":"<p><strong>Rozm\u011bry:<\/strong> 30x40x52 mm, 2 ml<\/p>\n<p><strong>Obsah:<\/strong><br \/>\n1x patka s 1x 5mm otvorem (mo\u017enost d\u00e1vkov\u00e1n\u00ed 0-1mm).<br \/>\n1x mraven\u010d\u00ed potrava v tub\u011b<\/p>\n<p><strong>Materi\u00e1l:<\/strong> PMMA, PS<\/p>\n<p><strong>Popis:<\/strong> To mravenc\u016fm umo\u017e\u0148uje zajistit si dostatek vlhkosti uvnit\u0159 formik\u00e1ria. Ide\u00e1ln\u00ed tak\u00e9 pro pr\u00e1zdninovou sez\u00f3nu. Do nohou lze nyn\u00ed vlo\u017eit 2ml trubi\u010dky s mraven\u010d\u00ed potravou. D\u00edky hloubce vlo\u017een\u00ed lze d\u00e1vkovat libovoln\u00e9 mno\u017estv\u00ed potravy.<\/p>\n<p><strong>Barvy:<\/strong> transparentn\u00ed<\/p>","protected":false},"excerpt":{"rendered":"<p>Rozm\u011bry: 30x40x52 mm, 2 ml<\/p>","protected":false},"featured_media":3136,"comment_status":"open","ping_status":"closed","template":"","meta":{"_acf_changed":false,"content-type":"","_monsterinsights_skip_tracking":false,"_monsterinsights_sitenote_active":false,"_monsterinsights_sitenote_note":"","_monsterinsights_sitenote_category":0},"product_brand":[],"product_cat":[115,117],"product_tag":[],"class_list":{"0":"post-3087","1":"product","2":"type-product","3":"status-publish","4":"has-post-thumbnail","6":"product_cat-food-and-feeding","7":"product_cat-drinkers-for-ants","9":"first","10":"instock","11":"taxable","12":"shipping-taxable","13":"purchasable","14":"product-type-simple"},"acf":[],"aioseo_notices":[],"jetpack_sharing_enabled":true,"_links":{"self":[{"href":"https:\/\/antcube.shop\/cs\/wp-json\/wp\/v2\/product\/3087","targetHints":{"allow":["GET"]}}],"collection":[{"href":"https:\/\/antcube.shop\/cs\/wp-json\/wp\/v2\/product"}],"about":[{"href":"https:\/\/antcube.shop\/cs\/wp-json\/wp\/v2\/types\/product"}],"replies":[{"embeddable":true,"href":"https:\/\/antcube.shop\/cs\/wp-json\/wp\/v2\/comments?post=3087"}],"wp:featuredmedia":[{"embeddable":true,"href":"https:\/\/antcube.shop\/cs\/wp-json\/wp\/v2\/media\/3136"}],"wp:attachment":[{"href":"https:\/\/antcube.shop\/cs\/wp-json\/wp\/v2\/media?parent=3087"}],"wp:term":[{"taxonomy":"product_brand","embeddable":true,"href":"https:\/\/antcube.shop\/cs\/wp-json\/wp\/v2\/product_brand?post=3087"},{"taxonomy":"product_cat","embeddable":true,"href":"https:\/\/antcube.shop\/cs\/wp-json\/wp\/v2\/product_cat?post=3087"},{"taxonomy":"product_tag","embeddable":true,"href":"https:\/\/antcube.shop\/cs\/wp-json\/wp\/v2\/product_tag?post=3087"}],"curies":[{"name":"wp","href":"https:\/\/api.w.org\/{rel}","templated":true}]}}