{"id":3086,"date":"2021-10-21T12:58:59","date_gmt":"2021-10-21T10:58:59","guid":{"rendered":"https:\/\/antcube.shop\/produkt\/korkgranulat-fein-20g\/"},"modified":"2026-04-20T09:58:26","modified_gmt":"2026-04-20T07:58:26","slug":"korkgranulat-fein-20g","status":"publish","type":"product","link":"https:\/\/antcube.shop\/cs\/produkt\/korkgranulat-fein-20g\/","title":{"rendered":"Korkov\u00e9 granule jemn\u00e9 20g"},"content":{"rendered":"<p><strong>Obsah\/objem:<\/strong> 20g \/ ~200ml<\/p>\n<p><strong>Velikost zrn:<\/strong> 0,5 - 1 mm<\/p>\n<p><strong>Popis:<\/strong> Korkov\u00fd granul\u00e1t se z\u00edsk\u00e1v\u00e1 ze spodn\u00ed \u010d\u00e1sti k\u016fry korkov\u00fdch dub\u016f. Je to vynikaj\u00edc\u00ed a p\u0159irozen\u00fd formikariov\u00fd substr\u00e1t pro mnoho druh\u016f mravenc\u016f \u017eij\u00edc\u00edch v les\u00edch a savan\u00e1ch. Lze jej velmi dob\u0159e pou\u017e\u00edt jako v\u00fdpl\u0148ov\u00fd materi\u00e1l do korkov\u00fdch hn\u00edzd.<\/p>","protected":false},"excerpt":{"rendered":"<p><span style=\"color: #000000;\">Granulace: 0,5 - 1 mm<\/span><\/p>","protected":false},"featured_media":2995,"comment_status":"open","ping_status":"closed","template":"","meta":{"_acf_changed":false,"content-type":"","_monsterinsights_skip_tracking":false,"_monsterinsights_sitenote_active":false,"_monsterinsights_sitenote_note":"","_monsterinsights_sitenote_category":0},"product_brand":[],"product_cat":[240],"product_tag":[],"class_list":{"0":"post-3086","1":"product","2":"type-product","3":"status-publish","4":"has-post-thumbnail","6":"product_cat-cork-nest-filling","8":"first","9":"instock","10":"taxable","11":"shipping-taxable","12":"purchasable","13":"product-type-simple"},"acf":[],"aioseo_notices":[],"jetpack_sharing_enabled":true,"_links":{"self":[{"href":"https:\/\/antcube.shop\/cs\/wp-json\/wp\/v2\/product\/3086","targetHints":{"allow":["GET"]}}],"collection":[{"href":"https:\/\/antcube.shop\/cs\/wp-json\/wp\/v2\/product"}],"about":[{"href":"https:\/\/antcube.shop\/cs\/wp-json\/wp\/v2\/types\/product"}],"replies":[{"embeddable":true,"href":"https:\/\/antcube.shop\/cs\/wp-json\/wp\/v2\/comments?post=3086"}],"wp:featuredmedia":[{"embeddable":true,"href":"https:\/\/antcube.shop\/cs\/wp-json\/wp\/v2\/media\/2995"}],"wp:attachment":[{"href":"https:\/\/antcube.shop\/cs\/wp-json\/wp\/v2\/media?parent=3086"}],"wp:term":[{"taxonomy":"product_brand","embeddable":true,"href":"https:\/\/antcube.shop\/cs\/wp-json\/wp\/v2\/product_brand?post=3086"},{"taxonomy":"product_cat","embeddable":true,"href":"https:\/\/antcube.shop\/cs\/wp-json\/wp\/v2\/product_cat?post=3086"},{"taxonomy":"product_tag","embeddable":true,"href":"https:\/\/antcube.shop\/cs\/wp-json\/wp\/v2\/product_tag?post=3086"}],"curies":[{"name":"wp","href":"https:\/\/api.w.org\/{rel}","templated":true}]}}