{"id":2871,"date":"2021-10-13T18:46:51","date_gmt":"2021-10-13T16:46:51","guid":{"rendered":"https:\/\/antcube.shop\/produkt\/beckenverbinder-b-27-und-s-10-16-mm-m25-set\/"},"modified":"2026-04-04T20:31:08","modified_gmt":"2026-04-04T18:31:08","slug":"beckenverbinder-b-27-und-s-10-16-mm-m25-set","status":"publish","type":"product","link":"https:\/\/antcube.shop\/cs\/produkt\/beckenverbinder-b-27-und-s-10-16-mm-m25-set\/","title":{"rendered":"Spojka pro umyvadlo B-27 a S-10-16 mm M25 - sada"},"content":{"rendered":"<p><strong>Rozm\u011bry:<\/strong> pro otvor 27 a hadici 10-16 mm<\/p>\n<p><strong>Obsah:<\/strong><br \/>\n1x \u0161roubovac\u00ed adapt\u00e9r<br \/>\n1x pojistn\u00e1 matice<\/p>\n<p><strong>Popis:<\/strong> Tento konektor pro umyvadlo se zasune do otvoru a p\u0159i\u0161roubuje p\u0159ilo\u017eenou pojistnou matic\u00ed. T\u00edm je zaji\u0161t\u011bna odolnost proti vylomen\u00ed a spojen\u00ed bezpe\u010dn\u011b dr\u017e\u00ed i p\u0159i p\u0159emis\u0165ov\u00e1n\u00ed umyvadel. Na druh\u00e9m konci je vlo\u017eena vhodn\u00e1 hadice.<\/p>","protected":false},"excerpt":{"rendered":"<p>Rozm\u011bry: pro otvor 27 a hadici 10-16 mm Obsah: Popis: 1x \u0161roubovac\u00ed adapt\u00e9r 1x pojistn\u00e1 matice Tato spojka pro umyvadlo se zasune do otvoru a p\u0159i\u0161roubuje p\u0159ilo\u017eenou pojistnou matic\u00ed. T\u00edm je zaji\u0161t\u011bna odolnost spoje proti vylomen\u00ed a bezpe\u010dn\u011b dr\u017e\u00ed i p\u0159i p\u0159emis\u0165ov\u00e1n\u00ed umyvadel. Na druh\u00e9m konci se vlo\u017e\u00ed vhodn\u00e1 hadice.<\/p>","protected":false},"featured_media":2991,"comment_status":"open","ping_status":"closed","template":"","meta":{"_acf_changed":false,"content-type":"","_monsterinsights_skip_tracking":false,"_monsterinsights_sitenote_active":false,"_monsterinsights_sitenote_note":"","_monsterinsights_sitenote_category":0},"product_brand":[],"product_cat":[121],"product_tag":[],"class_list":{"0":"post-2871","1":"product","2":"type-product","3":"status-publish","4":"has-post-thumbnail","6":"product_cat-connectors","8":"first","9":"instock","10":"taxable","11":"shipping-taxable","12":"purchasable","13":"product-type-simple"},"acf":[],"aioseo_notices":[],"jetpack_sharing_enabled":true,"_links":{"self":[{"href":"https:\/\/antcube.shop\/cs\/wp-json\/wp\/v2\/product\/2871","targetHints":{"allow":["GET"]}}],"collection":[{"href":"https:\/\/antcube.shop\/cs\/wp-json\/wp\/v2\/product"}],"about":[{"href":"https:\/\/antcube.shop\/cs\/wp-json\/wp\/v2\/types\/product"}],"replies":[{"embeddable":true,"href":"https:\/\/antcube.shop\/cs\/wp-json\/wp\/v2\/comments?post=2871"}],"wp:featuredmedia":[{"embeddable":true,"href":"https:\/\/antcube.shop\/cs\/wp-json\/wp\/v2\/media\/2991"}],"wp:attachment":[{"href":"https:\/\/antcube.shop\/cs\/wp-json\/wp\/v2\/media?parent=2871"}],"wp:term":[{"taxonomy":"product_brand","embeddable":true,"href":"https:\/\/antcube.shop\/cs\/wp-json\/wp\/v2\/product_brand?post=2871"},{"taxonomy":"product_cat","embeddable":true,"href":"https:\/\/antcube.shop\/cs\/wp-json\/wp\/v2\/product_cat?post=2871"},{"taxonomy":"product_tag","embeddable":true,"href":"https:\/\/antcube.shop\/cs\/wp-json\/wp\/v2\/product_tag?post=2871"}],"curies":[{"name":"wp","href":"https:\/\/api.w.org\/{rel}","templated":true}]}}