{"id":2869,"date":"2021-10-13T18:46:31","date_gmt":"2021-10-13T16:46:31","guid":{"rendered":"https:\/\/antcube.shop\/produkt\/antcube-gipsnest-20x20-liegend\/"},"modified":"2026-03-30T20:07:30","modified_gmt":"2026-03-30T18:07:30","slug":"antcube-gipsnest-20x20-liegend","status":"publish","type":"product","link":"https:\/\/antcube.shop\/cs\/produkt\/antcube-gipsnest-20x20-liegend\/","title":{"rendered":"ANTCUBE - s\u00e1drov\u00e9 hn\u00edzdo 20\u00d720 - le\u017e\u00edc\u00ed"},"content":{"rendered":"<p><strong>Rozm\u011bry:<\/strong><br \/>\n<strong>S\u00e1drov\u00e9 hn\u00edzdo: <\/strong>190 x 190 x 20 mm<br \/>\n<strong>Sklen\u011bn\u00fd kryt:<\/strong> 179 x 179 x 4 mm<\/p>\n<p><strong>Materi\u00e1l:<\/strong> Om\u00edtka<\/p>\n<p><strong>Obsah:<\/strong><br \/>\n1x s\u00e1drov\u00e9 hn\u00edzdo 20\u00d720 se dv\u011bma p\u0159ipojovac\u00edmi z\u00e1suvkami M 10\/08<br \/>\n1x sklen\u011bn\u00fd kryt s 50mm otvorem<br \/>\n1x akryl - krou\u017eek 50 mm pro 27mm otvor<br \/>\n1x z\u00e1kladna pro formik\u00e1rium 20\u00d720<br \/>\n2x krytka m\u0159\u00ed\u017eky - 10 mm - nerezov\u00e1 ocel<br \/>\n1x m\u0159\u00ed\u017ekov\u00e1 vlo\u017eka - 27 mm - nerezov\u00e1 ocel<\/p>\n<p><strong>Popis:<\/strong> Na\u0161e s\u00e1drov\u00e9 hn\u00edzdo s prefabrikovan\u00fdmi chodbami a kom\u016frkami je vhodn\u00e9 pro mnoho druh\u016f mravenc\u016f, zejm\u00e9na pro druhy, kter\u00e9 si stav\u00ed hn\u00edzda ve velmi p\u00eds\u010dit\u00fdch nebo kamenit\u00fdch p\u016fd\u00e1ch. M\u00e1 dv\u011b spojovac\u00ed z\u00e1suvky jako p\u0159\u00edstup do hn\u00edzda. S\u00e1dra m\u00e1 vlastnost absorbovat vodu, tak\u017ee se v n\u00ed ukl\u00e1d\u00e1 ur\u010dit\u00e9 mno\u017estv\u00ed vlhkosti. P\u0159esto by se s\u00e1drov\u00e9 hn\u00edzdo nem\u011blo pou\u017e\u00edvat trvale vlhk\u00e9, proto\u017ee jinak m\u016f\u017ee doj\u00edt ke vzniku pl\u00edsn\u00ed (zbytky potravy nebo v\u00fdkaly mravenc\u016f). Proto by zde m\u011bly b\u00fdt pokud mo\u017eno chov\u00e1ny druhy ze sp\u00ed\u0161e such\u00fdch oblast\u00ed. Jednalo by se nap\u0159\u00edklad o druhy ze st\u0159edomo\u0159sk\u00fdch nebo pou\u0161tn\u00edch oblast\u00ed.<\/p>\n<p><strong>Pozn\u00e1mka:<\/strong> Vzhledem ke konstrukci nejsou vhodn\u00e9 pro velmi mal\u00e9 druhy (nap\u0159.: druhy rodu Pheidole, Temnothorax), mohou vznikat mezery 0,3 - 0,5 mm.<\/p>\n<p>Pozn\u00e1mka k p\u0159ipojovac\u00edm z\u00e1suvk\u00e1m<br \/>\nP\u0159i p\u0159ipojov\u00e1n\u00ed nebo odpojov\u00e1n\u00ed hadic dbejte na n\u00e1sleduj\u00edc\u00ed pokyny:<br \/>\nPokud je velmi obt\u00ed\u017en\u00e9 nasadit trubku na pouzdro konektoru, je t\u0159eba pouzdro lehce pot\u0159\u00edt kapkou na\u0161eho oleje nebo pr\u00e1\u0161ku na ochranu proti vylomen\u00ed. Pot\u00e9 by se m\u011bla hadice na pouzdro nasunout krou\u017eiv\u00fdmi nebo \u0161roubovac\u00edmi pohyby, ani\u017e by se pouzdro nam\u00e1halo pohyby nahoru a dol\u016f. Tot\u00e9\u017e plat\u00ed p\u0159i demont\u00e1\u017ei hadic z p\u0159ipojovac\u00edho pouzdra. Neodstra\u0148ujte je jednodu\u0161e!<\/p>\n<p>&nbsp;<\/p>\n<p>&nbsp;<\/p>","protected":false},"excerpt":{"rendered":"<p>Rozm\u011bry: S\u00e1drov\u00e9 hn\u00edzdo: 190 x 190 x 20 mm Sklen\u011bn\u00fd kryt: Materi\u00e1l: 179 x 179 x 4 mm Obsah: Sada obsahuje: 1x s\u00e1drov\u00e9 hn\u00edzdo 20\u00d720 se dv\u011bma p\u0159ipojovac\u00edmi z\u00e1suvkami M 10\/08 1x sklen\u011bn\u00fd kryt s otvorem 50mm 1x akryl\u00e1t - krou\u017eek 50mm pro otvor 27mm 1x z\u00e1kladna Formicarium 20\u00d720 2x krytka m\u0159\u00ed\u017eky - 10mm - nerezov\u00e1 ocel 1x [...]","protected":false},"featured_media":3194,"comment_status":"open","ping_status":"closed","template":"","meta":{"_acf_changed":false,"content-type":"","_monsterinsights_skip_tracking":false,"_monsterinsights_sitenote_active":false,"_monsterinsights_sitenote_note":"","_monsterinsights_sitenote_category":0},"product_brand":[],"product_cat":[80,86],"product_tag":[],"class_list":{"0":"post-2869","1":"product","2":"type-product","3":"status-publish","4":"has-post-thumbnail","6":"product_cat-antfarms","7":"product_cat-formicariums","9":"first","10":"instock","11":"taxable","12":"shipping-taxable","13":"purchasable","14":"product-type-simple"},"acf":[],"aioseo_notices":[],"jetpack_sharing_enabled":true,"_links":{"self":[{"href":"https:\/\/antcube.shop\/cs\/wp-json\/wp\/v2\/product\/2869","targetHints":{"allow":["GET"]}}],"collection":[{"href":"https:\/\/antcube.shop\/cs\/wp-json\/wp\/v2\/product"}],"about":[{"href":"https:\/\/antcube.shop\/cs\/wp-json\/wp\/v2\/types\/product"}],"replies":[{"embeddable":true,"href":"https:\/\/antcube.shop\/cs\/wp-json\/wp\/v2\/comments?post=2869"}],"wp:featuredmedia":[{"embeddable":true,"href":"https:\/\/antcube.shop\/cs\/wp-json\/wp\/v2\/media\/3194"}],"wp:attachment":[{"href":"https:\/\/antcube.shop\/cs\/wp-json\/wp\/v2\/media?parent=2869"}],"wp:term":[{"taxonomy":"product_brand","embeddable":true,"href":"https:\/\/antcube.shop\/cs\/wp-json\/wp\/v2\/product_brand?post=2869"},{"taxonomy":"product_cat","embeddable":true,"href":"https:\/\/antcube.shop\/cs\/wp-json\/wp\/v2\/product_cat?post=2869"},{"taxonomy":"product_tag","embeddable":true,"href":"https:\/\/antcube.shop\/cs\/wp-json\/wp\/v2\/product_tag?post=2869"}],"curies":[{"name":"wp","href":"https:\/\/api.w.org\/{rel}","templated":true}]}}