{"id":2868,"date":"2021-10-13T18:43:30","date_gmt":"2021-10-13T16:43:30","guid":{"rendered":"https:\/\/antcube.shop\/produkt\/antcube-gipsnest-20x20-stehend\/"},"modified":"2026-03-30T18:00:18","modified_gmt":"2026-03-30T16:00:18","slug":"antcube-gipsnest-20x20-stehend","status":"publish","type":"product","link":"https:\/\/antcube.shop\/cs\/produkt\/antcube-gipsnest-20x20-stehend\/","title":{"rendered":"ANTCUBE - S\u00e1drov\u00e9 hn\u00edzdo 20\u00d720 - stoj\u00edc\u00ed"},"content":{"rendered":"<p><strong>Rozm\u011bry:<\/strong> 182 x 159 x 19,5 mm<\/p>\n<p><strong>Materi\u00e1l:<\/strong> S\u00e1dra\/s\u00e1dra<\/p>\n<p>Vhodn\u00e9 pouze pro na\u0161e mraveni\u0161t\u011b <strong>L<\/strong><\/p>\n<p><strong>Popis:<\/strong> Na\u0161e s\u00e1drov\u00e9 hn\u00edzdo s prefabrikovan\u00fdmi chodbami a kom\u016frkami je vhodn\u00e9 pro mnoho druh\u016f mravenc\u016f, zejm\u00e9na pro druhy, kter\u00e9 si stav\u00ed hn\u00edzda ve velmi p\u00eds\u010dit\u00fdch nebo kamenit\u00fdch p\u016fd\u00e1ch. M\u00e1 otvor pro p\u0159\u00edstup do hn\u00edzda. S\u00e1dra m\u00e1 vlastnost absorbovat vodu, tak\u017ee se v n\u00ed uchov\u00e1v\u00e1 ur\u010dit\u00e9 mno\u017estv\u00ed vlhkosti. P\u0159esto by se s\u00e1drov\u00e9 hn\u00edzdo nem\u011blo pou\u017e\u00edvat trvale vlhk\u00e9, proto\u017ee jinak m\u016f\u017ee doj\u00edt ke vzniku pl\u00edsn\u00ed (zbytky potravy nebo v\u00fdkaly mravenc\u016f). Proto by zde m\u011bly b\u00fdt pokud mo\u017eno chov\u00e1ny druhy ze sp\u00ed\u0161e such\u00fdch oblast\u00ed. Jednalo by se nap\u0159\u00edklad o druhy ze st\u0159edomo\u0159sk\u00fdch nebo pou\u0161tn\u00edch oblast\u00ed.<\/p>\n<p>&nbsp;<\/p>","protected":false},"excerpt":{"rendered":"<p>Vhodn\u00e9 pouze pro na\u0161e mraveni\u0161t\u011b <strong>L<\/strong><\/p>","protected":false},"featured_media":351,"comment_status":"open","ping_status":"closed","template":"","meta":{"_acf_changed":false,"content-type":"","_monsterinsights_skip_tracking":false,"_monsterinsights_sitenote_active":false,"_monsterinsights_sitenote_note":"","_monsterinsights_sitenote_category":0},"product_brand":[],"product_cat":[87,90],"product_tag":[],"class_list":{"0":"post-2868","1":"product","2":"type-product","3":"status-publish","4":"has-post-thumbnail","6":"product_cat-nest-insets","7":"product_cat-gypsum","9":"first","10":"instock","11":"taxable","12":"shipping-taxable","13":"purchasable","14":"product-type-simple"},"acf":[],"aioseo_notices":[],"jetpack_sharing_enabled":true,"_links":{"self":[{"href":"https:\/\/antcube.shop\/cs\/wp-json\/wp\/v2\/product\/2868","targetHints":{"allow":["GET"]}}],"collection":[{"href":"https:\/\/antcube.shop\/cs\/wp-json\/wp\/v2\/product"}],"about":[{"href":"https:\/\/antcube.shop\/cs\/wp-json\/wp\/v2\/types\/product"}],"replies":[{"embeddable":true,"href":"https:\/\/antcube.shop\/cs\/wp-json\/wp\/v2\/comments?post=2868"}],"wp:featuredmedia":[{"embeddable":true,"href":"https:\/\/antcube.shop\/cs\/wp-json\/wp\/v2\/media\/351"}],"wp:attachment":[{"href":"https:\/\/antcube.shop\/cs\/wp-json\/wp\/v2\/media?parent=2868"}],"wp:term":[{"taxonomy":"product_brand","embeddable":true,"href":"https:\/\/antcube.shop\/cs\/wp-json\/wp\/v2\/product_brand?post=2868"},{"taxonomy":"product_cat","embeddable":true,"href":"https:\/\/antcube.shop\/cs\/wp-json\/wp\/v2\/product_cat?post=2868"},{"taxonomy":"product_tag","embeddable":true,"href":"https:\/\/antcube.shop\/cs\/wp-json\/wp\/v2\/product_tag?post=2868"}],"curies":[{"name":"wp","href":"https:\/\/api.w.org\/{rel}","templated":true}]}}