{"id":2866,"date":"2021-10-13T18:43:01","date_gmt":"2021-10-13T16:43:01","guid":{"rendered":"https:\/\/antcube.shop\/produkt\/antcube-rote-folie-20x20-selbstklebend\/"},"modified":"2025-10-19T21:05:19","modified_gmt":"2025-10-19T19:05:19","slug":"antcube-rote-folie-20x20-selbstklebend","status":"publish","type":"product","link":"https:\/\/antcube.shop\/cs\/produkt\/antcube-rote-folie-20x20-selbstklebend\/","title":{"rendered":"ANTCUBE - \u010cerven\u00e1 f\u00f3lie 20\u00d720 - samolepic\u00ed"},"content":{"rendered":"<p><strong>Rozm\u011bry:<\/strong> 19x19 cm<\/p>\n<p><strong>Materi\u00e1l:<\/strong> PVC<\/p>\n<p><strong>Popis:<\/strong> Samolepic\u00ed \u010derven\u00e1 pr\u016fhledn\u00e1 f\u00f3lie slou\u017e\u00ed k tomu, aby mravenci m\u011bli pocit, \u017ee jsou v podzem\u00ed. Proto doporu\u010dujeme pou\u017e\u00edt tento v\u00fdrobek alespo\u0148 \u010d\u00e1ste\u010dn\u011b v oblasti hn\u00edzda. P\u0159esto m\u016f\u017eete mravence v hn\u00edzd\u011b dob\u0159e pozorovat. P\u0159esn\u011b st\u0159i\u017een\u00e1 pro ANTCUBE \"Mraven\u010d\u00ed farma 20x20cm\". <strong>S\/M\/L<\/strong> - stoj\u00edc\u00ed\".<\/p>","protected":false},"excerpt":{"rendered":"<p>Rozm\u011bry: Rozm\u011bry: 29x29 cm\r\n\r\nMateri\u00e1l: MATERI\u00c1L: PVC\r\n\r\nMateri\u00e1l: PVC, PVC, PVC, PVC, PVC, PVC, PVC, PVC, PVC, PVC: PVC: Samolepic\u00ed \u010derven\u00e1 pr\u016fhledn\u00e1 f\u00f3lie slou\u017e\u00ed k tomu, aby mravenci m\u011bli pocit, \u017ee jsou v podzem\u00ed. Proto doporu\u010dujeme pou\u017e\u00edt tento v\u00fdrobek alespo\u0148 \u010d\u00e1ste\u010dn\u011b v prostoru hn\u00edzda. P\u0159esto m\u016f\u017eete mravence v hn\u00edzd\u011b dob\u0159e pozorovat. P\u0159esn\u011b st\u0159i\u017een\u00e1 na m\u00edru pro ANTCUBE \"Mraven\u010d\u00ed farma 30x30cm S\/M\/L - stoj\u00edc\u00ed\".<\/p>","protected":false},"featured_media":302,"comment_status":"open","ping_status":"closed","template":"","meta":{"_acf_changed":false,"content-type":"","_monsterinsights_skip_tracking":false,"_monsterinsights_sitenote_active":false,"_monsterinsights_sitenote_note":"","_monsterinsights_sitenote_category":0},"product_brand":[],"product_cat":[119,239],"product_tag":[],"class_list":{"0":"post-2866","1":"product","2":"type-product","3":"status-publish","4":"has-post-thumbnail","6":"product_cat-formicarium-components","7":"product_cat-useful-additions","9":"first","10":"outofstock","11":"taxable","12":"shipping-taxable","13":"purchasable","14":"product-type-simple"},"acf":[],"aioseo_notices":[],"jetpack_sharing_enabled":true,"_links":{"self":[{"href":"https:\/\/antcube.shop\/cs\/wp-json\/wp\/v2\/product\/2866","targetHints":{"allow":["GET"]}}],"collection":[{"href":"https:\/\/antcube.shop\/cs\/wp-json\/wp\/v2\/product"}],"about":[{"href":"https:\/\/antcube.shop\/cs\/wp-json\/wp\/v2\/types\/product"}],"replies":[{"embeddable":true,"href":"https:\/\/antcube.shop\/cs\/wp-json\/wp\/v2\/comments?post=2866"}],"wp:featuredmedia":[{"embeddable":true,"href":"https:\/\/antcube.shop\/cs\/wp-json\/wp\/v2\/media\/302"}],"wp:attachment":[{"href":"https:\/\/antcube.shop\/cs\/wp-json\/wp\/v2\/media?parent=2866"}],"wp:term":[{"taxonomy":"product_brand","embeddable":true,"href":"https:\/\/antcube.shop\/cs\/wp-json\/wp\/v2\/product_brand?post=2866"},{"taxonomy":"product_cat","embeddable":true,"href":"https:\/\/antcube.shop\/cs\/wp-json\/wp\/v2\/product_cat?post=2866"},{"taxonomy":"product_tag","embeddable":true,"href":"https:\/\/antcube.shop\/cs\/wp-json\/wp\/v2\/product_tag?post=2866"}],"curies":[{"name":"wp","href":"https:\/\/api.w.org\/{rel}","templated":true}]}}