{"id":2865,"date":"2021-10-13T18:42:51","date_gmt":"2021-10-13T16:42:51","guid":{"rendered":"https:\/\/antcube.shop\/produkt\/futterspender-2ml-dosierbar\/"},"modified":"2026-04-17T23:17:17","modified_gmt":"2026-04-17T21:17:17","slug":"futterspender-2ml-dosierbar","status":"publish","type":"product","link":"https:\/\/antcube.shop\/cs\/produkt\/futterspender-2ml-dosierbar\/","title":{"rendered":"D\u00e1vkova\u010d krmiva 2ml - d\u00e1vkovateln\u00fd"},"content":{"rendered":"<p><strong>Rozm\u011bry:<\/strong> 30x40x50 mm, 2 ml<\/p>\n<p><strong>Obsah:<\/strong><br \/>\n1x patka s 1x 2,5mm otvorem (lze d\u00e1vkovat 1-2 mm).<br \/>\n1x mraven\u010d\u00ed potrava v tub\u011b<\/p>\n<p><strong>Materi\u00e1l:<\/strong> PMMA, PS<\/p>\n<p><strong>Popis:<\/strong> Pomoc\u00ed tohoto d\u00e1vkova\u010de se mravenci uvnit\u0159 formik\u00e1ria mohou sami krmit nab\u00edzenou potravou. Ide\u00e1ln\u00ed tak\u00e9 pro pr\u00e1zdninovou sez\u00f3nu. Do z\u00e1kladny lze vlo\u017eit 2ml trubi\u010dky s mraven\u010d\u00ed potravou. D\u00edky hloubce zasunut\u00ed lze d\u00e1vkovat dostupn\u00e9 mno\u017estv\u00ed potravy. D\u00e1vkova\u010d s 2,5 mm \u0161irok\u00fdm v\u00fdvodem je vhodn\u00fd pro v\u0161echna na\u0161e krmiva v pr\u00e1\u0161kov\u00e9 form\u011b a tak\u00e9 pro sm\u011bsi drobn\u00fdch a medi\u00e1ln\u00edch zrn.<\/p>\n<p><strong>Barvy:<\/strong> transparentn\u00ed<\/p>","protected":false},"excerpt":{"rendered":"<p>Rozm\u011bry: 30x40x50 mm, 2 ml<\/p>","protected":false},"featured_media":306,"comment_status":"open","ping_status":"closed","template":"","meta":{"_acf_changed":false,"content-type":"","_monsterinsights_skip_tracking":false,"_monsterinsights_sitenote_active":false,"_monsterinsights_sitenote_note":"","_monsterinsights_sitenote_category":0},"product_brand":[],"product_cat":[115,118],"product_tag":[],"class_list":{"0":"post-2865","1":"product","2":"type-product","3":"status-publish","4":"has-post-thumbnail","6":"product_cat-food-and-feeding","7":"product_cat-feeding-bowls","9":"first","10":"instock","11":"taxable","12":"shipping-taxable","13":"purchasable","14":"product-type-simple"},"acf":[],"aioseo_notices":[],"jetpack_sharing_enabled":true,"_links":{"self":[{"href":"https:\/\/antcube.shop\/cs\/wp-json\/wp\/v2\/product\/2865","targetHints":{"allow":["GET"]}}],"collection":[{"href":"https:\/\/antcube.shop\/cs\/wp-json\/wp\/v2\/product"}],"about":[{"href":"https:\/\/antcube.shop\/cs\/wp-json\/wp\/v2\/types\/product"}],"replies":[{"embeddable":true,"href":"https:\/\/antcube.shop\/cs\/wp-json\/wp\/v2\/comments?post=2865"}],"wp:featuredmedia":[{"embeddable":true,"href":"https:\/\/antcube.shop\/cs\/wp-json\/wp\/v2\/media\/306"}],"wp:attachment":[{"href":"https:\/\/antcube.shop\/cs\/wp-json\/wp\/v2\/media?parent=2865"}],"wp:term":[{"taxonomy":"product_brand","embeddable":true,"href":"https:\/\/antcube.shop\/cs\/wp-json\/wp\/v2\/product_brand?post=2865"},{"taxonomy":"product_cat","embeddable":true,"href":"https:\/\/antcube.shop\/cs\/wp-json\/wp\/v2\/product_cat?post=2865"},{"taxonomy":"product_tag","embeddable":true,"href":"https:\/\/antcube.shop\/cs\/wp-json\/wp\/v2\/product_tag?post=2865"}],"curies":[{"name":"wp","href":"https:\/\/api.w.org\/{rel}","templated":true}]}}