{"id":2860,"date":"2021-10-13T18:42:02","date_gmt":"2021-10-13T16:42:02","guid":{"rendered":"https:\/\/antcube.shop\/produkt\/antcube-korknest-20x20-stehend\/"},"modified":"2026-04-06T20:03:14","modified_gmt":"2026-04-06T18:03:14","slug":"antcube-korknest-20x20-stehend","status":"publish","type":"product","link":"https:\/\/antcube.shop\/cs\/produkt\/antcube-korknest-20x20-stehend\/","title":{"rendered":"ANTCUBE - Korkov\u00e9 hn\u00edzdo 20\u00d720 - stoj\u00edc\u00ed"},"content":{"rendered":"<p><strong>Rozm\u011bry:<\/strong> 183 x 160 x 20 mm<\/p>\n<p><strong>Materi\u00e1l:<\/strong> Korek (jemn\u00fd)<\/p>\n<p>Vhodn\u00e9 pouze pro na\u0161e mraveni\u0161t\u011b <strong>L<\/strong><\/p>\n<p><strong>Popis:<\/strong> Toto korkov\u00e9 hn\u00edzdo s prefabrikovan\u00fdmi chodbami a kom\u016frkami je vhodn\u00e9 pro r\u016fzn\u00e9 druhy mravenc\u016f, zejm\u00e9na pro druhy hn\u00edzd\u00edc\u00ed v (mrtv\u00e9m) d\u0159ev\u011b. M\u00e1 otvor pro p\u0159\u00edstup do hn\u00edzda.<br \/>\nKorek je chemicky neutr\u00e1ln\u00ed. Jeho struktura je nejen nepropustn\u00e1 pro kapaliny, ale tak\u00e9 nevyvol\u00e1v\u00e1 \u017e\u00e1dn\u00e9 chemick\u00e9 reakce, a proto se nepo\u0161kozuje. P\u0159\u00edli\u0161n\u00e1 vlhkost v\u0161ak m\u016f\u017ee z dlouhodob\u00e9ho hlediska zp\u016fsobit hnilobu a sn\u00ed\u017eit \u017eivotnost hn\u00edzda. P\u0159esto je korek velmi odoln\u00fd v\u016f\u010di hnilob\u011b, napaden\u00ed houbami a pl\u00edsn\u011bmi. Je to d\u00e1no jeho povrchem a strukturou, kter\u00e9 neposkytuj\u00ed dobrou \u017eivnou p\u016fdu pro kolonizaci pl\u00edsn\u00ed. Zbytky potravy a exkrementy zv\u00ed\u0159at i jin\u00e9 organick\u00e9 l\u00e1tky v\u0161ak mohou r\u016fst pl\u00edsn\u00ed podporovat.<\/p>\n<p>Proto doporu\u010dujeme uchov\u00e1vat v korku p\u0159edev\u0161\u00edm druhy ze such\u00fdch oblast\u00ed. Druhy z vlhk\u00fdch stanovi\u0161\u0165 lze nicm\u00e9n\u011b v t\u00e9to sad\u011b uchov\u00e1vat, proto\u017ee hniloba nen\u00ed pro v\u011bt\u0161inu druh\u016f probl\u00e9mem. Tak\u00e9 mnoho mravenc\u016f ze severn\u00ed Evropy, jako Camponotus herculeanus nebo Formica fusca, \u017eije ve ztrouchniv\u011bl\u00e9m d\u0159ev\u011b.<\/p>\n<p>&nbsp;<\/p>","protected":false},"excerpt":{"rendered":"<p><strong>Hod\u00ed se pouze<\/strong> v na\u0161ich mraveni\u0161t\u00edch velikost <strong>L<\/strong><\/p>\n<p><strong>Rozm\u011bry:<\/strong> 183 x 160 x 20 mm<\/p>","protected":false},"featured_media":350,"comment_status":"open","ping_status":"closed","template":"","meta":{"_acf_changed":false,"content-type":"","_monsterinsights_skip_tracking":false,"_monsterinsights_sitenote_active":false,"_monsterinsights_sitenote_note":"","_monsterinsights_sitenote_category":0},"product_brand":[],"product_cat":[87,89],"product_tag":[],"class_list":{"0":"post-2860","1":"product","2":"type-product","3":"status-publish","4":"has-post-thumbnail","6":"product_cat-nest-insets","7":"product_cat-cork","9":"first","10":"instock","11":"taxable","12":"shipping-taxable","13":"purchasable","14":"product-type-simple"},"acf":[],"aioseo_notices":[],"jetpack_sharing_enabled":true,"_links":{"self":[{"href":"https:\/\/antcube.shop\/cs\/wp-json\/wp\/v2\/product\/2860","targetHints":{"allow":["GET"]}}],"collection":[{"href":"https:\/\/antcube.shop\/cs\/wp-json\/wp\/v2\/product"}],"about":[{"href":"https:\/\/antcube.shop\/cs\/wp-json\/wp\/v2\/types\/product"}],"replies":[{"embeddable":true,"href":"https:\/\/antcube.shop\/cs\/wp-json\/wp\/v2\/comments?post=2860"}],"wp:featuredmedia":[{"embeddable":true,"href":"https:\/\/antcube.shop\/cs\/wp-json\/wp\/v2\/media\/350"}],"wp:attachment":[{"href":"https:\/\/antcube.shop\/cs\/wp-json\/wp\/v2\/media?parent=2860"}],"wp:term":[{"taxonomy":"product_brand","embeddable":true,"href":"https:\/\/antcube.shop\/cs\/wp-json\/wp\/v2\/product_brand?post=2860"},{"taxonomy":"product_cat","embeddable":true,"href":"https:\/\/antcube.shop\/cs\/wp-json\/wp\/v2\/product_cat?post=2860"},{"taxonomy":"product_tag","embeddable":true,"href":"https:\/\/antcube.shop\/cs\/wp-json\/wp\/v2\/product_tag?post=2860"}],"curies":[{"name":"wp","href":"https:\/\/api.w.org\/{rel}","templated":true}]}}