{"id":2859,"date":"2021-10-13T18:41:44","date_gmt":"2021-10-13T16:41:44","guid":{"rendered":"https:\/\/antcube.shop\/produkt\/tranke-klar-20ml-schwamm\/"},"modified":"2026-04-19T22:20:20","modified_gmt":"2026-04-19T20:20:20","slug":"tranke-klar-20ml-schwamm","status":"publish","type":"product","link":"https:\/\/antcube.shop\/cs\/produkt\/tranke-klar-20ml-schwamm\/","title":{"rendered":"Pitn\u00fd \u017el\u00e1bek \u010dir\u00fd 20ml - houbi\u010dka"},"content":{"rendered":"<p><strong>Rozm\u011bry:<\/strong> 40x50x68 mm, 20 ml<\/p>\n<p><strong>Obsah:<\/strong><br \/>\n1x z\u00e1kladna se 4x 3mm otvory a integrovanou houbou.<br \/>\n1x n\u00e1dr\u017eka na vodu 62x22mm (20ml)<br \/>\n1x houba 30 mm<\/p>\n<p><strong>Materi\u00e1l:<\/strong> PS, PMMA, p\u011bna (extr\u00e9mn\u011b jemn\u011b p\u00f3rovit\u00e1 a sav\u00e1)<\/p>\n<p><strong>Popis:<\/strong> To mravenc\u016fm umo\u017e\u0148uje zajistit si ve formik\u00e1riu dostate\u010dnou vlhkost. Ide\u00e1ln\u00ed tak\u00e9 pro pr\u00e1zdninovou sez\u00f3nu. N\u00e1dr\u017eku na vodu o objemu 20 ml lze vlo\u017eit do nohy (Pozor: N\u00e1dr\u017eku nevkl\u00e1dejte celou, ale pouze do \u00farovn\u011b houby, abyste nep\u0159eru\u0161ili p\u0159\u00edvod vody). Houba s v\u011bt\u0161\u00edm pr\u016fm\u011brem ne\u017e p\u0159ilo\u017een\u00e1 n\u00e1dr\u017eka umo\u017e\u0148uje pronik\u00e1n\u00ed vlhkosti do podstavce. \u010cty\u0159i jemn\u00e9 18mm otvory v z\u00e1kladn\u011b um\u00edst\u011bn\u00e9 ve v\u0161ech \u010dty\u0159ech sv\u011btov\u00fdch stran\u00e1ch umo\u017e\u0148uj\u00ed krmen\u00ed koloni\u00ed s velk\u00fdm po\u010dtem zv\u00ed\u0159at. Odstran\u011bn\u00edm p\u011bny si zv\u00ed\u0159ata zajist\u00ed dostate\u010dn\u00fd p\u0159\u00edsun tekutiny.<\/p>\n<p><strong>Barvy:<\/strong> k\u0159i\u0161\u0165\u00e1lov\u011b \u010dist\u00fd, \u0161ed\u00fd<\/p>\n<p>&nbsp;<\/p>","protected":false},"excerpt":{"rendered":"<p><strong>Rozm\u011bry:<\/strong> 40x50x68 mm, 20 ml<\/p>","protected":false},"featured_media":3004,"comment_status":"open","ping_status":"closed","template":"","meta":{"_acf_changed":false,"content-type":"","_monsterinsights_skip_tracking":false,"_monsterinsights_sitenote_active":false,"_monsterinsights_sitenote_note":"","_monsterinsights_sitenote_category":0},"product_brand":[],"product_cat":[115,117],"product_tag":[],"class_list":{"0":"post-2859","1":"product","2":"type-product","3":"status-publish","4":"has-post-thumbnail","6":"product_cat-food-and-feeding","7":"product_cat-drinkers-for-ants","9":"first","10":"instock","11":"taxable","12":"shipping-taxable","13":"purchasable","14":"product-type-simple"},"acf":[],"aioseo_notices":[],"jetpack_sharing_enabled":true,"_links":{"self":[{"href":"https:\/\/antcube.shop\/cs\/wp-json\/wp\/v2\/product\/2859","targetHints":{"allow":["GET"]}}],"collection":[{"href":"https:\/\/antcube.shop\/cs\/wp-json\/wp\/v2\/product"}],"about":[{"href":"https:\/\/antcube.shop\/cs\/wp-json\/wp\/v2\/types\/product"}],"replies":[{"embeddable":true,"href":"https:\/\/antcube.shop\/cs\/wp-json\/wp\/v2\/comments?post=2859"}],"wp:featuredmedia":[{"embeddable":true,"href":"https:\/\/antcube.shop\/cs\/wp-json\/wp\/v2\/media\/3004"}],"wp:attachment":[{"href":"https:\/\/antcube.shop\/cs\/wp-json\/wp\/v2\/media?parent=2859"}],"wp:term":[{"taxonomy":"product_brand","embeddable":true,"href":"https:\/\/antcube.shop\/cs\/wp-json\/wp\/v2\/product_brand?post=2859"},{"taxonomy":"product_cat","embeddable":true,"href":"https:\/\/antcube.shop\/cs\/wp-json\/wp\/v2\/product_cat?post=2859"},{"taxonomy":"product_tag","embeddable":true,"href":"https:\/\/antcube.shop\/cs\/wp-json\/wp\/v2\/product_tag?post=2859"}],"curies":[{"name":"wp","href":"https:\/\/api.w.org\/{rel}","templated":true}]}}