{"id":2858,"date":"2021-10-13T18:41:35","date_gmt":"2021-10-13T16:41:35","guid":{"rendered":"https:\/\/antcube.shop\/produkt\/napf-klar-1x20-schwamm\/"},"modified":"2026-04-05T21:18:40","modified_gmt":"2026-04-05T19:18:40","slug":"napf-klar-1x20-schwamm","status":"publish","type":"product","link":"https:\/\/antcube.shop\/cs\/produkt\/napf-klar-1x20-schwamm\/","title":{"rendered":"Miska \u010dir\u00e1 1\u00d720 - houba"},"content":{"rendered":"<p><strong>Rozm\u011bry:<\/strong> 30 x 40 x 7 mm<\/p>\n<p><strong>Materi\u00e1l:<\/strong> PMMA, p\u011bna (extr\u00e9mn\u011b jemn\u011b p\u00f3rovit\u00e1 a sav\u00e1).<\/p>\n<p><strong>Popis:<\/strong> \u010ctvercov\u00e1 miska s krm\u00edtkem v\u010detn\u011b odpov\u00eddaj\u00edc\u00ed houby (ka\u017ed\u00e1 o pr\u016fm\u011bru 20 mm) pro krmen\u00ed.<\/p>","protected":false},"excerpt":{"rendered":"<p><strong>Rozm\u011bry:<\/strong> 30 x 40 mm, materi\u00e1l: akryl\u00e1tov\u00e9 sklo, p\u011bna (extr\u00e9mn\u011b jemn\u00e9 p\u00f3ry a absorpce)<\/p>","protected":false},"featured_media":304,"comment_status":"open","ping_status":"closed","template":"","meta":{"_acf_changed":false,"content-type":"","_monsterinsights_skip_tracking":false,"_monsterinsights_sitenote_active":false,"_monsterinsights_sitenote_note":"","_monsterinsights_sitenote_category":0},"product_brand":[],"product_cat":[115,118],"product_tag":[],"class_list":{"0":"post-2858","1":"product","2":"type-product","3":"status-publish","4":"has-post-thumbnail","6":"product_cat-food-and-feeding","7":"product_cat-feeding-bowls","9":"first","10":"instock","11":"taxable","12":"shipping-taxable","13":"purchasable","14":"product-type-simple"},"acf":[],"aioseo_notices":[],"jetpack_sharing_enabled":true,"_links":{"self":[{"href":"https:\/\/antcube.shop\/cs\/wp-json\/wp\/v2\/product\/2858","targetHints":{"allow":["GET"]}}],"collection":[{"href":"https:\/\/antcube.shop\/cs\/wp-json\/wp\/v2\/product"}],"about":[{"href":"https:\/\/antcube.shop\/cs\/wp-json\/wp\/v2\/types\/product"}],"replies":[{"embeddable":true,"href":"https:\/\/antcube.shop\/cs\/wp-json\/wp\/v2\/comments?post=2858"}],"wp:featuredmedia":[{"embeddable":true,"href":"https:\/\/antcube.shop\/cs\/wp-json\/wp\/v2\/media\/304"}],"wp:attachment":[{"href":"https:\/\/antcube.shop\/cs\/wp-json\/wp\/v2\/media?parent=2858"}],"wp:term":[{"taxonomy":"product_brand","embeddable":true,"href":"https:\/\/antcube.shop\/cs\/wp-json\/wp\/v2\/product_brand?post=2858"},{"taxonomy":"product_cat","embeddable":true,"href":"https:\/\/antcube.shop\/cs\/wp-json\/wp\/v2\/product_cat?post=2858"},{"taxonomy":"product_tag","embeddable":true,"href":"https:\/\/antcube.shop\/cs\/wp-json\/wp\/v2\/product_tag?post=2858"}],"curies":[{"name":"wp","href":"https:\/\/api.w.org\/{rel}","templated":true}]}}