{"id":2854,"date":"2021-10-13T18:40:55","date_gmt":"2021-10-13T16:40:55","guid":{"rendered":"https:\/\/antcube.shop\/produkt\/mini-thermo-hygrometer-analog-display-hangend\/"},"modified":"2026-04-07T11:39:23","modified_gmt":"2026-04-07T09:39:23","slug":"mini-thermo-hygrometr-analogovy-displej-zaveseny","status":"publish","type":"product","link":"https:\/\/antcube.shop\/cs\/produkt\/mini-thermo-hygrometr-analogovy-displej-zaveseny\/","title":{"rendered":"Miniaturn\u00ed teplom\u011br analogov\u00fd - displej - z\u00e1v\u011bsn\u00fd"},"content":{"rendered":"<p><strong>Rozm\u011bry:<\/strong> 75 mm x 45 mm, hloubka 20 mm<\/p>\n<p><strong>Materi\u00e1l:<\/strong> kov \/ akryl<\/p>\n<p><strong>Barva:<\/strong> kov, st\u0159\u00edbrn\u00e1 \/ pr\u016fhledn\u00e1<\/p>\n<p><strong>Obsah:<\/strong> 1x mini teplom\u011br analogov\u00fd kovov\u00fd - 25 mm, 1x mini vlhkom\u011br analogov\u00fd kovov\u00fd - 25 mm, 1x dr\u017e\u00e1k z akrylov\u00e9ho skla s v\u00fd\u0159ezy pro m\u011b\u0159ic\u00ed p\u0159\u00edstroje - 75x45 mm, 1x podstavec z akrylov\u00e9ho skla - 75x20 mm, 2x pr\u016fhledn\u00e9 lepic\u00ed podlo\u017eky - 30x20 mm.<\/p>\n<p><strong>Popis:<\/strong><br \/>\nSada se skl\u00e1d\u00e1 z analogov\u00e9ho teplom\u011bru a vlhkom\u011bru z kovu (25 mm), kter\u00e9 jsou vlo\u017eeny do sklen\u011bn\u00e9 akrylov\u00e9 desky (75x45 mm). Displej je p\u0159ipevn\u011bn pomoc\u00ed dvou pr\u016fhledn\u00fdch lepic\u00edch podlo\u017eek, kter\u00e9 lze pou\u017e\u00edt k p\u0159ipevn\u011bn\u00ed z\u00e1kladny (75x20 mm) nad hlavou na kryty nebo r\u00e1my.<\/p>\n<p><strong>N\u00e1pov\u011bda:<\/strong><br \/>\nM\u011b\u0159ic\u00ed p\u0159\u00edstroje na zadn\u00ed stran\u011b mus\u00ed z\u016fstat voln\u00e9, jinak m\u016f\u017ee doj\u00edt k chyb\u00e1m m\u011b\u0159en\u00ed.<\/p>\n<p><strong>P\u0159esnost:<\/strong> +\/- 2\u00b0C , +\/- 4\u00b0F<br \/>\n<strong>P\u0159esnost:<\/strong> +\/- 5%<\/p>","protected":false},"excerpt":{"rendered":"<p>Sada teplom\u011bru a vlhkom\u011bru z kovu (25 mm) vlo\u017een\u00e9ho do sklen\u011bn\u00e9 akrylov\u00e9 desky (75x45 mm)<\/p>","protected":false},"featured_media":311,"comment_status":"open","ping_status":"closed","template":"","meta":{"_acf_changed":false,"content-type":"","_monsterinsights_skip_tracking":false,"_monsterinsights_sitenote_active":false,"_monsterinsights_sitenote_note":"","_monsterinsights_sitenote_category":0},"product_brand":[],"product_cat":[119,239],"product_tag":[],"class_list":{"0":"post-2854","1":"product","2":"type-product","3":"status-publish","4":"has-post-thumbnail","6":"product_cat-formicarium-components","7":"product_cat-useful-additions","9":"first","10":"instock","11":"taxable","12":"shipping-taxable","13":"purchasable","14":"product-type-simple"},"acf":[],"aioseo_notices":[],"jetpack_sharing_enabled":true,"_links":{"self":[{"href":"https:\/\/antcube.shop\/cs\/wp-json\/wp\/v2\/product\/2854","targetHints":{"allow":["GET"]}}],"collection":[{"href":"https:\/\/antcube.shop\/cs\/wp-json\/wp\/v2\/product"}],"about":[{"href":"https:\/\/antcube.shop\/cs\/wp-json\/wp\/v2\/types\/product"}],"replies":[{"embeddable":true,"href":"https:\/\/antcube.shop\/cs\/wp-json\/wp\/v2\/comments?post=2854"}],"wp:featuredmedia":[{"embeddable":true,"href":"https:\/\/antcube.shop\/cs\/wp-json\/wp\/v2\/media\/311"}],"wp:attachment":[{"href":"https:\/\/antcube.shop\/cs\/wp-json\/wp\/v2\/media?parent=2854"}],"wp:term":[{"taxonomy":"product_brand","embeddable":true,"href":"https:\/\/antcube.shop\/cs\/wp-json\/wp\/v2\/product_brand?post=2854"},{"taxonomy":"product_cat","embeddable":true,"href":"https:\/\/antcube.shop\/cs\/wp-json\/wp\/v2\/product_cat?post=2854"},{"taxonomy":"product_tag","embeddable":true,"href":"https:\/\/antcube.shop\/cs\/wp-json\/wp\/v2\/product_tag?post=2854"}],"curies":[{"name":"wp","href":"https:\/\/api.w.org\/{rel}","templated":true}]}}