{"id":2852,"date":"2021-10-13T18:40:35","date_gmt":"2021-10-13T16:40:35","guid":{"rendered":"https:\/\/antcube.shop\/produkt\/gittereinsatz-27mm-edelstahl\/"},"modified":"2026-04-04T11:44:15","modified_gmt":"2026-04-04T09:44:15","slug":"gittereinsatz-27mm-edelstahl","status":"publish","type":"product","link":"https:\/\/antcube.shop\/cs\/produkt\/gittereinsatz-27mm-edelstahl\/","title":{"rendered":"M\u0159\u00ed\u017ekov\u00e1 vlo\u017eka - 27 mm - nerezov\u00e1 ocel"},"content":{"rendered":"<p><strong>Mno\u017estv\u00ed:<\/strong> 1 kus<\/p>\n<p><strong>Rozm\u011bry:<\/strong> 27 mm (vnit\u0159n\u00ed pr\u016fm\u011br), 33 \u00d7 4 mm (vn\u011bj\u0161\u00ed rozm\u011bry)<\/p>\n<p><strong>Barva:<\/strong> transparentn\u00ed<\/p>\n<p><strong>Materi\u00e1l:<\/strong> nerezov\u00e1 ocel, akryl<\/p>\n<p><strong>Popis:<\/strong><br \/>\nTuto m\u0159\u00ed\u017ekovou vlo\u017eku s velmi jemnou nerezovou m\u0159\u00ed\u017ekou (0,2 mm) lze vlo\u017eit do otvor\u016f o pr\u016fm\u011bru 27 mm a zaji\u0161\u0165uje dobr\u00e9 v\u011btr\u00e1n\u00ed formik\u00e1ria, ani\u017e by se mravenci mohli dostat ven.<br \/>\nV p\u0159\u00edpad\u011b bo\u010dn\u00edho upevn\u011bn\u00ed doporu\u010dujeme dodate\u010dn\u00e9 zaji\u0161t\u011bn\u00ed pomoc\u00ed komer\u010dn\u011b dostupn\u00fdch lepidel, aby se zabr\u00e1nilo vypadnut\u00ed v d\u016fsledku mo\u017en\u00fdch ot\u0159es\u016f.<\/p>\n<p><strong>Pozn\u00e1mka:<\/strong> Vhodn\u00e9 i pro velmi siln\u00e9 kousav\u00e9 druhy, jako jsou mravenci listono\u0161i!<\/p>","protected":false},"excerpt":{"rendered":"<p>Mno\u017estv\u00ed: Rozm\u011bry: 1 kus Barva: pr\u016fhledn\u00e1 Materi\u00e1l: nerezov\u00e1 ocel, akryl Popis: Vnit\u0159n\u00ed pr\u016fm\u011br 27 mm, vn\u011bj\u0161\u00ed rozm\u011bry 33x4 mm: Tato m\u0159\u00ed\u017ekov\u00e1 vlo\u017eka s velmi jemnou m\u0159\u00ed\u017ekou z nerezov\u00e9 oceli (0,2 mm) se vkl\u00e1d\u00e1 do otvor\u016f o pr\u016fm\u011bru 27 mm a zaji\u0161\u0165uje dobr\u00e9 v\u011btr\u00e1n\u00ed formik\u00e1ria, ani\u017e by se mravenci mohli dostat ven. V p\u0159\u00edpad\u011b bo\u010dn\u00edho uchycen\u00ed doporu\u010dujeme.","protected":false},"featured_media":337,"comment_status":"open","ping_status":"closed","template":"","meta":{"_acf_changed":false,"content-type":"","_monsterinsights_skip_tracking":false,"_monsterinsights_sitenote_active":false,"_monsterinsights_sitenote_note":"","_monsterinsights_sitenote_category":0},"product_brand":[],"product_cat":[238],"product_tag":[],"class_list":{"0":"post-2852","1":"product","2":"type-product","3":"status-publish","4":"has-post-thumbnail","6":"product_cat-grid-caps-plugs-and-inserts","8":"first","9":"instock","10":"taxable","11":"shipping-taxable","12":"purchasable","13":"product-type-simple"},"acf":[],"aioseo_notices":[],"jetpack_sharing_enabled":true,"_links":{"self":[{"href":"https:\/\/antcube.shop\/cs\/wp-json\/wp\/v2\/product\/2852","targetHints":{"allow":["GET"]}}],"collection":[{"href":"https:\/\/antcube.shop\/cs\/wp-json\/wp\/v2\/product"}],"about":[{"href":"https:\/\/antcube.shop\/cs\/wp-json\/wp\/v2\/types\/product"}],"replies":[{"embeddable":true,"href":"https:\/\/antcube.shop\/cs\/wp-json\/wp\/v2\/comments?post=2852"}],"wp:featuredmedia":[{"embeddable":true,"href":"https:\/\/antcube.shop\/cs\/wp-json\/wp\/v2\/media\/337"}],"wp:attachment":[{"href":"https:\/\/antcube.shop\/cs\/wp-json\/wp\/v2\/media?parent=2852"}],"wp:term":[{"taxonomy":"product_brand","embeddable":true,"href":"https:\/\/antcube.shop\/cs\/wp-json\/wp\/v2\/product_brand?post=2852"},{"taxonomy":"product_cat","embeddable":true,"href":"https:\/\/antcube.shop\/cs\/wp-json\/wp\/v2\/product_cat?post=2852"},{"taxonomy":"product_tag","embeddable":true,"href":"https:\/\/antcube.shop\/cs\/wp-json\/wp\/v2\/product_tag?post=2852"}],"curies":[{"name":"wp","href":"https:\/\/api.w.org\/{rel}","templated":true}]}}