{"id":2850,"date":"2021-10-13T18:40:15","date_gmt":"2021-10-13T16:40:15","guid":{"rendered":"https:\/\/antcube.shop\/produkt\/gitterkappe-16mm-edelstahl\/"},"modified":"2026-04-13T09:33:51","modified_gmt":"2026-04-13T07:33:51","slug":"gitterkappe-16mm-edelstahl","status":"publish","type":"product","link":"https:\/\/antcube.shop\/cs\/produkt\/gitterkappe-16mm-edelstahl\/","title":{"rendered":"M\u0159\u00ed\u017ekov\u00fd uz\u00e1v\u011br - 16 mm - nerezov\u00e1 ocel"},"content":{"rendered":"<p><strong>Mno\u017estv\u00ed:<\/strong> 1 kus<\/p>\n<p><strong>Rozm\u011bry:<\/strong> 16 mm (vnit\u0159n\u00ed pr\u016fm\u011br), 20 \u00d7 4 mm (vn\u011bj\u0161\u00ed rozm\u011bry)<\/p>\n<p><strong>Barva:<\/strong> transparentn\u00ed<\/p>\n<p><strong>Materi\u00e1l:<\/strong> nerezov\u00e1 ocel, akryl<\/p>\n<p><strong>Popis:<\/strong><br \/>\nTento m\u0159\u00ed\u017ekov\u00fd uz\u00e1v\u011br s velmi jemnou nerezovou m\u0159\u00ed\u017ekou (0,2 mm) lze nasadit na z\u00e1suvku, trubku nebo konec hadice a zaji\u0161\u0165uje dobr\u00e9 v\u011btr\u00e1n\u00ed formik\u00e1ria, ani\u017e by se mravenci mohli dostat ven. M\u0159\u00ed\u017eka z nerezov\u00e9 oceli i r\u00e1m z akrylov\u00e9ho skla jsou pr\u016fhledn\u00e9.<\/p>\n<p><strong>Pozn\u00e1mka:<\/strong> Vhodn\u00e9 i pro velmi siln\u00e9 kousav\u00e9 druhy, jako jsou mravenci listono\u0161i!<\/p>\n<p>&nbsp;<\/p>","protected":false},"excerpt":{"rendered":"<p>Mno\u017estv\u00ed: Rozm\u011bry: 1 kus Barva: pr\u016fhledn\u00e1 Materi\u00e1l: nerezov\u00e1 ocel, akryl Popis: Tento m\u0159\u00ed\u017ekov\u00fd uz\u00e1v\u011br s velmi jemnou nerezovou m\u0159\u00ed\u017ekou (0,2 mm) lze nasadit na z\u00e1suvku, trubku nebo konec hadice a zaji\u0161\u0165uje dobr\u00e9 v\u011btr\u00e1n\u00ed formik\u00e1ria, ani\u017e by se mravenci mohli dostat ven. Ob\u011b str\u00e1nky","protected":false},"featured_media":336,"comment_status":"open","ping_status":"closed","template":"","meta":{"_acf_changed":false,"content-type":"","_monsterinsights_skip_tracking":false,"_monsterinsights_sitenote_active":false,"_monsterinsights_sitenote_note":"","_monsterinsights_sitenote_category":0},"product_brand":[],"product_cat":[238],"product_tag":[],"class_list":{"0":"post-2850","1":"product","2":"type-product","3":"status-publish","4":"has-post-thumbnail","6":"product_cat-grid-caps-plugs-and-inserts","8":"first","9":"instock","10":"taxable","11":"shipping-taxable","12":"purchasable","13":"product-type-simple"},"acf":[],"aioseo_notices":[],"jetpack_sharing_enabled":true,"_links":{"self":[{"href":"https:\/\/antcube.shop\/cs\/wp-json\/wp\/v2\/product\/2850","targetHints":{"allow":["GET"]}}],"collection":[{"href":"https:\/\/antcube.shop\/cs\/wp-json\/wp\/v2\/product"}],"about":[{"href":"https:\/\/antcube.shop\/cs\/wp-json\/wp\/v2\/types\/product"}],"replies":[{"embeddable":true,"href":"https:\/\/antcube.shop\/cs\/wp-json\/wp\/v2\/comments?post=2850"}],"wp:featuredmedia":[{"embeddable":true,"href":"https:\/\/antcube.shop\/cs\/wp-json\/wp\/v2\/media\/336"}],"wp:attachment":[{"href":"https:\/\/antcube.shop\/cs\/wp-json\/wp\/v2\/media?parent=2850"}],"wp:term":[{"taxonomy":"product_brand","embeddable":true,"href":"https:\/\/antcube.shop\/cs\/wp-json\/wp\/v2\/product_brand?post=2850"},{"taxonomy":"product_cat","embeddable":true,"href":"https:\/\/antcube.shop\/cs\/wp-json\/wp\/v2\/product_cat?post=2850"},{"taxonomy":"product_tag","embeddable":true,"href":"https:\/\/antcube.shop\/cs\/wp-json\/wp\/v2\/product_tag?post=2850"}],"curies":[{"name":"wp","href":"https:\/\/api.w.org\/{rel}","templated":true}]}}