{"id":2848,"date":"2021-10-13T18:39:56","date_gmt":"2021-10-13T16:39:56","guid":{"rendered":"https:\/\/antcube.shop\/produkt\/tranke-2ml-360-grad\/"},"modified":"2026-04-05T12:30:25","modified_gmt":"2026-04-05T10:30:25","slug":"tranke-2ml-360-grad","status":"publish","type":"product","link":"https:\/\/antcube.shop\/cs\/produkt\/tranke-2ml-360-grad\/","title":{"rendered":"Nap\u00e1jec\u00ed \u017el\u00e1bek 2ml - 360 stup\u0148\u016f"},"content":{"rendered":"<p><strong>Rozm\u011bry:<\/strong> 30x40x52 mm, 2 ml<\/p>\n<p><strong>Obsah:<\/strong><br \/>\n1x patka s 24x 0,5mm otvory<br \/>\n1x mraven\u010d\u00ed potrava v tub\u011b<\/p>\n<p><strong>Materi\u00e1l:<\/strong> PLA, PS, PMMA<\/p>\n<p><strong>Popis:<\/strong> To mravenc\u016fm umo\u017e\u0148uje zajistit si dostatek vlhkosti uvnit\u0159 formik\u00e1ria. Ide\u00e1ln\u00ed tak\u00e9 pro pr\u00e1zdninovou sez\u00f3nu. Do nohou lze nyn\u00ed vlo\u017eit 2ml trubi\u010dky s mraven\u010d\u00ed potravou. D\u00edky 24 jemn\u00fdm 0,5mm otvor\u016fm um\u00edst\u011bn\u00fdm v \u00fahlu 360\u00b0 lze z\u00e1sobovat kolonie s velmi po\u010detn\u00fdmi i velmi mal\u00fdmi druhy.<\/p>\n<p><strong>Barva:<\/strong> transparentn\u00ed<\/p>\n<p>&nbsp;<\/p>","protected":false},"excerpt":{"rendered":"<p>Rozm\u011bry: 30x40x52 mm, 2 ml<\/p>","protected":false},"featured_media":305,"comment_status":"open","ping_status":"closed","template":"","meta":{"_acf_changed":false,"content-type":"","_monsterinsights_skip_tracking":false,"_monsterinsights_sitenote_active":false,"_monsterinsights_sitenote_note":"","_monsterinsights_sitenote_category":0},"product_brand":[],"product_cat":[115,117],"product_tag":[],"class_list":{"0":"post-2848","1":"product","2":"type-product","3":"status-publish","4":"has-post-thumbnail","6":"product_cat-food-and-feeding","7":"product_cat-drinkers-for-ants","9":"first","10":"instock","11":"taxable","12":"shipping-taxable","13":"purchasable","14":"product-type-simple"},"acf":[],"aioseo_notices":[],"jetpack_sharing_enabled":true,"_links":{"self":[{"href":"https:\/\/antcube.shop\/cs\/wp-json\/wp\/v2\/product\/2848","targetHints":{"allow":["GET"]}}],"collection":[{"href":"https:\/\/antcube.shop\/cs\/wp-json\/wp\/v2\/product"}],"about":[{"href":"https:\/\/antcube.shop\/cs\/wp-json\/wp\/v2\/types\/product"}],"replies":[{"embeddable":true,"href":"https:\/\/antcube.shop\/cs\/wp-json\/wp\/v2\/comments?post=2848"}],"wp:featuredmedia":[{"embeddable":true,"href":"https:\/\/antcube.shop\/cs\/wp-json\/wp\/v2\/media\/305"}],"wp:attachment":[{"href":"https:\/\/antcube.shop\/cs\/wp-json\/wp\/v2\/media?parent=2848"}],"wp:term":[{"taxonomy":"product_brand","embeddable":true,"href":"https:\/\/antcube.shop\/cs\/wp-json\/wp\/v2\/product_brand?post=2848"},{"taxonomy":"product_cat","embeddable":true,"href":"https:\/\/antcube.shop\/cs\/wp-json\/wp\/v2\/product_cat?post=2848"},{"taxonomy":"product_tag","embeddable":true,"href":"https:\/\/antcube.shop\/cs\/wp-json\/wp\/v2\/product_tag?post=2848"}],"curies":[{"name":"wp","href":"https:\/\/api.w.org\/{rel}","templated":true}]}}