{"id":2842,"date":"2021-10-13T18:37:40","date_gmt":"2021-10-13T16:37:40","guid":{"rendered":"https:\/\/antcube.shop\/produkt\/ameisenarena-rahmen-20x20\/"},"modified":"2026-04-05T21:18:11","modified_gmt":"2026-04-05T19:18:11","slug":"ameisenarena-rahmen-20x20","status":"publish","type":"product","link":"https:\/\/antcube.shop\/cs\/produkt\/ameisenarena-rahmen-20x20\/","title":{"rendered":"R\u00e1m mraveni\u0161t\u011b 20\u00d720"},"content":{"rendered":"<p><strong>Rozm\u011bry (Dx\u0160xV):<\/strong> 20x20x0,4 cm<\/p>\n<p><strong>Materi\u00e1l:<\/strong> floatov\u00e9 sklo<\/p>\n<p><strong>Barva:<\/strong> k\u0159i\u0161\u0165\u00e1lov\u011b \u010dist\u00fd \/ pr\u016fhledn\u00fd<\/p>\n<p><strong>Obsah:<\/strong><br \/>\n1x r\u00e1m mraveni\u0161t\u011b<\/p>\n<p><strong>Popis:<\/strong><br \/>\nR\u00e1m ze skla pro mraveni\u0161t\u011b jako ochrana proti vloup\u00e1n\u00ed.<\/p>\n<p><strong>Pou\u017eit\u00ed:<\/strong><br \/>\nR\u00e1m mraveni\u0161t\u011b je sklen\u011bn\u00fd r\u00e1m, kter\u00fd se um\u00edst\u00ed na mraveni\u0161t\u011b a ze spodn\u00ed strany se opat\u0159\u00ed ochranou proti vylomen\u00ed (olej, pr\u00e1\u0161ek nebo lak), \u010d\u00edm\u017e se zabr\u00e1n\u00ed vylomen\u00ed mravenc\u016f.<\/p>\n<p><strong>Upozorn\u011bn\u00ed:<\/strong><br \/>\nJeliko\u017e je v\u00fdrobek vyroben ze skla, a je tedy citliv\u00fd, je t\u0159eba s n\u00edm zach\u00e1zet velmi opatrn\u011b. Sklo se brous\u00ed podle normy DIN 1249 s toleranc\u00ed +\/- 1 mm. U extr\u00e9mn\u011b mal\u00fdch druh\u016f mravenc\u016f je nezbytn\u00e1 dodate\u010dn\u00e1 ochrana proti prora\u017een\u00ed.<\/p>\n<p>&nbsp;<\/p>","protected":false},"excerpt":{"rendered":"<p>Rozm\u011bry (Dx\u0160xV): 20x20x0,4 cm Materi\u00e1l: plaven\u00e9 sklo Barva: k\u0159i\u0161\u0165\u00e1lov\u011b \u010dir\u00e1 \/ pr\u016fhledn\u00e1 Obsah: Obsahuje: 1x r\u00e1me\u010dek na mraveni\u0161t\u011b Popis: R\u00e1me\u010dek ze skla pro mraveni\u0161t\u011b jako ochrana proti prora\u017een\u00ed. Pou\u017eit\u00ed: Sada je ur\u010dena pro mraveni\u0161t\u011b: R\u00e1m mraveni\u0161t\u011b je r\u00e1m ze skla, kter\u00fd se umis\u0165uje na mraveni\u0161t\u011b a je opat\u0159en ochranou proti rozbit\u00ed.","protected":false},"featured_media":332,"comment_status":"open","ping_status":"closed","template":"","meta":{"_acf_changed":false,"content-type":"","_monsterinsights_skip_tracking":false,"_monsterinsights_sitenote_active":false,"_monsterinsights_sitenote_note":"","_monsterinsights_sitenote_category":0},"product_brand":[],"product_cat":[91,93],"product_tag":[],"class_list":{"0":"post-2842","1":"product","2":"type-product","3":"status-publish","4":"has-post-thumbnail","6":"product_cat-formicarium-modules","7":"product_cat-arena-frame","9":"first","10":"instock","11":"taxable","12":"shipping-taxable","13":"purchasable","14":"product-type-simple"},"acf":[],"aioseo_notices":[],"jetpack_sharing_enabled":true,"_links":{"self":[{"href":"https:\/\/antcube.shop\/cs\/wp-json\/wp\/v2\/product\/2842","targetHints":{"allow":["GET"]}}],"collection":[{"href":"https:\/\/antcube.shop\/cs\/wp-json\/wp\/v2\/product"}],"about":[{"href":"https:\/\/antcube.shop\/cs\/wp-json\/wp\/v2\/types\/product"}],"replies":[{"embeddable":true,"href":"https:\/\/antcube.shop\/cs\/wp-json\/wp\/v2\/comments?post=2842"}],"wp:featuredmedia":[{"embeddable":true,"href":"https:\/\/antcube.shop\/cs\/wp-json\/wp\/v2\/media\/332"}],"wp:attachment":[{"href":"https:\/\/antcube.shop\/cs\/wp-json\/wp\/v2\/media?parent=2842"}],"wp:term":[{"taxonomy":"product_brand","embeddable":true,"href":"https:\/\/antcube.shop\/cs\/wp-json\/wp\/v2\/product_brand?post=2842"},{"taxonomy":"product_cat","embeddable":true,"href":"https:\/\/antcube.shop\/cs\/wp-json\/wp\/v2\/product_cat?post=2842"},{"taxonomy":"product_tag","embeddable":true,"href":"https:\/\/antcube.shop\/cs\/wp-json\/wp\/v2\/product_tag?post=2842"}],"curies":[{"name":"wp","href":"https:\/\/api.w.org\/{rel}","templated":true}]}}