{"id":2841,"date":"2021-10-13T18:37:30","date_gmt":"2021-10-13T16:37:30","guid":{"rendered":"https:\/\/antcube.shop\/produkt\/food-mix-set-standard\/"},"modified":"2026-04-06T22:38:13","modified_gmt":"2026-04-06T20:38:13","slug":"food-mix-set-standard","status":"publish","type":"product","link":"https:\/\/antcube.shop\/cs\/produkt\/food-mix-set-standard\/","title":{"rendered":"Sada potravinov\u00fdch sm\u011bs\u00ed - standardn\u00ed"},"content":{"rendered":"<p><strong>Obsah:<\/strong> 2 ml na p\u0159\u00edvodn\u00ed hadi\u010dku<br \/>\n2x proteinov\u00e1 v\u00fd\u017eiva (PP)<br \/>\n2x b\u00edlkovinn\u00e1 potrava FD hmyz (PI)<br \/>\n2x sacharidov\u00e1 potravina (K)<br \/>\n2x ovocn\u00e1 v\u00fd\u017eiva (F)<br \/>\n2x roztok cukrov\u00e9ho medu (ZH)<br \/>\n1x houba<\/p>\n<p><span data-text-color=\"alert\"><strong>Pozor:<\/strong> <\/span>Pr\u00e1\u0161ek pros\u00edm sm\u00edchejte s kapkou vody, proto\u017ee such\u00fd ho zv\u00ed\u0159ata nep\u0159ij\u00edmaj\u00ed!<\/p>\n<p><strong>Popis:<\/strong><br \/>\nJedn\u00e1 se o sadu krmiv pro r\u016fzn\u00e9 druhy mravenc\u016f, kte\u0159\u00ed se \u017eiv\u00ed sacharidy a b\u00edlkovinami. Obsahuje v\u0161e, co mravenci pot\u0159ebuj\u00ed pro vyv\u00e1\u017eenou stravu. Proto\u017ee jsou jednotliv\u00e9 krmn\u00e9 d\u00e1vky napln\u011bny v samostatn\u00fdch tub\u00e1ch, lze je snadno d\u00e1vkovat. B\u00edlkovinnou, sacharidovou a ovocnou potravu doporu\u010dujeme minim\u00e1ln\u011b navlh\u010dit trochou vody. T\u00edm se tak\u00e9 zabr\u00e1n\u00ed vyt\u00e9k\u00e1n\u00ed pr\u00e1\u0161ku p\u0159i pou\u017eit\u00ed ve \"st\u0159edov\u00e9m\" formik\u00e1riu v otvoru.<\/p>\n<p><strong>Pou\u017eit\u00ed\/aplikace:<\/strong><br \/>\nB\u00edlkovinn\u00e1 potrava = pro hmyzo\u017erav\u00e9 druhy mravenc\u016f (Eulipotyphla).<br \/>\nJedn\u00e1 se o dopl\u0148kov\u00e9 krmivo (krmnou sm\u011bs).<br \/>\nM\u011bla by b\u00fdt sm\u00edch\u00e1na s kapkou vody a pak m\u016f\u017ee b\u00fdt uchov\u00e1v\u00e1na pouze 1 den, kdy\u017e je mokr\u00e1. P\u0159ed op\u011btovn\u00fdm pou\u017eit\u00edm d\u016fkladn\u011b vy\u010dist\u011bte krmnou misku\/tubu.<br \/>\nOtev\u0159en\u00e9 balen\u00ed by se m\u011blo pou\u017e\u00edvat dob\u0159e uzav\u0159en\u00e9 (pokud je skladov\u00e1no v suchu) a\u017e do uveden\u00e9ho data pou\u017eitelnosti.<\/p>\n<p>B\u00edlkovinn\u00e9 krmivo FD = pro hmyzo\u017erav\u00e9 druhy mravenc\u016f (Eulipotyphla)<br \/>\nJedn\u00e1 se o dopl\u0148kov\u00e9 krmivo (krmnou sm\u011bs).<br \/>\nM\u011bla by b\u00fdt sm\u00edch\u00e1na s kapkou vody a pak m\u016f\u017ee b\u00fdt uchov\u00e1v\u00e1na pouze 1 den, kdy\u017e je mokr\u00e1. P\u0159ed op\u011btovn\u00fdm pou\u017eit\u00edm d\u016fkladn\u011b vy\u010dist\u011bte krmnou misku\/tubu.<br \/>\nOtev\u0159en\u00e9 balen\u00ed by se m\u011blo pou\u017e\u00edvat dob\u0159e uzav\u0159en\u00e9 (pokud je skladov\u00e1no v suchu) a\u017e do uveden\u00e9ho data pou\u017eitelnosti.<\/p>\n<p>Sacharidov\u00e1 potrava = pro druhy mravenc\u016f \u017eiv\u00edc\u00ed se cukrem\/medem<br \/>\nJedn\u00e1 se o dopl\u0148kov\u00e9 krmivo (krmnou sm\u011bs).<br \/>\nLze jej sm\u00edchat s kapkou vody a po navlh\u010den\u00ed m\u00e1 trvanlivost 3 dny. P\u0159ed op\u011btovn\u00fdm pou\u017eit\u00edm d\u016fkladn\u011b vy\u010dist\u011bte krmnou misku\/tubu.<br \/>\nOtev\u0159en\u00e9 balen\u00ed je t\u0159eba pou\u017e\u00edt dob\u0159e uzav\u0159en\u00e9 (pokud je skladov\u00e1no v suchu) do uveden\u00e9ho data pou\u017eitelnosti.<\/p>\n<p>Ovocn\u00e1 potrava = pro druhy mravenc\u016f \u017eiv\u00edc\u00edch se ovocem (frugivory)<br \/>\nJedn\u00e1 se o dopl\u0148kov\u00e9 krmivo (jednor\u00e1zov\u00e9 krmivo).<br \/>\nLze jej sm\u00edchat s kapkou vody a ve vlhk\u00e9m stavu m\u00e1 trvanlivost 3 dny. P\u0159ed op\u011btovn\u00fdm pou\u017eit\u00edm d\u016fkladn\u011b vy\u010dist\u011bte krmnou misku\/tubu.<br \/>\nOtev\u0159en\u00e9 balen\u00ed je t\u0159eba pou\u017e\u00edt dob\u0159e uzav\u0159en\u00e9 (pokud je skladov\u00e1no v suchu) do uveden\u00e9ho data pou\u017eitelnosti.<\/p>\n<p>Roztok cukru a medu = pro druhy mravenc\u016f \u017eiv\u00edc\u00ed se cukrem\/medem.<br \/>\nJedn\u00e1 se o dopl\u0148kov\u00e9 krmivo (krmnou sm\u011bs).<br \/>\nZv\u00ed\u0159at\u016fm ji lze nab\u00eddnout v dodan\u00e9m stavu. Vzhledem k tomu, \u017ee vlhkost sni\u017euje koncentraci cukru a za\u010d\u00edn\u00e1 proces kva\u0161en\u00ed, je t\u0159eba krmivo ka\u017ed\u00e9 3 dny vym\u011bnit. P\u0159ed op\u011btovn\u00fdm pou\u017eit\u00edm d\u016fkladn\u011b vy\u010dist\u011bte krmnou misku\/tubu.<br \/>\nOtev\u0159en\u00e9 balen\u00ed by se m\u011blo pou\u017e\u00edvat t\u011bsn\u011b uzav\u0159en\u00e9 a\u017e do uveden\u00e9ho data pou\u017eitelnosti.<\/p>\n<p><strong>Upozorn\u011bn\u00ed:<\/strong><br \/>\nInformace o tom, jak pou\u017e\u00edvat v\u00fd\u017eivov\u00e9 trubice, naleznete zde: Odkaz<br \/>\nKompletn\u00ed krmivo pro hmyzo\u017erav\u00e9 mravence.<br \/>\nSlo\u017een\u00ed, analytick\u00e9 slo\u017eky, datum pou\u017eitelnosti a \u010d\u00edslo \u0161ar\u017ee najdete v p\u0159\u00edbalov\u00e9m let\u00e1ku.<\/p>\n<p>Informa\u010dn\u00ed linka +49 30 439703870<\/p>\n<p>Odpov\u011bdn\u00fd org\u00e1n veterin\u00e1rn\u00edho a potravin\u00e1\u0159sk\u00e9ho dozoru:<br \/>\nVeterin\u00e1rn\u00ed kancel\u00e1\u0159 Steglitz<br \/>\nK\u00f6nigin-Luise-Str. 92<br \/>\n14195 Berl\u00edn<\/p>","protected":false},"excerpt":{"rendered":"<p>Kompletn\u00ed krmivo<\/p>","protected":false},"featured_media":309,"comment_status":"open","ping_status":"closed","template":"","meta":{"_acf_changed":false,"content-type":"","_monsterinsights_skip_tracking":false,"_monsterinsights_sitenote_active":false,"_monsterinsights_sitenote_note":"","_monsterinsights_sitenote_category":0},"product_brand":[],"product_cat":[115,116],"product_tag":[],"class_list":{"0":"post-2841","1":"product","2":"type-product","3":"status-publish","4":"has-post-thumbnail","6":"product_cat-food-and-feeding","7":"product_cat-food","9":"first","10":"instock","11":"taxable","12":"shipping-taxable","13":"purchasable","14":"product-type-simple"},"acf":[],"aioseo_notices":[],"jetpack_sharing_enabled":true,"_links":{"self":[{"href":"https:\/\/antcube.shop\/cs\/wp-json\/wp\/v2\/product\/2841","targetHints":{"allow":["GET"]}}],"collection":[{"href":"https:\/\/antcube.shop\/cs\/wp-json\/wp\/v2\/product"}],"about":[{"href":"https:\/\/antcube.shop\/cs\/wp-json\/wp\/v2\/types\/product"}],"replies":[{"embeddable":true,"href":"https:\/\/antcube.shop\/cs\/wp-json\/wp\/v2\/comments?post=2841"}],"wp:featuredmedia":[{"embeddable":true,"href":"https:\/\/antcube.shop\/cs\/wp-json\/wp\/v2\/media\/309"}],"wp:attachment":[{"href":"https:\/\/antcube.shop\/cs\/wp-json\/wp\/v2\/media?parent=2841"}],"wp:term":[{"taxonomy":"product_brand","embeddable":true,"href":"https:\/\/antcube.shop\/cs\/wp-json\/wp\/v2\/product_brand?post=2841"},{"taxonomy":"product_cat","embeddable":true,"href":"https:\/\/antcube.shop\/cs\/wp-json\/wp\/v2\/product_cat?post=2841"},{"taxonomy":"product_tag","embeddable":true,"href":"https:\/\/antcube.shop\/cs\/wp-json\/wp\/v2\/product_tag?post=2841"}],"curies":[{"name":"wp","href":"https:\/\/api.w.org\/{rel}","templated":true}]}}