{"id":2840,"date":"2021-10-13T18:37:21","date_gmt":"2021-10-13T16:37:21","guid":{"rendered":"https:\/\/antcube.shop\/produkt\/bodengrund-wuste-1-kg\/"},"modified":"2026-04-11T13:49:11","modified_gmt":"2026-04-11T11:49:11","slug":"bodengrund-wuste-1-kg","status":"publish","type":"product","link":"https:\/\/antcube.shop\/cs\/produkt\/bodengrund-wuste-1-kg\/","title":{"rendered":"Substr\u00e1t - pou\u0161\u0165 - 1 kg"},"content":{"rendered":"<p><strong>Obsah:<\/strong> 1 kg<\/p>\n<p><strong>Materi\u00e1l:<\/strong> p\u00edsek, kameny, hl\u00edna<\/p>\n<p><strong>Barva:<\/strong> b\u00e9\u017eov\u00e1<\/p>\n<p><strong>Popis:<\/strong> Tato pou\u0161tn\u00ed p\u016fda se skl\u00e1d\u00e1 p\u0159ev\u00e1\u017en\u011b z p\u00edsku, hl\u00edny a n\u011bkolika kamen\u016f.<br \/>\nJe to p\u0159irozen\u00e1 p\u016fda pro v\u0161echny druhy mravenc\u016f \u017eij\u00edc\u00edch v pou\u0161tn\u00edch nebo st\u0159edomo\u0159sk\u00fdch oblastech.<\/p>\n<p><strong>Pou\u017eit\u00ed:<\/strong> pro hn\u00edzdo a ar\u00e9nu lze pou\u017e\u00edt hrabanou zeminu!<\/p>\n<p><strong>Pozn\u00e1mka:<\/strong> proto\u017ee se jedn\u00e1 o \u010dist\u011b p\u0159\u00edrodn\u00ed produkt, mohou se vyskytnout drobn\u00e9 rozd\u00edly v barv\u011b a struktu\u0159e, kter\u00e9 nem\u016f\u017eeme ovlivnit.<\/p>\n<p><strong>D\u016fle\u017eit\u00e9:<\/strong> P\u0159ed pou\u017eit\u00edm substr\u00e1t navlh\u010dete, aby se sm\u011bs mohla spojit a v mraveni\u0161ti se pevn\u011b uchytila. P\u0159\u00edli\u0161 such\u00fd a pra\u0161n\u00fd substr\u00e1t m\u016f\u017ee nav\u00edc zp\u016fsobit ucp\u00e1n\u00ed d\u00fdchac\u00edch cest mravenc\u016f a v nejhor\u0161\u00edm p\u0159\u00edpad\u011b udu\u0161en\u00ed zv\u00ed\u0159at.<\/p>","protected":false},"excerpt":{"rendered":"<p>P\u0159\u00edrodn\u00ed zvl\u00e1\u0161tn\u00ed stanovi\u0161t\u011b p\u016fda\/substr\u00e1t<\/p>","protected":false},"featured_media":5509,"comment_status":"open","ping_status":"closed","template":"","meta":{"_acf_changed":false,"content-type":"","_monsterinsights_skip_tracking":false,"_monsterinsights_sitenote_active":false,"_monsterinsights_sitenote_note":"","_monsterinsights_sitenote_category":0},"product_brand":[],"product_cat":[96],"product_tag":[],"class_list":{"0":"post-2840","1":"product","2":"type-product","3":"status-publish","4":"has-post-thumbnail","6":"product_cat-soil","8":"first","9":"instock","10":"taxable","11":"shipping-taxable","12":"purchasable","13":"product-type-simple"},"acf":[],"aioseo_notices":[],"jetpack_sharing_enabled":true,"_links":{"self":[{"href":"https:\/\/antcube.shop\/cs\/wp-json\/wp\/v2\/product\/2840","targetHints":{"allow":["GET"]}}],"collection":[{"href":"https:\/\/antcube.shop\/cs\/wp-json\/wp\/v2\/product"}],"about":[{"href":"https:\/\/antcube.shop\/cs\/wp-json\/wp\/v2\/types\/product"}],"replies":[{"embeddable":true,"href":"https:\/\/antcube.shop\/cs\/wp-json\/wp\/v2\/comments?post=2840"}],"wp:featuredmedia":[{"embeddable":true,"href":"https:\/\/antcube.shop\/cs\/wp-json\/wp\/v2\/media\/5509"}],"wp:attachment":[{"href":"https:\/\/antcube.shop\/cs\/wp-json\/wp\/v2\/media?parent=2840"}],"wp:term":[{"taxonomy":"product_brand","embeddable":true,"href":"https:\/\/antcube.shop\/cs\/wp-json\/wp\/v2\/product_brand?post=2840"},{"taxonomy":"product_cat","embeddable":true,"href":"https:\/\/antcube.shop\/cs\/wp-json\/wp\/v2\/product_cat?post=2840"},{"taxonomy":"product_tag","embeddable":true,"href":"https:\/\/antcube.shop\/cs\/wp-json\/wp\/v2\/product_tag?post=2840"}],"curies":[{"name":"wp","href":"https:\/\/api.w.org\/{rel}","templated":true}]}}