{"id":2839,"date":"2021-10-13T18:37:12","date_gmt":"2021-10-13T16:37:12","guid":{"rendered":"https:\/\/antcube.shop\/produkt\/bodengrund-regenwald-1-kg\/"},"modified":"2026-04-16T12:33:07","modified_gmt":"2026-04-16T10:33:07","slug":"bodengrund-regenwald-1-kg","status":"publish","type":"product","link":"https:\/\/antcube.shop\/cs\/produkt\/bodengrund-regenwald-1-kg\/","title":{"rendered":"Substr\u00e1t - Rainforest - 1 kg"},"content":{"rendered":"<p><strong>Obsah:<\/strong> 1 kg<\/p>\n<p><strong>Materi\u00e1l:<\/strong> p\u00edsek, ra\u0161elina, humus, j\u00edl<\/p>\n<p><strong>Barva:<\/strong> hn\u011bd\u00e1, b\u00e9\u017eov\u00e1<\/p>\n<p><strong>Popis:<\/strong> Tato p\u0159\u00edrodn\u00ed p\u016fda de\u0161tn\u00e9ho pralesa se skl\u00e1d\u00e1 ze sm\u011bsi p\u00edsku, ra\u0161eliny, humusu a j\u00edlu.<br \/>\nM\u00e1 o n\u011bco ni\u017e\u0161\u00ed obsah j\u00edlu ne\u017e b\u011b\u017en\u00e1 p\u016fda v de\u0161tn\u00e9m pralese, ale d\u00edky tomu se v n\u00ed mravenc\u016fm l\u00e9pe kope a mravenci ji mnohem l\u00e9pe p\u0159ij\u00edmaj\u00ed. Je vhodn\u00e1 pro v\u0161echny druhy mravenc\u016f \u017eij\u00edc\u00edch v p\u016fd\u011b de\u0161tn\u00e9ho pralesa nebo obecn\u011b na vlhk\u00fdch tropick\u00fdch stanovi\u0161t\u00edch.<\/p>\n<p><strong>Pou\u017eit\u00ed:<\/strong> Hl\u00ednu lze pou\u017e\u00edt pro hn\u00edzdo a ar\u00e9nu!<\/p>\n<p><strong>Pozn\u00e1mka:<\/strong> proto\u017ee se jedn\u00e1 o \u010dist\u011b p\u0159\u00edrodn\u00ed produkt, mohou se vyskytnout drobn\u00e9 rozd\u00edly v barv\u011b a struktu\u0159e, kter\u00e9 nem\u016f\u017eeme ovlivnit.<\/p>\n<p><strong>D\u016fle\u017eit\u00e9:<\/strong> P\u0159ed pou\u017eit\u00edm substr\u00e1t navlh\u010dete, aby se sm\u011bs mohla spojit a v mraveni\u0161ti se pevn\u011b uchytila. P\u0159\u00edli\u0161 such\u00fd a pra\u0161n\u00fd substr\u00e1t m\u016f\u017ee nav\u00edc zp\u016fsobit ucp\u00e1n\u00ed d\u00fdchac\u00edch cest mravenc\u016f a v nejhor\u0161\u00edm p\u0159\u00edpad\u011b udu\u0161en\u00ed zv\u00ed\u0159at.<\/p>","protected":false},"excerpt":{"rendered":"<p>P\u0159\u00edrodn\u00ed zvl\u00e1\u0161tn\u00ed stanovi\u0161t\u011b p\u016fda\/substr\u00e1t<\/p>","protected":false},"featured_media":5501,"comment_status":"open","ping_status":"closed","template":"","meta":{"_acf_changed":false,"content-type":"","_monsterinsights_skip_tracking":false,"_monsterinsights_sitenote_active":false,"_monsterinsights_sitenote_note":"","_monsterinsights_sitenote_category":0},"product_brand":[],"product_cat":[96],"product_tag":[],"class_list":{"0":"post-2839","1":"product","2":"type-product","3":"status-publish","4":"has-post-thumbnail","6":"product_cat-soil","8":"first","9":"instock","10":"taxable","11":"shipping-taxable","12":"purchasable","13":"product-type-simple"},"acf":[],"aioseo_notices":[],"jetpack_sharing_enabled":true,"_links":{"self":[{"href":"https:\/\/antcube.shop\/cs\/wp-json\/wp\/v2\/product\/2839","targetHints":{"allow":["GET"]}}],"collection":[{"href":"https:\/\/antcube.shop\/cs\/wp-json\/wp\/v2\/product"}],"about":[{"href":"https:\/\/antcube.shop\/cs\/wp-json\/wp\/v2\/types\/product"}],"replies":[{"embeddable":true,"href":"https:\/\/antcube.shop\/cs\/wp-json\/wp\/v2\/comments?post=2839"}],"wp:featuredmedia":[{"embeddable":true,"href":"https:\/\/antcube.shop\/cs\/wp-json\/wp\/v2\/media\/5501"}],"wp:attachment":[{"href":"https:\/\/antcube.shop\/cs\/wp-json\/wp\/v2\/media?parent=2839"}],"wp:term":[{"taxonomy":"product_brand","embeddable":true,"href":"https:\/\/antcube.shop\/cs\/wp-json\/wp\/v2\/product_brand?post=2839"},{"taxonomy":"product_cat","embeddable":true,"href":"https:\/\/antcube.shop\/cs\/wp-json\/wp\/v2\/product_cat?post=2839"},{"taxonomy":"product_tag","embeddable":true,"href":"https:\/\/antcube.shop\/cs\/wp-json\/wp\/v2\/product_tag?post=2839"}],"curies":[{"name":"wp","href":"https:\/\/api.w.org\/{rel}","templated":true}]}}