{"id":2831,"date":"2021-10-13T18:35:55","date_gmt":"2021-10-13T16:35:55","guid":{"rendered":"https:\/\/antcube.shop\/produkt\/formicarienkappe-fur-10mm-buchse\/"},"modified":"2026-04-09T09:31:57","modified_gmt":"2026-04-09T07:31:57","slug":"formicarienkappe-fur-10mm-buchse","status":"publish","type":"product","link":"https:\/\/antcube.shop\/cs\/produkt\/formicarienkappe-fur-10mm-buchse\/","title":{"rendered":"V\u00ed\u010dko formik\u00e1ria pro 10mm n\u00e1str\u010dku"},"content":{"rendered":"<p><strong>Mno\u017estv\u00ed:<\/strong> 1 kus<\/p>\n<p><strong>Rozm\u011bry:<\/strong> 11 x 11 mm<\/p>\n<p><strong>Materi\u00e1l:<\/strong> PE plast<\/p>\n<p><strong>Barva:<\/strong> pr\u016fhledn\u00fd, ml\u00e9\u010dn\u00fd<\/p>\n<p><strong>Popis:<\/strong> Pro uzav\u00edr\u00e1n\u00ed 10mm z\u00e1suvek, nap\u0159. p\u0159ipojovac\u00edch z\u00e1suvek na\u0161ich M-Antfarms.<\/p>","protected":false},"excerpt":{"rendered":"<p>Mno\u017estv\u00ed: Rozm\u011bry: 1 kus Materi\u00e1l: 11 x 11 mm: Barva: pr\u016fhledn\u00e1, ml\u00e9\u010dn\u00e1 Popis: 11 mm, 11 mm, 11 mm, 11 mm: Pro uzav\u00edr\u00e1n\u00ed 10mm z\u00e1suvek, nap\u0159. p\u0159ipojovac\u00edch z\u00e1suvek na\u0161ich M-Antfarms.<\/p>","protected":false},"featured_media":340,"comment_status":"open","ping_status":"closed","template":"","meta":{"_acf_changed":false,"content-type":"","_monsterinsights_skip_tracking":false,"_monsterinsights_sitenote_active":false,"_monsterinsights_sitenote_note":"","_monsterinsights_sitenote_category":0},"product_brand":[],"product_cat":[238],"product_tag":[],"class_list":{"0":"post-2831","1":"product","2":"type-product","3":"status-publish","4":"has-post-thumbnail","6":"product_cat-grid-caps-plugs-and-inserts","8":"first","9":"instock","10":"taxable","11":"shipping-taxable","12":"purchasable","13":"product-type-simple"},"acf":[],"aioseo_notices":[],"jetpack_sharing_enabled":true,"_links":{"self":[{"href":"https:\/\/antcube.shop\/cs\/wp-json\/wp\/v2\/product\/2831","targetHints":{"allow":["GET"]}}],"collection":[{"href":"https:\/\/antcube.shop\/cs\/wp-json\/wp\/v2\/product"}],"about":[{"href":"https:\/\/antcube.shop\/cs\/wp-json\/wp\/v2\/types\/product"}],"replies":[{"embeddable":true,"href":"https:\/\/antcube.shop\/cs\/wp-json\/wp\/v2\/comments?post=2831"}],"wp:featuredmedia":[{"embeddable":true,"href":"https:\/\/antcube.shop\/cs\/wp-json\/wp\/v2\/media\/340"}],"wp:attachment":[{"href":"https:\/\/antcube.shop\/cs\/wp-json\/wp\/v2\/media?parent=2831"}],"wp:term":[{"taxonomy":"product_brand","embeddable":true,"href":"https:\/\/antcube.shop\/cs\/wp-json\/wp\/v2\/product_brand?post=2831"},{"taxonomy":"product_cat","embeddable":true,"href":"https:\/\/antcube.shop\/cs\/wp-json\/wp\/v2\/product_cat?post=2831"},{"taxonomy":"product_tag","embeddable":true,"href":"https:\/\/antcube.shop\/cs\/wp-json\/wp\/v2\/product_tag?post=2831"}],"curies":[{"name":"wp","href":"https:\/\/api.w.org\/{rel}","templated":true}]}}