{"id":2829,"date":"2021-10-13T18:35:37","date_gmt":"2021-10-13T16:35:37","guid":{"rendered":"https:\/\/antcube.shop\/produkt\/formicarienstopfen-fur-50mm-bohrung\/"},"modified":"2026-05-12T09:47:29","modified_gmt":"2026-05-12T07:47:29","slug":"formicarienstopfen-fur-50mm-bohrung","status":"publish","type":"product","link":"https:\/\/antcube.shop\/cs\/produkt\/formicarienstopfen-fur-50mm-bohrung\/","title":{"rendered":"Formik\u00e1\u0159ov\u00e1 z\u00e1tka pro 50mm otvor"},"content":{"rendered":"<p><strong>Mno\u017estv\u00ed:<\/strong> 1 kus<\/p>\n<p><strong>Rozm\u011bry:<\/strong> 59 x 10 mm<\/p>\n<p><strong>Materi\u00e1l:<\/strong> PE plast<\/p>\n<p><strong>Barva:<\/strong> pr\u016fhledn\u00fd, ml\u00e9\u010dn\u00fd<\/p>\n<p><strong>Popis:<\/strong> K uzav\u00edr\u00e1n\u00ed kulat\u00fdch otvor\u016f ve formik\u00e1ri\u00edch o pr\u016fm\u011bru 50 mm.<\/p>\n<p><strong>Voliteln\u011b s otvorem:<\/strong><br \/>\n- 20mm otvor je vhodn\u00fd pro konektory trubek n\u00e1dr\u017ee 27 mm - 14, 16, 20 mm - pr\u016fhledn\u00e9.<br \/>\n- 27mm otvor je vhodn\u00fd pro 3\/4 palce a M25 kov\u00e1n\u00ed<\/p>","protected":false},"excerpt":{"rendered":"<p>Mno\u017estv\u00ed: Rozm\u011bry: 1 kus 59 x 10 mm Materi\u00e1l: Barva: pr\u016fhledn\u00e1, ml\u00e9\u010dn\u00e1 Popis: Pro uzav\u0159en\u00ed kulat\u00fdch otvor\u016f ve formik\u00e1ri\u00edch o pr\u016fm\u011bru 50 mm. Voliteln\u011b s otvorem: - otvor 20 mm se hod\u00ed pro spojky trubek n\u00e1dr\u017ee 27 mm - 14, 16, 20 mm - pr\u016fhledn\u00e9. - 27mm otvor se hod\u00ed pro 3\/4 palcov\u00e9 a M25 \u0161rouben\u00ed.<\/p>","protected":false},"featured_media":343,"comment_status":"open","ping_status":"closed","template":"","meta":{"_acf_changed":false,"content-type":"","_monsterinsights_skip_tracking":false,"_monsterinsights_sitenote_active":false,"_monsterinsights_sitenote_note":"","_monsterinsights_sitenote_category":0},"product_brand":[],"product_cat":[238],"product_tag":[],"class_list":{"0":"post-2829","1":"product","2":"type-product","3":"status-publish","4":"has-post-thumbnail","6":"product_cat-grid-caps-plugs-and-inserts","8":"first","9":"instock","10":"taxable","11":"shipping-taxable","12":"purchasable","13":"product-type-simple"},"acf":[],"aioseo_notices":[],"jetpack_sharing_enabled":true,"_links":{"self":[{"href":"https:\/\/antcube.shop\/cs\/wp-json\/wp\/v2\/product\/2829","targetHints":{"allow":["GET"]}}],"collection":[{"href":"https:\/\/antcube.shop\/cs\/wp-json\/wp\/v2\/product"}],"about":[{"href":"https:\/\/antcube.shop\/cs\/wp-json\/wp\/v2\/types\/product"}],"replies":[{"embeddable":true,"href":"https:\/\/antcube.shop\/cs\/wp-json\/wp\/v2\/comments?post=2829"}],"wp:featuredmedia":[{"embeddable":true,"href":"https:\/\/antcube.shop\/cs\/wp-json\/wp\/v2\/media\/343"}],"wp:attachment":[{"href":"https:\/\/antcube.shop\/cs\/wp-json\/wp\/v2\/media?parent=2829"}],"wp:term":[{"taxonomy":"product_brand","embeddable":true,"href":"https:\/\/antcube.shop\/cs\/wp-json\/wp\/v2\/product_brand?post=2829"},{"taxonomy":"product_cat","embeddable":true,"href":"https:\/\/antcube.shop\/cs\/wp-json\/wp\/v2\/product_cat?post=2829"},{"taxonomy":"product_tag","embeddable":true,"href":"https:\/\/antcube.shop\/cs\/wp-json\/wp\/v2\/product_tag?post=2829"}],"curies":[{"name":"wp","href":"https:\/\/api.w.org\/{rel}","templated":true}]}}