{"id":2828,"date":"2021-10-13T18:35:27","date_gmt":"2021-10-13T16:35:27","guid":{"rendered":"https:\/\/antcube.shop\/produkt\/formicarienstopfen-fur-27mm-bohrung\/"},"modified":"2026-04-04T20:31:08","modified_gmt":"2026-04-04T18:31:08","slug":"formicarienstopfen-fur-27mm-bohrung","status":"publish","type":"product","link":"https:\/\/antcube.shop\/cs\/produkt\/formicarienstopfen-fur-27mm-bohrung\/","title":{"rendered":"Formik\u00e1\u0159ov\u00e1 z\u00e1tka pro 27mm otvor"},"content":{"rendered":"<p><strong>Mno\u017estv\u00ed:<\/strong> 1 kus<\/p>\n<p><strong>Rozm\u011bry:<\/strong> 31 x 10 mm<\/p>\n<p><strong>Materi\u00e1l:<\/strong> PE plast<\/p>\n<p><strong>Barva:<\/strong> pr\u016fhledn\u00fd, ml\u00e9\u010dn\u00fd<\/p>\n<p><strong>Popis:<\/strong> K uzav\u00edr\u00e1n\u00ed kulat\u00fdch otvor\u016f ve formik\u00e1ri\u00edch o pr\u016fm\u011bru 27 mm.<br \/>\nZa p\u0159\u00edplatek nab\u00edz\u00edme tak\u00e9 vy\u0159ez\u00e1n\u00ed otvor\u016f v z\u00e1tce na p\u0159\u00e1n\u00ed.<\/p>","protected":false},"excerpt":{"rendered":"<p>Mno\u017estv\u00ed: Rozm\u011bry: 1 kus Materi\u00e1l: 31 x 10 mm: Barva: pr\u016fhledn\u00e1, ml\u00e9\u010dn\u00e1 Popis: 10 mm, 10 mm, 10 mm, 10 mm, 10 mm, 10 mm, 10 mm, 10 mm: Pro uzav\u0159en\u00ed kulat\u00fdch otvor\u016f ve formik\u00e1ri\u00edch o pr\u016fm\u011bru 27 mm. Za p\u0159\u00edplatek nab\u00edz\u00edme tak\u00e9 vy\u0159\u00edznut\u00ed otvor\u016f v z\u00e1tce na p\u0159\u00e1n\u00ed.<\/p>","protected":false},"featured_media":342,"comment_status":"open","ping_status":"closed","template":"","meta":{"_acf_changed":false,"content-type":"","_monsterinsights_skip_tracking":false,"_monsterinsights_sitenote_active":false,"_monsterinsights_sitenote_note":"","_monsterinsights_sitenote_category":0},"product_brand":[],"product_cat":[238],"product_tag":[],"class_list":{"0":"post-2828","1":"product","2":"type-product","3":"status-publish","4":"has-post-thumbnail","6":"product_cat-grid-caps-plugs-and-inserts","8":"first","9":"instock","10":"taxable","11":"shipping-taxable","12":"purchasable","13":"product-type-simple"},"acf":[],"aioseo_notices":[],"jetpack_sharing_enabled":true,"_links":{"self":[{"href":"https:\/\/antcube.shop\/cs\/wp-json\/wp\/v2\/product\/2828","targetHints":{"allow":["GET"]}}],"collection":[{"href":"https:\/\/antcube.shop\/cs\/wp-json\/wp\/v2\/product"}],"about":[{"href":"https:\/\/antcube.shop\/cs\/wp-json\/wp\/v2\/types\/product"}],"replies":[{"embeddable":true,"href":"https:\/\/antcube.shop\/cs\/wp-json\/wp\/v2\/comments?post=2828"}],"wp:featuredmedia":[{"embeddable":true,"href":"https:\/\/antcube.shop\/cs\/wp-json\/wp\/v2\/media\/342"}],"wp:attachment":[{"href":"https:\/\/antcube.shop\/cs\/wp-json\/wp\/v2\/media?parent=2828"}],"wp:term":[{"taxonomy":"product_brand","embeddable":true,"href":"https:\/\/antcube.shop\/cs\/wp-json\/wp\/v2\/product_brand?post=2828"},{"taxonomy":"product_cat","embeddable":true,"href":"https:\/\/antcube.shop\/cs\/wp-json\/wp\/v2\/product_cat?post=2828"},{"taxonomy":"product_tag","embeddable":true,"href":"https:\/\/antcube.shop\/cs\/wp-json\/wp\/v2\/product_tag?post=2828"}],"curies":[{"name":"wp","href":"https:\/\/api.w.org\/{rel}","templated":true}]}}