{"id":2827,"date":"2021-10-13T18:34:47","date_gmt":"2021-10-13T16:34:47","guid":{"rendered":"https:\/\/antcube.shop\/produkt\/antcube-arena-20x20x20-wurfel\/"},"modified":"2026-04-24T20:41:10","modified_gmt":"2026-04-24T18:41:10","slug":"antcube-arena-20x20x20-wurfel","status":"publish","type":"product","link":"https:\/\/antcube.shop\/cs\/produkt\/antcube-arena-20x20x20-wurfel\/","title":{"rendered":"ANTCUBE - Arena 20x20x20 - Kostka"},"content":{"rendered":"<p><strong>Rozm\u011bry:<\/strong> 200 x 200 x 200 mm; tlou\u0161\u0165ka skla 4 mm<\/p>\n<p><strong>Materi\u00e1l:<\/strong> floatov\u00e9 sklo<\/p>\n<p><strong>P\u0159ipojen\u00ed:<\/strong> 2x otvor 27 mm<\/p>\n<p><strong>Popis:<\/strong><br \/>\nSklen\u011bn\u00e1 umyvadlov\u00e1 kostka 20x20x20 cm s vrt\u00e1n\u00edm 2x 27 mm.<br \/>\nVrt\u00e1n\u00ed (st\u0159edov\u00fd bod) je ve v\u00fd\u0161ce 3 cm.<\/p>\n<p><strong>Pozn\u00e1mka:<\/strong> Sklo je brou\u0161eno podle normy DIN 1249 s toleranc\u00ed +\/- 1 mm. Pro extr\u00e9mn\u011b mal\u00e9 druhy mravenc\u016f je nezbytn\u00e1 dodate\u010dn\u00e1 ochrana proti vylomen\u00ed.<\/p>\n<p>&nbsp;<\/p>","protected":false},"excerpt":{"rendered":"<p>P\u0159ipojen\u00ed: 2x otvor 27 mm<br \/>\nVelikost: <strong>S<\/strong>, <strong>M<\/strong>, <strong>L<\/strong>, <strong>XL<\/strong><\/p>","protected":false},"featured_media":331,"comment_status":"open","ping_status":"closed","template":"","meta":{"_acf_changed":false,"content-type":"","_monsterinsights_skip_tracking":false,"_monsterinsights_sitenote_active":false,"_monsterinsights_sitenote_note":"","_monsterinsights_sitenote_category":0},"product_brand":[],"product_cat":[85,86],"product_tag":[],"class_list":{"0":"post-2827","1":"product","2":"type-product","3":"status-publish","4":"has-post-thumbnail","6":"product_cat-ant-arenas","7":"product_cat-formicariums","9":"first","10":"instock","11":"taxable","12":"shipping-taxable","13":"purchasable","14":"product-type-simple"},"acf":[],"aioseo_notices":[],"jetpack_sharing_enabled":true,"_links":{"self":[{"href":"https:\/\/antcube.shop\/cs\/wp-json\/wp\/v2\/product\/2827","targetHints":{"allow":["GET"]}}],"collection":[{"href":"https:\/\/antcube.shop\/cs\/wp-json\/wp\/v2\/product"}],"about":[{"href":"https:\/\/antcube.shop\/cs\/wp-json\/wp\/v2\/types\/product"}],"replies":[{"embeddable":true,"href":"https:\/\/antcube.shop\/cs\/wp-json\/wp\/v2\/comments?post=2827"}],"wp:featuredmedia":[{"embeddable":true,"href":"https:\/\/antcube.shop\/cs\/wp-json\/wp\/v2\/media\/331"}],"wp:attachment":[{"href":"https:\/\/antcube.shop\/cs\/wp-json\/wp\/v2\/media?parent=2827"}],"wp:term":[{"taxonomy":"product_brand","embeddable":true,"href":"https:\/\/antcube.shop\/cs\/wp-json\/wp\/v2\/product_brand?post=2827"},{"taxonomy":"product_cat","embeddable":true,"href":"https:\/\/antcube.shop\/cs\/wp-json\/wp\/v2\/product_cat?post=2827"},{"taxonomy":"product_tag","embeddable":true,"href":"https:\/\/antcube.shop\/cs\/wp-json\/wp\/v2\/product_tag?post=2827"}],"curies":[{"name":"wp","href":"https:\/\/api.w.org\/{rel}","templated":true}]}}