{"id":2826,"date":"2021-10-13T18:34:38","date_gmt":"2021-10-13T16:34:38","guid":{"rendered":"https:\/\/antcube.shop\/produkt\/schaumstoffwischer-150x18x25mm-5er-pack\/"},"modified":"2026-04-08T16:06:12","modified_gmt":"2026-04-08T14:06:12","slug":"schaumstoffwischer-150x18x25mm-5er-pack","status":"publish","type":"product","link":"https:\/\/antcube.shop\/cs\/produkt\/schaumstoffwischer-150x18x25mm-5er-pack\/","title":{"rendered":"P\u011bnov\u00e9 st\u011bra\u010de 150x18x2,5mm - balen\u00ed 5 ks"},"content":{"rendered":"<p><strong>Rozm\u011bry:<\/strong> D\u00e9lka 150 mm, p\u011bnov\u00e1 hlava 40x40x20 mm.<\/p>\n<p><strong>Mno\u017estv\u00ed:<\/strong> 5 ks.<\/p>\n<p><strong>Materi\u00e1l:<\/strong> p\u011bna, PS<\/p>\n<p><strong>Popis:<\/strong><br \/>\nP\u011bnov\u00e1 st\u011brka se \u010dtvercovou hlavou pro r\u016fzn\u00e9 aplikace.<br \/>\nP\u0159\u00edklady:<br \/>\n1.) k myt\u00ed oken.<\/p>\n<p>2.) Jako medov\u00e1 houba<\/p>\n<p>3.) Jako p\u00edtko, proto\u017ee nas\u00e1v\u00e1 vodu.<\/p>\n<p>4.) aplikovat olej na ochranu proti prora\u017een\u00ed<\/p>\n<p>&nbsp;<\/p>","protected":false},"excerpt":{"rendered":"<p>Rozm\u011bry: D\u00e9lka 150 mm, p\u011bnov\u00e1 hlava 40x40x20 mm. Mno\u017estv\u00ed: Po\u010det kus\u016f: 5 ks. Materi\u00e1l: p\u011bna, PS Popis: P\u011bnov\u00e1 st\u011brka se \u010dtvercovou hlavou pro r\u016fzn\u00e9 aplikace. P\u0159\u00edklady: 1.) k \u010di\u0161t\u011bn\u00ed oken. 2.) Jako medov\u00e1 houba 3.) Jako p\u00edtko, proto\u017ee saje vodu 4.) k aplikaci ochrann\u00e9ho oleje proti vyra\u017een\u00ed. &nbsp;<\/p>","protected":false},"featured_media":307,"comment_status":"open","ping_status":"closed","template":"","meta":{"_acf_changed":false,"content-type":"","_monsterinsights_skip_tracking":false,"_monsterinsights_sitenote_active":false,"_monsterinsights_sitenote_note":"","_monsterinsights_sitenote_category":0},"product_brand":[],"product_cat":[237],"product_tag":[],"class_list":{"0":"post-2826","1":"product","2":"type-product","3":"status-publish","4":"has-post-thumbnail","6":"product_cat-tools","8":"first","9":"instock","10":"taxable","11":"shipping-taxable","12":"purchasable","13":"product-type-simple"},"acf":[],"aioseo_notices":[],"jetpack_sharing_enabled":true,"_links":{"self":[{"href":"https:\/\/antcube.shop\/cs\/wp-json\/wp\/v2\/product\/2826","targetHints":{"allow":["GET"]}}],"collection":[{"href":"https:\/\/antcube.shop\/cs\/wp-json\/wp\/v2\/product"}],"about":[{"href":"https:\/\/antcube.shop\/cs\/wp-json\/wp\/v2\/types\/product"}],"replies":[{"embeddable":true,"href":"https:\/\/antcube.shop\/cs\/wp-json\/wp\/v2\/comments?post=2826"}],"wp:featuredmedia":[{"embeddable":true,"href":"https:\/\/antcube.shop\/cs\/wp-json\/wp\/v2\/media\/307"}],"wp:attachment":[{"href":"https:\/\/antcube.shop\/cs\/wp-json\/wp\/v2\/media?parent=2826"}],"wp:term":[{"taxonomy":"product_brand","embeddable":true,"href":"https:\/\/antcube.shop\/cs\/wp-json\/wp\/v2\/product_brand?post=2826"},{"taxonomy":"product_cat","embeddable":true,"href":"https:\/\/antcube.shop\/cs\/wp-json\/wp\/v2\/product_cat?post=2826"},{"taxonomy":"product_tag","embeddable":true,"href":"https:\/\/antcube.shop\/cs\/wp-json\/wp\/v2\/product_tag?post=2826"}],"curies":[{"name":"wp","href":"https:\/\/api.w.org\/{rel}","templated":true}]}}