{"id":2825,"date":"2021-10-13T18:33:32","date_gmt":"2021-10-13T16:33:32","guid":{"rendered":"https:\/\/antcube.shop\/produkt\/ytongnest-20x20\/"},"modified":"2026-04-07T13:49:55","modified_gmt":"2026-04-07T11:49:55","slug":"ytongnest-20x20","status":"publish","type":"product","link":"https:\/\/antcube.shop\/cs\/produkt\/ytongnest-20x20\/","title":{"rendered":"Ytongnest - 20\u00d720"},"content":{"rendered":"<p><strong>Materi\u00e1l:<\/strong> p\u00f3robeton, sklo, plast PMMA a PVC.<\/p>\n<p><strong>P\u0159ipojen\u00ed:<\/strong> 2x 14mm otvory<\/p>\n<p><strong>Obsah:<\/strong><br \/>\n1x p\u00f3robetonov\u00fd blok 20x20x5 cm s komorami hlubok\u00fdmi 20 mm.<br \/>\n1x sklen\u011bn\u00e1 deska 20\u00d720 cm s otvorem 50 mm<br \/>\n1x 50mm krou\u017eek s 27mm otvorem<br \/>\n2x z\u00e1tka Formicarium 13 mm<br \/>\n1x z\u00e1tka Formicarium 27 mm<\/p>\n<p><strong>Popis:<\/strong><br \/>\nYtong je obchodn\u00ed zna\u010dka, samotn\u00fd materi\u00e1l se naz\u00fdv\u00e1 p\u00f3robeton.<br \/>\nD\u00edky schopnosti zadr\u017eovat vodu je materi\u00e1l vhodn\u00fd pro chov mravenc\u016f.<br \/>\nJe mo\u017en\u00e9 v n\u011bm chovat velk\u00e9 mno\u017estv\u00ed druh\u016f hrab\u00e1\u010d\u016f, a to jak ze such\u00fdch, tak z vlhk\u00fdch stanovi\u0161\u0165.<br \/>\nV z\u00e1vislosti na druhu mravenc\u016f se doporu\u010duje pokr\u00fdt dno kom\u016frek p\u016fdn\u00edm substr\u00e1tem. N\u011bkter\u00e9 druhy se tak c\u00edt\u00ed l\u00e9pe a nap\u0159\u00edklad druhy mravenc\u016f rodu Ponerinae pot\u0159ebuj\u00ed p\u016fdu, aby se jejich larvy mohly \u0159\u00e1dn\u011b zakuklit.<br \/>\nDoporu\u010dujeme k hn\u00edzdu p\u0159ipojit ar\u00e9nu, aby se dalo pou\u017e\u00edt jako plnohodnotn\u00e9 formik\u00e1rium.<\/p>\n<p><strong>Tip:<\/strong><br \/>\nAby se zabr\u00e1nilo vyt\u00e9k\u00e1n\u00ed vody z hn\u00edzda Ytong po navlh\u010den\u00ed prostoru hn\u00edzda a jej\u00edmu hromad\u011bn\u00ed na povrchu n\u00e1bytku pod n\u00edm nebo po\u0161kr\u00e1b\u00e1n\u00ed povrch\u016f drsn\u00fdm materi\u00e1lem, doporu\u010dujeme objednat k na\u0161im hn\u00edzd\u016fm Ytong jednu z na\u0161ich odpov\u00eddaj\u00edc\u00edch sklen\u011bn\u00fdch vani\u010dek. Ty jsou vodot\u011bsn\u00e9, a tak \u00fa\u010dinn\u011b chr\u00e1n\u00ed podkladov\u00e9 povrchy p\u0159ed po\u0161kozen\u00edm vodou a po\u0161kr\u00e1b\u00e1n\u00edm.<\/p>\n<p><strong>Pou\u017eit\u00ed:<\/strong><br \/>\n<strong>Pro druhy mravenc\u016f velikosti M - L.<\/strong><br \/>\nP\u00f3robeton je velmi k\u0159ehk\u00fd a k\u0159ehk\u00fd materi\u00e1l. Vzhledem k v\u00fdrobn\u00edmu procesu proto nen\u00ed mo\u017en\u00e9 zabr\u00e1nit tomu, aby se v roz\u00edch a na hran\u00e1ch objevily drobn\u00e9 zlomy a nerovnosti.<br \/>\nZ tohoto d\u016fvodu nejsou hn\u00edzda Ytong vhodn\u00e1 pro velmi mal\u00e9 druhy mravenc\u016f velikosti S, proto\u017ee tyto druhy by se zde mohly snadno vymanit.<\/p>","protected":false},"excerpt":{"rendered":"<p>P\u0159ipojen\u00ed: 2x 14mm otvor<br \/>\nVelikost: <strong><span style=\"color: #339966;\">M<\/span><\/strong><strong> &#8211; <span style=\"color: #0000ff;\">L<\/span><\/strong><\/p>","protected":false},"featured_media":3010,"comment_status":"open","ping_status":"closed","template":"","meta":{"_acf_changed":false,"content-type":"","_monsterinsights_skip_tracking":false,"_monsterinsights_sitenote_active":false,"_monsterinsights_sitenote_note":"","_monsterinsights_sitenote_category":0},"product_brand":[],"product_cat":[80,86],"product_tag":[],"class_list":{"0":"post-2825","1":"product","2":"type-product","3":"status-publish","4":"has-post-thumbnail","6":"product_cat-antfarms","7":"product_cat-formicariums","9":"first","10":"instock","11":"taxable","12":"shipping-taxable","13":"purchasable","14":"product-type-simple"},"acf":[],"aioseo_notices":[],"jetpack_sharing_enabled":true,"_links":{"self":[{"href":"https:\/\/antcube.shop\/cs\/wp-json\/wp\/v2\/product\/2825","targetHints":{"allow":["GET"]}}],"collection":[{"href":"https:\/\/antcube.shop\/cs\/wp-json\/wp\/v2\/product"}],"about":[{"href":"https:\/\/antcube.shop\/cs\/wp-json\/wp\/v2\/types\/product"}],"replies":[{"embeddable":true,"href":"https:\/\/antcube.shop\/cs\/wp-json\/wp\/v2\/comments?post=2825"}],"wp:featuredmedia":[{"embeddable":true,"href":"https:\/\/antcube.shop\/cs\/wp-json\/wp\/v2\/media\/3010"}],"wp:attachment":[{"href":"https:\/\/antcube.shop\/cs\/wp-json\/wp\/v2\/media?parent=2825"}],"wp:term":[{"taxonomy":"product_brand","embeddable":true,"href":"https:\/\/antcube.shop\/cs\/wp-json\/wp\/v2\/product_brand?post=2825"},{"taxonomy":"product_cat","embeddable":true,"href":"https:\/\/antcube.shop\/cs\/wp-json\/wp\/v2\/product_cat?post=2825"},{"taxonomy":"product_tag","embeddable":true,"href":"https:\/\/antcube.shop\/cs\/wp-json\/wp\/v2\/product_tag?post=2825"}],"curies":[{"name":"wp","href":"https:\/\/api.w.org\/{rel}","templated":true}]}}