{"id":2824,"date":"2021-10-13T18:33:13","date_gmt":"2021-10-13T16:33:13","guid":{"rendered":"https:\/\/antcube.shop\/produkt\/food-mix-set-fur-kornersammler\/"},"modified":"2026-04-08T08:48:03","modified_gmt":"2026-04-08T06:48:03","slug":"food-mix-set-fur-kornersammler","status":"publish","type":"product","link":"https:\/\/antcube.shop\/cs\/produkt\/food-mix-set-fur-kornersammler\/","title":{"rendered":"Sada krmn\u00e9 sm\u011bsi - pro mravence sb\u00edraj\u00edc\u00ed zrn\u00ed\u010dka"},"content":{"rendered":"<p><strong>Obsah:<\/strong> 2 ml na p\u0159\u00edvodn\u00ed hadi\u010dku<br \/>\n2x obiln\u00e9 krmivo Minor (Mi)<br \/>\n1x obiln\u00e9 krmivo M\u00e9dia (j\u00e1)<br \/>\n1x obiln\u00e9 krmivo Major (Ma)<br \/>\n1x kv\u011btn\u00ed pyl (B)<br \/>\n1x sacharidov\u00e9 krmivo (K)<br \/>\n2x b\u00edlkovinn\u00e9 krmivo (PP)<br \/>\n1x b\u00edlkovinn\u00e9 krmivo FD hmyz Pi)<br \/>\n1x krmivo pro ovoce (F)<\/p>\n<p><span data-text-color=\"alert\"><strong>Pozor:<\/strong> <\/span>Pr\u00e1\u0161ek pros\u00edm sm\u00edchejte s kapkou vody, proto\u017ee such\u00fd ho zv\u00ed\u0159ata nep\u0159ij\u00edmaj\u00ed!<\/p>\n<p><strong>Popis:<\/strong> Jedn\u00e1 se o krmnou sadu pro druhy sb\u00edraj\u00edc\u00ed zrn\u00ed, jako je rod Messor, kter\u00e1 obsahuje b\u00edlkoviny, sacharidy a zrna\/semena pro v\u0161echny d\u011blnice. Proto\u017ee jsou jednotliv\u00e9 krmn\u00e9 d\u00e1vky v samostatn\u00fdch tub\u00e1ch, lze je snadno d\u00e1vkovat.<\/p>\n<p><strong>Pou\u017eit\u00ed \/ aplikace:<\/strong><br \/>\nB\u00edlkovinn\u00e1 potrava = pro hmyzo\u017erav\u00e9 druhy mravenc\u016f (Eulipotyphla).<br \/>\nJedn\u00e1 se o dopl\u0148kov\u00e9 krmivo (krmnou sm\u011bs).<br \/>\nM\u011bla by se sm\u00edchat s kapkou vody a ve vlhk\u00e9m stavu vydr\u017e\u00ed pouze 1 den. P\u0159ed op\u011btovn\u00fdm pou\u017eit\u00edm misku na krmen\u00ed d\u016fkladn\u011b vy\u010dist\u011bte.<br \/>\nOtev\u0159en\u00e9 balen\u00ed by se m\u011blo pou\u017e\u00edvat dob\u0159e uzav\u0159en\u00e9 (pokud je skladov\u00e1no v suchu) a\u017e do uveden\u00e9ho data pou\u017eitelnosti.<\/p>\n<p>B\u00edlkovinn\u00e9 krmivo FD = pro hmyzo\u017erav\u00e9 druhy mravenc\u016f (Eulipotyphla)<br \/>\nJedn\u00e1 se o dopl\u0148kov\u00e9 krmivo (krmnou sm\u011bs).<br \/>\nM\u011bla by b\u00fdt sm\u00edch\u00e1na s kapkou vody a pak m\u016f\u017ee b\u00fdt uchov\u00e1v\u00e1na pouze 1 den, kdy\u017e je mokr\u00e1. P\u0159ed op\u011btovn\u00fdm pou\u017eit\u00edm d\u016fkladn\u011b vy\u010dist\u011bte krmnou misku\/tubu.<br \/>\nOtev\u0159en\u00e9 balen\u00ed by se m\u011blo pou\u017e\u00edvat dob\u0159e uzav\u0159en\u00e9 (pokud je skladov\u00e1no v suchu) a\u017e do uveden\u00e9ho data pou\u017eitelnosti.<\/p>\n<p>Sacharidov\u00e1 potrava = pro druhy mravenc\u016f \u017eiv\u00edc\u00ed se cukrem\/medem<br \/>\nJedn\u00e1 se o dopl\u0148kov\u00e9 krmivo (krmnou sm\u011bs).<br \/>\nLze jej sm\u00edchat s kapkou vody a po navlh\u010den\u00ed m\u00e1 trvanlivost 3 dny. P\u0159ed op\u011btovn\u00fdm pou\u017eit\u00edm d\u016fkladn\u011b vy\u010dist\u011bte krmnou misku\/tubu.<br \/>\nOtev\u0159en\u00e9 balen\u00ed je t\u0159eba pou\u017e\u00edt dob\u0159e uzav\u0159en\u00e9 (pokud je skladov\u00e1no v suchu) do uveden\u00e9ho data pou\u017eitelnosti.<\/p>\n<p>Ovocn\u00e1 potrava = pro druhy mravenc\u016f \u017eiv\u00edc\u00edch se ovocem (frugivory)<br \/>\nJedn\u00e1 se o dopl\u0148kov\u00e9 krmivo (jednor\u00e1zov\u00e9 krmivo).<br \/>\nLze jej sm\u00edchat s kapkou vody a ve vlhk\u00e9m stavu m\u00e1 trvanlivost 3 dny. P\u0159ed op\u011btovn\u00fdm pou\u017eit\u00edm d\u016fkladn\u011b vy\u010dist\u011bte krmnou misku\/tubu.<br \/>\nOtev\u0159en\u00e9 balen\u00ed je t\u0159eba pou\u017e\u00edt dob\u0159e uzav\u0159en\u00e9 (pokud je skladov\u00e1no v suchu) do uveden\u00e9ho data pou\u017eitelnosti.<\/p>\n<p>Kv\u011btinov\u00fd pyl = pro druhy mravenc\u016f \u017eiv\u00edc\u00edch se kv\u011btinov\u00fdm pylem.<br \/>\nJedn\u00e1 se o dopl\u0148kov\u00e9 krmivo (jednor\u00e1zov\u00e9 krmivo).<br \/>\nZv\u00ed\u0159at\u016fm ji lze nab\u00eddnout v dodan\u00e9m stavu. Vzhledem k tomu, \u017ee vlhkost zm\u011bk\u010duje konzistenci, je t\u0159eba krmivo ka\u017ed\u00fdch 5 dn\u00ed vym\u011bnit. P\u0159ed op\u011btovn\u00fdm pou\u017eit\u00edm d\u016fkladn\u011b vy\u010dist\u011bte krmnou misku\/tubu.<br \/>\nOtev\u0159en\u00e9 balen\u00ed by se m\u011blo pou\u017e\u00edvat dob\u0159e uzav\u0159en\u00e9 (pokud je skladov\u00e1no v suchu) a\u017e do uveden\u00e9ho data pou\u017eitelnosti.<\/p>\n<p>Obiln\u00e1 krmiva Minor<br \/>\nObiln\u00e1 krmiva M\u00e9dia<br \/>\nObiln\u00e1 potrava Major = pro zrno\u017erav\u00e9 druhy mravenc\u016f = (granivo\u0159i)<br \/>\nJedn\u00e1 se o dopl\u0148kov\u00e9 krmivo (krmnou sm\u011bs).<br \/>\nZv\u00ed\u0159at\u016fm ji lze nab\u00eddnout v dodan\u00e9m stavu. Krmn\u00e1 miska\/tuba by m\u011bla b\u00fdt um\u00edst\u011bna na such\u00e9m m\u00edst\u011b. Ve vlhk\u00e9m prost\u0159ed\u00ed mohou zrna (semena) za\u010d\u00edt kl\u00ed\u010dit. Pokud si toho v\u0161imnete, je t\u0159eba krmivo vym\u011bnit.<br \/>\nOtev\u0159en\u00e9 balen\u00ed by se m\u011blo pou\u017e\u00edvat dob\u0159e uzav\u0159en\u00e9 (pokud je skladov\u00e1no v suchu) a\u017e do uveden\u00e9ho data pou\u017eitelnosti.<\/p>\n<p><strong>Upozorn\u011bn\u00ed:<\/strong><br \/>\nInformace o pou\u017eit\u00ed pod\u00e1vac\u00edch trubic naleznete zde: Odkaz<br \/>\nKompletn\u00ed krmivo pro zrno\u017erav\u00e9 mravence.<br \/>\nSlo\u017een\u00ed, analytick\u00e9 slo\u017eky, datum pou\u017eitelnosti a \u010d\u00edslo \u0161ar\u017ee najdete v p\u0159\u00edbalov\u00e9m let\u00e1ku.<\/p>\n<p>Informa\u010dn\u00ed linka +49 30 439703870<\/p>\n<p>Odpov\u011bdn\u00fd org\u00e1n veterin\u00e1rn\u00edho a potravin\u00e1\u0159sk\u00e9ho dozoru:<br \/>\nVeterin\u00e1rn\u00ed kancel\u00e1\u0159 Steglitz<br \/>\nK\u00f6nigin-Luise-Str. 92<br \/>\n14195 Berl\u00edn<\/p>\n<p>&nbsp;<\/p>","protected":false},"excerpt":{"rendered":"<p>Kompletn\u00ed krmivo<\/p>","protected":false},"featured_media":308,"comment_status":"open","ping_status":"closed","template":"","meta":{"_acf_changed":false,"content-type":"","_monsterinsights_skip_tracking":false,"_monsterinsights_sitenote_active":false,"_monsterinsights_sitenote_note":"","_monsterinsights_sitenote_category":0},"product_brand":[],"product_cat":[115,116],"product_tag":[],"class_list":{"0":"post-2824","1":"product","2":"type-product","3":"status-publish","4":"has-post-thumbnail","6":"product_cat-food-and-feeding","7":"product_cat-food","9":"first","10":"instock","11":"taxable","12":"shipping-taxable","13":"purchasable","14":"product-type-simple"},"acf":[],"aioseo_notices":[],"jetpack_sharing_enabled":true,"_links":{"self":[{"href":"https:\/\/antcube.shop\/cs\/wp-json\/wp\/v2\/product\/2824","targetHints":{"allow":["GET"]}}],"collection":[{"href":"https:\/\/antcube.shop\/cs\/wp-json\/wp\/v2\/product"}],"about":[{"href":"https:\/\/antcube.shop\/cs\/wp-json\/wp\/v2\/types\/product"}],"replies":[{"embeddable":true,"href":"https:\/\/antcube.shop\/cs\/wp-json\/wp\/v2\/comments?post=2824"}],"wp:featuredmedia":[{"embeddable":true,"href":"https:\/\/antcube.shop\/cs\/wp-json\/wp\/v2\/media\/308"}],"wp:attachment":[{"href":"https:\/\/antcube.shop\/cs\/wp-json\/wp\/v2\/media?parent=2824"}],"wp:term":[{"taxonomy":"product_brand","embeddable":true,"href":"https:\/\/antcube.shop\/cs\/wp-json\/wp\/v2\/product_brand?post=2824"},{"taxonomy":"product_cat","embeddable":true,"href":"https:\/\/antcube.shop\/cs\/wp-json\/wp\/v2\/product_cat?post=2824"},{"taxonomy":"product_tag","embeddable":true,"href":"https:\/\/antcube.shop\/cs\/wp-json\/wp\/v2\/product_tag?post=2824"}],"curies":[{"name":"wp","href":"https:\/\/api.w.org\/{rel}","templated":true}]}}