{"id":2823,"date":"2021-10-13T18:33:03","date_gmt":"2021-10-13T16:33:03","guid":{"rendered":"https:\/\/antcube.shop\/produkt\/becken-schlauchverbinder-27mm-14-16-20-mm-transparent\/"},"modified":"2026-04-29T20:03:09","modified_gmt":"2026-04-29T18:03:09","slug":"becken-schlauchverbinder-27mm-14-16-20-mm-transparentni","status":"publish","type":"product","link":"https:\/\/antcube.shop\/cs\/produkt\/becken-schlauchverbinder-27mm-14-16-20-mm-transparentni\/","title":{"rendered":"Hadicov\u00e1 spojka pro umyvadlo 27 mm - 14, 16, 20 mm - transparentn\u00ed"},"content":{"rendered":"<p><strong>Rozm\u011bry:\u00a0<\/strong><br \/>\nVnit\u0159n\u00ed pr\u016fm\u011br = 14 mm<br \/>\nVn\u011bj\u0161\u00ed pr\u016fm\u011br = 16 mm (prvn\u00ed stupe\u0148), 20 mm (druh\u00fd stupe\u0148)<br \/>\nD\u00e9lka = 36 mm<\/p>\n<p><strong>Obsah:<\/strong><br \/>\n1x hadicov\u00e1 spojka pro umyvadlo<br \/>\n1x up\u00ednac\u00ed krou\u017eek<\/p>\n<p><strong>P\u0159ipojen\u00ed:<\/strong><br \/>\nUmyvadlo : Vejde se do 27mm (3\/4\u2033) otvor\u016f s tlou\u0161\u0165kou st\u011bny 4 mm!<br \/>\nHadice: 14\/10- hadice je pevn\u011b zasunuta do n\u00e1trubku 14mm<br \/>\nTrubky 20\/16 jsou pevn\u011b nasazeny na prvn\u00ed 16mm krok.<br \/>\nHadice 22\/18 je upevn\u011bna na druh\u00e9m 20mm stupni.<br \/>\nHadice 24\/20 je voln\u011b nasazena na druh\u00e9m 20mm stupni.<\/p>\n<p><strong>Popis:<\/strong><br \/>\nTento konektor pro umyvadlo bude zasunut do 27mm otvoru se sklen\u011bnou st\u011bnou o tlou\u0161\u0165ce 4 mm. Sv\u011brn\u00fd krou\u017eek upevn\u00ed konektor ke sklen\u011bn\u00e9mu umyvadlu. Na druh\u00fd konec pouzdra lze p\u0159ipojit trubky o vn\u011bj\u0161\u00edm pr\u016fm\u011bru 14 mm nebo vnit\u0159n\u00edm pr\u016fm\u011bru 16 mm nebo 20 mm.<\/p>","protected":false},"excerpt":{"rendered":"<p>Rozm\u011bry: Vnit\u0159n\u00ed pr\u016fm\u011br = 14 mm Vn\u011bj\u0161\u00ed pr\u016fm\u011br = 16 mm (prvn\u00ed stupe\u0148), 20 mm (druh\u00fd stupe\u0148) D\u00e9lka = 36 mm Obsah: Sou\u010d\u00e1st\u00ed balen\u00ed je: 1x spojka pro hadici umyvadla 1x up\u00ednac\u00ed krou\u017eek P\u0159ipojen\u00ed: Umyvadlo : Vhodn\u00e9 do 27mm (3\/4\") otvor\u016f s tlou\u0161\u0165kou st\u011bny 4mm! Hadice: Hadice 14\/10 se t\u011bsn\u011b zasune do obj\u00edmky 14mm Hadice 20\/16 se t\u011bsn\u011b nasad\u00ed na.","protected":false},"featured_media":357,"comment_status":"open","ping_status":"closed","template":"","meta":{"_acf_changed":false,"content-type":"","_monsterinsights_skip_tracking":false,"_monsterinsights_sitenote_active":false,"_monsterinsights_sitenote_note":"","_monsterinsights_sitenote_category":0},"product_brand":[],"product_cat":[121],"product_tag":[],"class_list":{"0":"post-2823","1":"product","2":"type-product","3":"status-publish","4":"has-post-thumbnail","6":"product_cat-connectors","8":"first","9":"instock","10":"taxable","11":"shipping-taxable","12":"purchasable","13":"product-type-simple"},"acf":[],"aioseo_notices":[],"jetpack_sharing_enabled":true,"_links":{"self":[{"href":"https:\/\/antcube.shop\/cs\/wp-json\/wp\/v2\/product\/2823","targetHints":{"allow":["GET"]}}],"collection":[{"href":"https:\/\/antcube.shop\/cs\/wp-json\/wp\/v2\/product"}],"about":[{"href":"https:\/\/antcube.shop\/cs\/wp-json\/wp\/v2\/types\/product"}],"replies":[{"embeddable":true,"href":"https:\/\/antcube.shop\/cs\/wp-json\/wp\/v2\/comments?post=2823"}],"wp:featuredmedia":[{"embeddable":true,"href":"https:\/\/antcube.shop\/cs\/wp-json\/wp\/v2\/media\/357"}],"wp:attachment":[{"href":"https:\/\/antcube.shop\/cs\/wp-json\/wp\/v2\/media?parent=2823"}],"wp:term":[{"taxonomy":"product_brand","embeddable":true,"href":"https:\/\/antcube.shop\/cs\/wp-json\/wp\/v2\/product_brand?post=2823"},{"taxonomy":"product_cat","embeddable":true,"href":"https:\/\/antcube.shop\/cs\/wp-json\/wp\/v2\/product_cat?post=2823"},{"taxonomy":"product_tag","embeddable":true,"href":"https:\/\/antcube.shop\/cs\/wp-json\/wp\/v2\/product_tag?post=2823"}],"curies":[{"name":"wp","href":"https:\/\/api.w.org\/{rel}","templated":true}]}}