{"id":2821,"date":"2021-10-13T18:28:32","date_gmt":"2021-10-13T16:28:32","guid":{"rendered":"https:\/\/antcube.shop\/produkt\/handlupe-2fach-30mm\/"},"modified":"2026-04-08T16:06:09","modified_gmt":"2026-04-08T14:06:09","slug":"handlupe-2fach-30mm","status":"publish","type":"product","link":"https:\/\/antcube.shop\/cs\/produkt\/handlupe-2fach-30mm\/","title":{"rendered":"Ru\u010dn\u00ed lupa - 2x - 30 mm"},"content":{"rendered":"<p><strong>Rozm\u011bry (Dx\u0160xV):<\/strong> 80x36x2 mm<\/p>\n<p><strong>Materi\u00e1l:<\/strong> plast<\/p>\n<p><strong>Barva:<\/strong> transparentn\u00ed<\/p>\n<p><strong>Obsah:<\/strong><br \/>\n<strong>1x<\/strong> ru\u010dn\u00ed lupa<\/p>\n<p><strong>Technick\u00e9 specifikace:<\/strong><br \/>\nZv\u011bt\u0161en\u00ed = 2x<\/p>\n<p><strong>Popis \/ pou\u017eit\u00ed:<\/strong><br \/>\nRu\u010dn\u00ed lupa pro kontrolu mravenc\u016f nebo krmn\u00e9ho hmyzu.<\/p>\n<p><strong>Upozorn\u011bn\u00ed:<\/strong><br \/>\nJednoduch\u00e9 zpracov\u00e1n\u00ed a jednoduch\u00e1 kvalita, proto\u017ee je vyroben z plastu a je citliv\u00fd na po\u0161kr\u00e1b\u00e1n\u00ed.<\/p>","protected":false},"excerpt":{"rendered":"<p>Rozm\u011bry (Dx\u0160xV): 80x36x2 mm Materi\u00e1l: plast Barva: transparentn\u00ed Obsah: Technick\u00e9 specifikace: 1x ru\u010dn\u00ed lupa: Popis \/ pou\u017eit\u00ed: Zv\u011bt\u0161en\u00ed = 2x: Ru\u010dn\u00ed lupa pro kontrolu mravenc\u016f nebo krmn\u00e9ho hmyzu. Upozorn\u011bn\u00ed: Jednoduch\u00e9 zpracov\u00e1n\u00ed a jednoduch\u00e1 kvalita, proto\u017ee je vyrobena z plastu a je citliv\u00e1 na po\u0161kr\u00e1b\u00e1n\u00ed.<\/p>","protected":false},"featured_media":310,"comment_status":"open","ping_status":"closed","template":"","meta":{"_acf_changed":false,"content-type":"","_monsterinsights_skip_tracking":false,"_monsterinsights_sitenote_active":false,"_monsterinsights_sitenote_note":"","_monsterinsights_sitenote_category":0},"product_brand":[],"product_cat":[237],"product_tag":[],"class_list":{"0":"post-2821","1":"product","2":"type-product","3":"status-publish","4":"has-post-thumbnail","6":"product_cat-tools","8":"first","9":"instock","10":"taxable","11":"shipping-taxable","12":"purchasable","13":"product-type-simple"},"acf":[],"aioseo_notices":[],"jetpack_sharing_enabled":true,"_links":{"self":[{"href":"https:\/\/antcube.shop\/cs\/wp-json\/wp\/v2\/product\/2821","targetHints":{"allow":["GET"]}}],"collection":[{"href":"https:\/\/antcube.shop\/cs\/wp-json\/wp\/v2\/product"}],"about":[{"href":"https:\/\/antcube.shop\/cs\/wp-json\/wp\/v2\/types\/product"}],"replies":[{"embeddable":true,"href":"https:\/\/antcube.shop\/cs\/wp-json\/wp\/v2\/comments?post=2821"}],"wp:featuredmedia":[{"embeddable":true,"href":"https:\/\/antcube.shop\/cs\/wp-json\/wp\/v2\/media\/310"}],"wp:attachment":[{"href":"https:\/\/antcube.shop\/cs\/wp-json\/wp\/v2\/media?parent=2821"}],"wp:term":[{"taxonomy":"product_brand","embeddable":true,"href":"https:\/\/antcube.shop\/cs\/wp-json\/wp\/v2\/product_brand?post=2821"},{"taxonomy":"product_cat","embeddable":true,"href":"https:\/\/antcube.shop\/cs\/wp-json\/wp\/v2\/product_cat?post=2821"},{"taxonomy":"product_tag","embeddable":true,"href":"https:\/\/antcube.shop\/cs\/wp-json\/wp\/v2\/product_tag?post=2821"}],"curies":[{"name":"wp","href":"https:\/\/api.w.org\/{rel}","templated":true}]}}