{"id":2820,"date":"2021-10-13T18:28:23","date_gmt":"2021-10-13T16:28:23","guid":{"rendered":"https:\/\/antcube.shop\/produkt\/ameisen-ausbruchsschutz-ol-10ml\/"},"modified":"2026-04-05T11:59:15","modified_gmt":"2026-04-05T09:59:15","slug":"ameisen-ausbruchsschutz-ol-10ml","status":"publish","type":"product","link":"https:\/\/antcube.shop\/cs\/produkt\/ameisen-ausbruchsschutz-ol-10ml\/","title":{"rendered":"Olej na ochranu proti \u00faniku mravenc\u016f 10ml"},"content":{"rendered":"<p><strong>Obsah:<\/strong> 10 ml (vysta\u010d\u00ed p\u0159ibli\u017en\u011b na 10-15 metr\u016f p\u00e1su o \u0161\u00ed\u0159ce 2 cm)<\/p>\n<p><strong>Barva:<\/strong> pr\u016fhledn\u00fd, bezbarv\u00fd<\/p>\n<p><strong>Materi\u00e1l:<\/strong> na b\u00e1zi paraf\u00ednov\u00e9ho oleje<\/p>\n<p><strong>V\u00fdhoda:<\/strong> Lze aplikovat na v\u0161echny hladk\u00e9 povrchy, jako je sklo nebo plast:<\/p>\n<p><strong>Nev\u00fdhoda:<\/strong> V p\u0159\u00edpad\u011b velk\u00fdch koloni\u00ed mohou zv\u00ed\u0159ata rozn\u00e1\u0161et olej po skle ch\u016fz\u00ed po jeho povrchu, tak\u017ee je nutn\u00e9 sklo \u010dasem vy\u010distit.<\/p>\n<p><strong>Pou\u017eit\u00ed:<\/strong> F\u00f3lie by m\u011bla b\u00fdt na vnit\u0159n\u00edm okraji asi t\u0159ikr\u00e1t \u0161ir\u0161\u00ed, ne\u017e jsou mravenci dlouz\u00ed, a m\u011bla by se nan\u00e1\u0161et bez st\u00e9k\u00e1n\u00ed.<\/p>\n<p><strong>Obnoven\u00ed:<\/strong> 2-4 m\u011bs\u00edce v z\u00e1vislosti na velikosti kolonie a ro\u010dn\u00edm obdob\u00ed.<\/p>\n<p><strong>Pozn\u00e1mka:<\/strong> Zv\u00ed\u0159ata by m\u011bla p\u0159ij\u00edt do styku s olejem pouze \"nohama\". V p\u0159\u00edpad\u011b velk\u00e9ho mno\u017estv\u00ed kapek hroz\u00ed, \u017ee se zv\u00ed\u0159ata do kapek dostanou hlavou a olejem se udus\u00ed.<\/p>\n<p><a href=\"https:\/\/antcube.shop\/wp-content\/uploads\/2022\/02\/ant_escape_protection_oil_en.pdf\">Bezpe\u010dnostn\u00ed list pro olej na ochranu proti vylamov\u00e1n\u00ed mravenc\u016f, (PDF 0,1 MB)<\/a><br \/>\n(Obsahuje: Bezpe\u010dnostn\u00ed pokyny)<\/p>\n<p>&nbsp;<\/p>","protected":false},"excerpt":{"rendered":"<p>Obsah: Barva: pr\u016fhledn\u00e1, bezbarv\u00e1 Materi\u00e1l: na b\u00e1zi paraf\u00ednov\u00e9ho oleje V\u00fdhody: Lze aplikovat na v\u0161echny hladk\u00e9 povrchy, jako je sklo nebo plast: Nev\u00fdhoda: V p\u0159\u00edpad\u011b velk\u00fdch koloni\u00ed mohou zv\u00ed\u0159ata rozet\u0159\u00edt olej po skle ch\u016fz\u00ed po povrchu oleje,","protected":false},"featured_media":303,"comment_status":"open","ping_status":"closed","template":"","meta":{"_acf_changed":false,"content-type":"","_monsterinsights_skip_tracking":false,"_monsterinsights_sitenote_active":false,"_monsterinsights_sitenote_note":"","_monsterinsights_sitenote_category":0},"product_brand":[],"product_cat":[237],"product_tag":[],"class_list":{"0":"post-2820","1":"product","2":"type-product","3":"status-publish","4":"has-post-thumbnail","6":"product_cat-tools","8":"first","9":"instock","10":"taxable","11":"shipping-taxable","12":"purchasable","13":"product-type-simple"},"acf":[],"aioseo_notices":[],"jetpack_sharing_enabled":true,"_links":{"self":[{"href":"https:\/\/antcube.shop\/cs\/wp-json\/wp\/v2\/product\/2820","targetHints":{"allow":["GET"]}}],"collection":[{"href":"https:\/\/antcube.shop\/cs\/wp-json\/wp\/v2\/product"}],"about":[{"href":"https:\/\/antcube.shop\/cs\/wp-json\/wp\/v2\/types\/product"}],"replies":[{"embeddable":true,"href":"https:\/\/antcube.shop\/cs\/wp-json\/wp\/v2\/comments?post=2820"}],"wp:featuredmedia":[{"embeddable":true,"href":"https:\/\/antcube.shop\/cs\/wp-json\/wp\/v2\/media\/303"}],"wp:attachment":[{"href":"https:\/\/antcube.shop\/cs\/wp-json\/wp\/v2\/media?parent=2820"}],"wp:term":[{"taxonomy":"product_brand","embeddable":true,"href":"https:\/\/antcube.shop\/cs\/wp-json\/wp\/v2\/product_brand?post=2820"},{"taxonomy":"product_cat","embeddable":true,"href":"https:\/\/antcube.shop\/cs\/wp-json\/wp\/v2\/product_cat?post=2820"},{"taxonomy":"product_tag","embeddable":true,"href":"https:\/\/antcube.shop\/cs\/wp-json\/wp\/v2\/product_tag?post=2820"}],"curies":[{"name":"wp","href":"https:\/\/api.w.org\/{rel}","templated":true}]}}