{"id":2816,"date":"2021-10-13T18:27:16","date_gmt":"2021-10-13T16:27:16","guid":{"rendered":"https:\/\/antcube.shop\/produkt\/pinzette-federstahl-breit-weich\/"},"modified":"2026-04-20T16:40:49","modified_gmt":"2026-04-20T14:40:49","slug":"pinzette-federstahl-breit-weich","status":"publish","type":"product","link":"https:\/\/antcube.shop\/cs\/produkt\/pinzette-federstahl-breit-weich\/","title":{"rendered":"Pinzeta pru\u017einov\u00e1 ocel - \u0161irok\u00e1 - m\u011bkk\u00e1"},"content":{"rendered":"<p><strong>D\u00e9lka:<\/strong> 115 mm<\/p>\n<p><strong>Materi\u00e1l:<\/strong> pru\u017einov\u00e1 ocel 0,25 mm<\/p>\n<p><strong>Popis:<\/strong> Pinzeta z pru\u017einov\u00e9 oceli. Ide\u00e1ln\u00ed pro \"sb\u00edr\u00e1n\u00ed\" mravenc\u016f, proto\u017ee p\u0159\u00edtlak je u tohoto typu pinzety m\u00edrn\u011b omezen, a mravence proto nelze tak snadno \"rozdrtit\".<\/p>","protected":false},"excerpt":{"rendered":"<p>D\u00e9lka: 115 mm, Materi\u00e1l: pru\u017einov\u00e1 ocel<\/p>","protected":false},"featured_media":5603,"comment_status":"open","ping_status":"closed","template":"","meta":{"_acf_changed":false,"content-type":"","_monsterinsights_skip_tracking":false,"_monsterinsights_sitenote_active":false,"_monsterinsights_sitenote_note":"","_monsterinsights_sitenote_category":0},"product_brand":[],"product_cat":[237],"product_tag":[],"class_list":{"0":"post-2816","1":"product","2":"type-product","3":"status-publish","4":"has-post-thumbnail","6":"product_cat-tools","8":"first","9":"instock","10":"taxable","11":"shipping-taxable","12":"purchasable","13":"product-type-simple"},"acf":[],"aioseo_notices":[],"jetpack_sharing_enabled":true,"_links":{"self":[{"href":"https:\/\/antcube.shop\/cs\/wp-json\/wp\/v2\/product\/2816","targetHints":{"allow":["GET"]}}],"collection":[{"href":"https:\/\/antcube.shop\/cs\/wp-json\/wp\/v2\/product"}],"about":[{"href":"https:\/\/antcube.shop\/cs\/wp-json\/wp\/v2\/types\/product"}],"replies":[{"embeddable":true,"href":"https:\/\/antcube.shop\/cs\/wp-json\/wp\/v2\/comments?post=2816"}],"wp:featuredmedia":[{"embeddable":true,"href":"https:\/\/antcube.shop\/cs\/wp-json\/wp\/v2\/media\/5603"}],"wp:attachment":[{"href":"https:\/\/antcube.shop\/cs\/wp-json\/wp\/v2\/media?parent=2816"}],"wp:term":[{"taxonomy":"product_brand","embeddable":true,"href":"https:\/\/antcube.shop\/cs\/wp-json\/wp\/v2\/product_brand?post=2816"},{"taxonomy":"product_cat","embeddable":true,"href":"https:\/\/antcube.shop\/cs\/wp-json\/wp\/v2\/product_cat?post=2816"},{"taxonomy":"product_tag","embeddable":true,"href":"https:\/\/antcube.shop\/cs\/wp-json\/wp\/v2\/product_tag?post=2816"}],"curies":[{"name":"wp","href":"https:\/\/api.w.org\/{rel}","templated":true}]}}