{"id":2815,"date":"2021-10-13T18:27:06","date_gmt":"2021-10-13T16:27:06","guid":{"rendered":"https:\/\/antcube.shop\/produkt\/schlauch-transparent-20-16-mm\/"},"modified":"2026-04-08T08:47:50","modified_gmt":"2026-04-08T06:47:50","slug":"schlauch-transparent-20-16-mm","status":"publish","type":"product","link":"https:\/\/antcube.shop\/cs\/produkt\/schlauch-transparent-20-16-mm\/","title":{"rendered":"Hadice pr\u016fhledn\u00e1 20\/16 mm"},"content":{"rendered":"<p><strong>Rozm\u011bry:<\/strong><br \/>\nVn\u011bj\u0161\u00ed pr\u016fm\u011br: 20 mm<br \/>\nVnit\u0159n\u00ed pr\u016fm\u011br: 16 mm<br \/>\nTlou\u0161\u0165ka st\u011bny: 2 mm<\/p>\n<p><strong>D\u00e9lka:<\/strong> 1 metr (a\u017e 50 metr\u016f v jednom kuse)<\/p>\n<p><strong>Popis:<\/strong> Pr\u016fhledn\u00e9 trubky z PVC <strong>bez ozna\u010den\u00ed<\/strong>. Ide\u00e1ln\u00ed pro pokl\u00e1d\u00e1n\u00ed mraven\u010d\u00edch stezek nebo propojov\u00e1n\u00ed formik\u00e1ri\u00ed.<\/p>","protected":false},"excerpt":{"rendered":"<p><img decoding=\"async\" src=\"\/shop\/images\/rolle-1m.gif\" alt=\"\" \/><\/p>","protected":false},"featured_media":360,"comment_status":"open","ping_status":"closed","template":"","meta":{"_acf_changed":false,"content-type":"","_monsterinsights_skip_tracking":false,"_monsterinsights_sitenote_active":false,"_monsterinsights_sitenote_note":"","_monsterinsights_sitenote_category":0},"product_brand":[],"product_cat":[120],"product_tag":[],"class_list":{"0":"post-2815","1":"product","2":"type-product","3":"status-publish","4":"has-post-thumbnail","6":"product_cat-hoses","8":"first","9":"instock","10":"taxable","11":"shipping-taxable","12":"purchasable","13":"product-type-simple"},"acf":[],"aioseo_notices":[],"jetpack_sharing_enabled":true,"_links":{"self":[{"href":"https:\/\/antcube.shop\/cs\/wp-json\/wp\/v2\/product\/2815","targetHints":{"allow":["GET"]}}],"collection":[{"href":"https:\/\/antcube.shop\/cs\/wp-json\/wp\/v2\/product"}],"about":[{"href":"https:\/\/antcube.shop\/cs\/wp-json\/wp\/v2\/types\/product"}],"replies":[{"embeddable":true,"href":"https:\/\/antcube.shop\/cs\/wp-json\/wp\/v2\/comments?post=2815"}],"wp:featuredmedia":[{"embeddable":true,"href":"https:\/\/antcube.shop\/cs\/wp-json\/wp\/v2\/media\/360"}],"wp:attachment":[{"href":"https:\/\/antcube.shop\/cs\/wp-json\/wp\/v2\/media?parent=2815"}],"wp:term":[{"taxonomy":"product_brand","embeddable":true,"href":"https:\/\/antcube.shop\/cs\/wp-json\/wp\/v2\/product_brand?post=2815"},{"taxonomy":"product_cat","embeddable":true,"href":"https:\/\/antcube.shop\/cs\/wp-json\/wp\/v2\/product_cat?post=2815"},{"taxonomy":"product_tag","embeddable":true,"href":"https:\/\/antcube.shop\/cs\/wp-json\/wp\/v2\/product_tag?post=2815"}],"curies":[{"name":"wp","href":"https:\/\/api.w.org\/{rel}","templated":true}]}}