{"id":2745,"date":"2021-10-08T12:06:04","date_gmt":"2021-10-08T10:06:04","guid":{"rendered":"https:\/\/antcube.shop\/produkt\/antcube-starter-set-m-20x20-wald\/"},"modified":"2026-03-30T11:16:05","modified_gmt":"2026-03-30T09:16:05","slug":"antcube-starter-set-m-20x20-wald","status":"publish","type":"product","link":"https:\/\/antcube.shop\/cs\/produkt\/antcube-starter-set-m-20x20-wald\/","title":{"rendered":"Startovac\u00ed sada ANTCUBE M - 20\u00d720 - Forest"},"content":{"rendered":"<p><strong>Obsah:<\/strong><br \/>\n1x ANTCUBE - Arena 20x20x10 - ploch\u00e1<br \/>\n1x r\u00e1m pro mraveni\u0161t\u011b 20\u00d720<br \/>\n1x kryt mraveni\u0161t\u011b 20\u00d720<br \/>\n4x upev\u0148ovac\u00ed bod pro kryt ar\u00e9ny<br \/>\n1x ANTCUBE - Mraveni\u0161t\u011b - L - 20\u00d720 - ve svisl\u00e9 poloze<\/p>\n<p>1x 0,5m pr\u016fhledn\u00e1 trubka 14\/10 mm<br \/>\n1x ANTCUBE - \u010derven\u00e1 f\u00f3lie 20\u00d720 - filtr<br \/>\n1x samolepic\u00ed svorky - transparentn\u00ed 2 ks.<br \/>\n1x substr\u00e1t - lesn\u00ed - 1kg<br \/>\n1x Formicarien granule 200 ml - \u010dern\u00e9<\/p>\n<p>2x Grid insert acrylic &#8211; 50 mm with sealing ring<br \/>\n1x Grid insert acrylic &#8211; 27 mm with sealing ring<br \/>\n1x Grid cap &#8211; 10mm &#8211; stainless steel<\/p>\n<p>1x spojka hadice n\u00e1dr\u017ee 27-14,16,20 mm - pr\u016fhledn\u00e1<br \/>\n1x Olej na ochranu proti \u00faniku mravenc\u016f 10ml<br \/>\n1x pinzeta z pru\u017einov\u00e9 oceli - \u0161irok\u00e1 - m\u011bkk\u00e1<br \/>\n1x pinzeta plastov\u00e1 pr\u016fhledn\u00e1<br \/>\n1x plastov\u00e1 pipeta 3 ml<br \/>\n1x ru\u010dn\u00ed lupa - 2x - 30mm<br \/>\n1x p\u011bnov\u00fd st\u011bra\u010d 150x18x2,5 mm<\/p>\n<p>1x drinking clear 5ml &#8211; sponge<br \/>\n1x Feeding dish white rectangle &#8211; 3 compartments<br \/>\n1x Drinking trough 2ml &#8211; 360 Degrees<\/p>\n<p>1x Foil thermometer &#8211; farm<br \/>\n1x Foil thermometer display<br \/>\n1x fotopozad\u00ed - les - 20\u00d710<\/p>\n<p><strong>Popis:<\/strong><br \/>\nTato startovac\u00ed sada je vhodn\u00e1 pro v\u0161echny druhy mravenc\u016f \u017eij\u00edc\u00edch v lesn\u00edm porostu.<\/p>\n<p>V pln\u011b pr\u016fhledn\u00e9 farm\u011b (hn\u00edzdo) se k vypln\u011bn\u00ed farmy pou\u017e\u00edv\u00e1 \"P\u016fda - pou\u0161\u0165\". V p\u0159\u00edpad\u011b pot\u0159eby lze p\u0159es 50mm otvory v krytu p\u0159ipojit dal\u0161\u00ed moduly, nap\u0159. samostatn\u011b dostupn\u00e9 mlhova\u010de, ventil\u00e1tory nebo sv\u011btla. Alternativn\u011b jsou sou\u010d\u00e1st\u00ed dod\u00e1vky vhodn\u00e9 formik\u00e1\u0159sk\u00e9 z\u00e1tky k uzav\u0159en\u00ed otvor\u016f. V p\u0159\u00edpad\u011b pot\u0159eby lze formik\u00e1rium provozovat i v otev\u0159en\u00e9m stavu, sta\u010d\u00ed nasadit odn\u00edmateln\u00fd r\u00e1m a na okraj aplikovat olej na ochranu proti \u00faniku mravenc\u016f. \"Nap\u00e1je\u010dka 2ml - 360 stup\u0148\u016f\" je ur\u010dena pro medov\u00fd\/cukrov\u00fd roztok, \"Nap\u00e1je\u010dka \u010dir\u00e1 20ml - houba\" pro vodu. \"Mini termohygrometr\" lze p\u0159ipevnit na r\u00e1m nebo kryt a zobrazuje klimatick\u00e9 hodnoty.<\/p>\n<p><strong>D\u016fle\u017eit\u00e9: <\/strong>P\u0159ed pou\u017eit\u00edm substr\u00e1t navlh\u010dete, aby se sm\u011bs mohla v mraveni\u0161ti spojit a pevn\u011b uchytit. Pokud je nav\u00edc substr\u00e1t p\u0159\u00edli\u0161 such\u00fd a pra\u0161n\u00fd, m\u016f\u017ee doj\u00edt k zablokov\u00e1n\u00ed d\u00fdchac\u00edch cest mravenc\u016f a v nejhor\u0161\u00edm p\u0159\u00edpad\u011b k udu\u0161en\u00ed zv\u00ed\u0159at.<\/p>\n<p><strong>Doporu\u010den\u00ed:<\/strong> Doporu\u010dujeme vrstvu substr\u00e1tu o v\u00fd\u0161ce 2 mm, aby se zv\u00ed\u0159ata nemohla do ar\u00e9ny zahrabat a m\u00edsto toho vyu\u017e\u00edvala k tomuto \u00fa\u010delu poskytnut\u00fd statek. Doporu\u010dujeme tak\u00e9, aby byl hn\u00edzdn\u00ed materi\u00e1l ve farm\u011b (p\u00edsek\/hl\u00edna, Digfix atd.) na jednom m\u00edst\u011b lehce nap\u00edch\u00e1n, aby se zv\u00ed\u0159at\u016fm l\u00e9pe hrabalo.<\/p>\n<p><strong>Pozn\u00e1mky k v\u00fdrob\u011b<\/strong><br \/>\nSklo je \u0159ez\u00e1no na m\u00edru podle DIN 1249 s toleranc\u00ed +\/- 1 mm. U extr\u00e9mn\u011b mal\u00fdch druh\u016f mravenc\u016f je nezbytn\u00e1 dodate\u010dn\u00e1 ochrana proti vylomen\u00ed.<\/p>\n<p><strong>Pozn\u00e1mky k farm\u011b<\/strong><br \/>\nP\u0159i p\u0159ipojov\u00e1n\u00ed nebo odpojov\u00e1n\u00ed hadic dbejte na n\u00e1sleduj\u00edc\u00ed pokyny:<br \/>\nPokud se hadi\u010dka velmi \u0161patn\u011b nasazuje na p\u0159ipojovac\u00ed hrdlo, je t\u0159eba hrdlo lehce pot\u0159\u00edt kapkou na\u0161eho oleje nebo pr\u00e1\u0161ku proti prask\u00e1n\u00ed. Pot\u00e9 by se m\u011bla hadice nasunout na obj\u00edmku krou\u017eiv\u00fdmi nebo \u0161roubovac\u00edmi pohyby, ani\u017e by se obj\u00edmka nam\u00e1hala pohyby nahoru a dol\u016f. Tot\u00e9\u017e plat\u00ed i p\u0159i vyj\u00edm\u00e1n\u00ed hadic z p\u0159ipojovac\u00ed obj\u00edmky farmy. Nevytahujte ji jednodu\u0161e!<\/p>\n<p><strong>Pokyny:<\/strong> (verze 2023, aktualizovan\u00e1 verze pro rok 2024 bude k dispozici nejpozd\u011bji v 04\/2024)<\/p>\n<p>- DE <a href=\"https:\/\/www.antstore.net\/shop\/images\/info\/de\/Gebrauchsanweisung%20Starter%20Set%20Habitat.pdf\" data-cke-saved-href=\"https:\/\/www.antstore.net\/shop\/images\/info\/de\/Gebrauchsanweisung%20Starter%20Set%20Habitat.pdf\">Gebrauchsanweisung Startovac\u00ed sada Habitat<\/a> (PDF 3,21 MB)<\/p>\n<p>- CZ <a href=\"https:\/\/www.antstore.net\/shop\/images\/info\/en\/Instructions%20for%20use%20-%20Starter%20Set%20Habitat.pdf\" data-cke-saved-href=\"https:\/\/www.antstore.net\/shop\/images\/info\/en\/Instructions%20for%20use%20-%20Starter%20Set%20Habitat.pdf\">N\u00e1vod k pou\u017eit\u00ed - startovac\u00ed sada Habitat<\/a> (PDF 3,21 MB)<\/p>\n<p>- ES <a href=\"https:\/\/www.antstore.net\/shop\/images\/info\/es\/Manual%20de%20instrucciones%20-%20Set%20de%20inicio%20H%C3%A1bitat.pdf\" data-cke-saved-href=\"https:\/\/www.antstore.net\/shop\/images\/info\/es\/Manual%20de%20instrucciones%20-%20Set%20de%20inicio%20H%C3%A1bitat.pdf\">Manual de instrucciones - Set de inicio H\u00e1bitat<\/a> (PDF 3,21 MB)<\/p>\n<p>- FR <a href=\"https:\/\/www.antstore.net\/shop\/images\/info\/fr\/Manuel%20d'instruction%20-%20Kit%20de%20d%C3%A9marrage%20Habitat.pdf\" data-cke-saved-href=\"https:\/\/www.antstore.net\/shop\/images\/info\/fr\/Manuel%20d'instruction%20-%20Kit%20de%20d%C3%A9marrage%20Habitat.pdf\">Manuel d'instruction - Kit de d\u00e9marrage Habitat<\/a> (PDF 3,21 MB)<\/p>","protected":false},"excerpt":{"rendered":"<p>The set consists of 31 parts and is suitable for all species of ants that live in forests.<br \/>\nVelikost: <span style=\"color: #00a859;\"><strong>M<\/strong><\/span><\/p>","protected":false},"featured_media":5450,"comment_status":"open","ping_status":"closed","template":"","meta":{"_acf_changed":false,"content-type":"","_monsterinsights_skip_tracking":false,"_monsterinsights_sitenote_active":false,"_monsterinsights_sitenote_note":"","_monsterinsights_sitenote_category":0},"product_brand":[],"product_cat":[73,74],"product_tag":[],"class_list":{"0":"post-2745","1":"product","2":"type-product","3":"status-publish","4":"has-post-thumbnail","6":"product_cat-starter-sets","7":"product_cat-starter-sets-habitat","9":"first","10":"instock","11":"taxable","12":"shipping-taxable","13":"purchasable","14":"product-type-simple"},"acf":[],"aioseo_notices":[],"jetpack_sharing_enabled":true,"_links":{"self":[{"href":"https:\/\/antcube.shop\/cs\/wp-json\/wp\/v2\/product\/2745","targetHints":{"allow":["GET"]}}],"collection":[{"href":"https:\/\/antcube.shop\/cs\/wp-json\/wp\/v2\/product"}],"about":[{"href":"https:\/\/antcube.shop\/cs\/wp-json\/wp\/v2\/types\/product"}],"replies":[{"embeddable":true,"href":"https:\/\/antcube.shop\/cs\/wp-json\/wp\/v2\/comments?post=2745"}],"wp:featuredmedia":[{"embeddable":true,"href":"https:\/\/antcube.shop\/cs\/wp-json\/wp\/v2\/media\/5450"}],"wp:attachment":[{"href":"https:\/\/antcube.shop\/cs\/wp-json\/wp\/v2\/media?parent=2745"}],"wp:term":[{"taxonomy":"product_brand","embeddable":true,"href":"https:\/\/antcube.shop\/cs\/wp-json\/wp\/v2\/product_brand?post=2745"},{"taxonomy":"product_cat","embeddable":true,"href":"https:\/\/antcube.shop\/cs\/wp-json\/wp\/v2\/product_cat?post=2745"},{"taxonomy":"product_tag","embeddable":true,"href":"https:\/\/antcube.shop\/cs\/wp-json\/wp\/v2\/product_tag?post=2745"}],"curies":[{"name":"wp","href":"https:\/\/api.w.org\/{rel}","templated":true}]}}