{"id":2744,"date":"2021-10-08T12:05:54","date_gmt":"2021-10-08T10:05:54","guid":{"rendered":"https:\/\/antcube.shop\/produkt\/antcube-starter-set-s-20x20-wald\/"},"modified":"2026-04-04T18:58:20","modified_gmt":"2026-04-04T16:58:20","slug":"antcube-starter-set-s-20x20-wald","status":"publish","type":"product","link":"https:\/\/antcube.shop\/cs\/produkt\/antcube-starter-set-s-20x20-wald\/","title":{"rendered":"ANTCUBE Starter Set S - 20\u00d720 - Forest"},"content":{"rendered":"<p><strong>Obsah:<\/strong><br \/>\n1x Cricket Jam 25g<br \/>\n1x Lesn\u00ed med (Wa) - n\u00e1pl\u0148 10ml<\/p>\n<p>1x ANTCUBE - Arena 20x20x10 - ploch\u00e1<br \/>\n1x r\u00e1m pro mraveni\u0161t\u011b 20\u00d720<br \/>\n1x kryt mraveni\u0161t\u011b 20\u00d720<br \/>\n4x upev\u0148ovac\u00ed bod pro kryt ar\u00e9ny<br \/>\n1x ANTCUBE - Mraveni\u0161t\u011b - L - 20\u00d720 - ve svisl\u00e9 poloze<\/p>\n<p>1x 0,5m pr\u016fhledn\u00e1 trubka 10\/06 mm<br \/>\n1x ANTCUBE - \u010derven\u00e1 f\u00f3lie 20\u00d720 - filtr<br \/>\n1x samolepic\u00ed svorky - transparentn\u00ed 2 ks.<br \/>\n1x substr\u00e1t - lesn\u00ed - 1kg<br \/>\n1x Formicarien granule 200 ml - \u010dern\u00e9<\/p>\n<p>1x m\u0159\u00ed\u017ekov\u00e1 vlo\u017eka - 50 mm - nerezov\u00e1 ocel<br \/>\n1x Formik\u00e1\u0159ov\u00e1 z\u00e1tka pro 50mm otvor<br \/>\n1x Formicariov\u00e1 z\u00e1tka pro 27mm otvor<br \/>\n1x Formicariov\u00e9 v\u00ed\u010dko pro 6mm z\u00e1suvku<\/p>\n<p>1x konektor pro umyvadlo B-27 a S-10-16 mm M25 - sada<br \/>\n1x nap\u00e1jec\u00ed \u017el\u00e1bek 2ml - 360 stup\u0148\u016f<br \/>\n1x nap\u00e1je\u010dka \u010dir\u00e1 20ml - houbi\u010dka<br \/>\n1x miska \u010dir\u00e1 1\u00d720 - houba<br \/>\nMiniaturn\u00ed teplom\u011br analogov\u00fd - displej - z\u00e1v\u011bsn\u00fd<br \/>\n1x Olej na ochranu proti mravenc\u016fm 10ml<br \/>\n1x pinzeta z pru\u017einov\u00e9 oceli - \u0161irok\u00e1 - m\u011bkk\u00e1<br \/>\n1x pinzeta plastov\u00e1 pr\u016fhledn\u00e1<br \/>\n1x plastov\u00e1 pipeta 3ml<br \/>\n1x ru\u010dn\u00ed lupa - 2x - 30mm<br \/>\n1x p\u011bnov\u00fd st\u011bra\u010d 150x18x2,5mm<br \/>\n1x fotopozad\u00ed - les - 20\u00d710<\/p>\n<p><strong>Popis:<\/strong><br \/>\nTato startovac\u00ed sada je vhodn\u00e1 pro v\u0161echny druhy mravenc\u016f \u017eij\u00edc\u00edch v lesn\u00edm porostu.<\/p>\n<p>V pln\u011b pr\u016fhledn\u00e9 farm\u011b (hn\u00edzdo) se k vypln\u011bn\u00ed farmy pou\u017e\u00edv\u00e1 \"P\u016fda - pou\u0161\u0165\". V p\u0159\u00edpad\u011b pot\u0159eby lze p\u0159es 50mm otvory v krytu p\u0159ipojit dal\u0161\u00ed moduly, nap\u0159. samostatn\u011b dostupn\u00e9 mlhova\u010de, ventil\u00e1tory nebo sv\u011btla. Alternativn\u011b jsou sou\u010d\u00e1st\u00ed dod\u00e1vky vhodn\u00e9 formik\u00e1\u0159sk\u00e9 z\u00e1tky k uzav\u0159en\u00ed otvor\u016f. V p\u0159\u00edpad\u011b pot\u0159eby lze formik\u00e1rium provozovat i v otev\u0159en\u00e9m stavu, sta\u010d\u00ed nasadit odn\u00edmateln\u00fd r\u00e1m a na okraj aplikovat olej na ochranu proti \u00faniku mravenc\u016f. \"Nap\u00e1je\u010dka 2ml - 360 stup\u0148\u016f\" je ur\u010dena pro medov\u00fd\/cukrov\u00fd roztok, \"Nap\u00e1je\u010dka \u010dir\u00e1 20ml - houba\" pro vodu. \"Mini termohygrometr\" lze p\u0159ipevnit na r\u00e1m nebo kryt a zobrazuje klimatick\u00e9 hodnoty.<\/p>\n<p><strong>D\u016fle\u017eit\u00e9:<\/strong> P\u0159ed pou\u017eit\u00edm substr\u00e1t navlh\u010dete, aby se sm\u011bs mohla v mraveni\u0161ti spojit a pevn\u011b uchytit. Pokud je nav\u00edc substr\u00e1t p\u0159\u00edli\u0161 such\u00fd a pra\u0161n\u00fd, m\u016f\u017ee doj\u00edt k zablokov\u00e1n\u00ed d\u00fdchac\u00edch cest mravenc\u016f a v nejhor\u0161\u00edm p\u0159\u00edpad\u011b k udu\u0161en\u00ed zv\u00ed\u0159at.<\/p>\n<p><strong>Doporu\u010den\u00ed:<\/strong> Doporu\u010dujeme vrstvu substr\u00e1tu o v\u00fd\u0161ce 2 mm, aby se zv\u00ed\u0159ata nemohla do ar\u00e9ny zahrabat a m\u00edsto toho vyu\u017e\u00edvala k tomuto \u00fa\u010delu poskytnut\u00fd statek. Doporu\u010dujeme tak\u00e9, aby byl hn\u00edzdn\u00ed materi\u00e1l ve farm\u011b (p\u00edsek\/hl\u00edna, Digfix atd.) na jednom m\u00edst\u011b lehce nap\u00edch\u00e1n, aby se zv\u00ed\u0159at\u016fm l\u00e9pe hrabalo.<\/p>\n<p><strong>Pozn\u00e1mky k v\u00fdrob\u011b<\/strong><br \/>\nSklo je \u0159ez\u00e1no na m\u00edru podle DIN 1249 s toleranc\u00ed +\/- 1 mm. U extr\u00e9mn\u011b mal\u00fdch druh\u016f mravenc\u016f je nezbytn\u00e1 dodate\u010dn\u00e1 ochrana proti vylomen\u00ed.<\/p>\n<p><strong>Pozn\u00e1mky k farm\u011b<\/strong><br \/>\nP\u0159i p\u0159ipojov\u00e1n\u00ed nebo odpojov\u00e1n\u00ed hadic dbejte na n\u00e1sleduj\u00edc\u00ed pokyny:<br \/>\nPokud se hadi\u010dka velmi \u0161patn\u011b nasazuje na p\u0159ipojovac\u00ed hrdlo, je t\u0159eba hrdlo lehce pot\u0159\u00edt kapkou na\u0161eho oleje nebo pr\u00e1\u0161ku proti prask\u00e1n\u00ed. Pot\u00e9 by se m\u011bla hadice nasunout na obj\u00edmku krou\u017eiv\u00fdmi nebo \u0161roubovac\u00edmi pohyby, ani\u017e by se obj\u00edmka nam\u00e1hala pohyby nahoru a dol\u016f. Tot\u00e9\u017e plat\u00ed i p\u0159i vyj\u00edm\u00e1n\u00ed hadic z p\u0159ipojovac\u00ed obj\u00edmky farmy. Nevytahujte ji jednodu\u0161e!<\/p>\n<p><strong>Pokyny:<\/strong> (verze 2023, aktualizovan\u00e1 verze pro rok 2024 bude k dispozici nejpozd\u011bji v 04\/2024)<\/p>\n<p>- DE <a href=\"https:\/\/www.antstore.net\/shop\/images\/info\/de\/Gebrauchsanweisung%20Starter%20Set%20Habitat.pdf\">Gebrauchsanweisung Startovac\u00ed sada Habitat<\/a> (PDF 3,21 MB)<\/p>\n<p>- CZ <a href=\"https:\/\/www.antstore.net\/shop\/images\/info\/en\/Instructions%20for%20use%20-%20Starter%20Set%20Habitat.pdf\">N\u00e1vod k pou\u017eit\u00ed - startovac\u00ed sada Habitat<\/a> (PDF 3,21 MB)<\/p>\n<p>- ES <a href=\"https:\/\/www.antstore.net\/shop\/images\/info\/es\/Manual%20de%20instrucciones%20-%20Set%20de%20inicio%20H%C3%A1bitat.pdf\">Manual de instrucciones - Set de inicio H\u00e1bitat<\/a> (PDF 3,21 MB)<\/p>\n<p>- FR <a href=\"https:\/\/www.antstore.net\/shop\/images\/info\/fr\/Manuel%20d'instruction%20-%20Kit%20de%20d%C3%A9marrage%20Habitat.pdf\">Manuel d'instruction - Kit de d\u00e9marrage Habitat<\/a> (PDF 3,21 MB)<\/p>\n<p><strong>Pozn\u00e1mky k lesn\u00edmu medu (Wa) - n\u00e1pl\u0148 10ml<\/strong><br \/>\nObsah: 10 ml<\/p>\n<p><strong>Popis:<\/strong> Jedn\u00e1 se o \u010dist\u011b p\u0159\u00edrodn\u00ed produkt. Med poch\u00e1z\u00ed z les\u016f, a proto je ide\u00e1ln\u00ed pro lesn\u00ed druhy mravenc\u016f.<br \/>\nPotravn\u00ed trubi\u010dku lze do formik\u00e1ria um\u00edstit celou, p\u0159\u00edpadn\u011b lze p\u0159id\u00e1vat men\u0161\u00ed mno\u017estv\u00ed do misky s potravou podle pot\u0159eby\/podle velikosti kolonie. Krmivo by m\u011blo b\u00fdt spot\u0159ebov\u00e1no p\u0159ibli\u017en\u011b do 3 dn\u016f, jinak hroz\u00ed riziko vzniku pl\u00edsn\u00ed, a ze stejn\u00e9ho d\u016fvodu je t\u0159eba misku s krmivem p\u0159ed dopln\u011bn\u00edm vy\u010distit.<\/p>\n<p><strong>Pou\u017eit\u00ed:<\/strong><br \/>\nMed z de\u0161tn\u00fdch prales\u016f = pro medojedy (Meliphagidae)<br \/>\nJedn\u00e1 se o dopl\u0148kov\u00e9 krmivo<br \/>\nZv\u00ed\u0159at\u016fm ji lze nab\u00eddnout v podob\u011b, v jak\u00e9 je dod\u00e1v\u00e1na. Vzhledem k tomu, \u017ee se koncentrace cukru sni\u017euje vlivem vlhkosti a za\u010d\u00edn\u00e1 proces kva\u0161en\u00ed, je t\u0159eba krmivo ka\u017ed\u00e9 t\u0159i dny vym\u011bnit. P\u0159ed op\u011btovn\u00fdm pou\u017eit\u00edm krmnou misku\/zkumavku d\u016fkladn\u011b vy\u010dist\u011bte.<br \/>\nPo otev\u0159en\u00ed balen\u00ed by m\u011blo b\u00fdt uchov\u00e1v\u00e1no t\u011bsn\u011b uzav\u0159en\u00e9 a\u017e do uplynut\u00ed doby pou\u017eitelnosti.<\/p>\n<p><strong>Obsahuje:<\/strong> Slo\u017een\u00ed medu obecn\u011b, pom\u011bry se li\u0161\u00ed v z\u00e1vislosti na druhu medu.<br \/>\n- p\u0159ibli\u017en\u011b 38 % ovocn\u00e9ho cukru (frukt\u00f3zy)<br \/>\n- p\u0159ibli\u017en\u011b 32 % dextr\u00f3zy (gluk\u00f3zy)<br \/>\n- cca 20 % vody<br \/>\n- p\u0159ibli\u017en\u011b 5 polysacharid\u016f %<br \/>\n- cca 5 vitam\u00edn\u016f % (B1, B2, B6, C, H)<br \/>\nMiner\u00e1ln\u00ed l\u00e1tky (drasl\u00edk, v\u00e1pn\u00edk, m\u011b\u010f, \u017eelezo, sod\u00edk, ho\u0159\u010d\u00edk, fosfor, zinek a dal\u0161\u00ed stopov\u00e9 prvky). Aminokyseliny (prolin, leucin, fenylalanin, alanin, histidin, isoleucin, kyselina glutamov\u00e1, arginin, kyselina asparagov\u00e1 atd.) Organick\u00e9 kyseliny Enzymy (fermenty)P\u0159\u00edchut\u011b Inhibiny (antibakteri\u00e1ln\u00ed l\u00e1tky) Kv\u011bty Pyl<\/p>\n<p><strong>Skladov\u00e1n\u00ed:<\/strong> Aby byla zaji\u0161t\u011bna kvalita krmiva, m\u011blo by b\u00fdt skladov\u00e1no na tmav\u00e9m a such\u00e9m m\u00edst\u011b.<\/p>\n<p><strong>Pozn\u00e1mka:<\/strong><br \/>\nDopl\u0148kov\u00e9 krmivo pro mravence medojedy.<br \/>\nSlo\u017een\u00ed, analytick\u00e9 slo\u017eky, datum minim\u00e1ln\u00ed trvanlivosti a \u010d\u00edslo \u0161ar\u017ee najdete v p\u0159\u00edbalov\u00e9m let\u00e1ku.<\/p>\n<p>Informa\u010dn\u00ed linka +49 30 439703870<\/p>\n<p><strong>Odpov\u011bdn\u00fd veterin\u00e1rn\u00ed a potravin\u00e1\u0159sk\u00fd inspektor\u00e1t:<\/strong><br \/>\nVeterin\u00e1rn\u00ed kancel\u00e1\u0159 Steglitz<br \/>\nK\u00f6nigin-Luise-Str. 92<br \/>\n14195 Berl\u00edn<\/p>\n<p><strong>Pozn\u00e1mky ke kriketov\u00e9mu d\u017eemu:<\/strong><br \/>\nN\u00e1\u0161 cvr\u010d\u010d\u00ed d\u017eem p\u0159edstavuje snadn\u00fd zp\u016fsob, jak mravenc\u016fm poskytnout \u010derstv\u011b konzervovanou proteinovou potravu, ani\u017e by museli krmit \u017eiv\u00fdm hmyzem. Obsa\u017een\u00ed cvr\u010dci (Acheta domesticus) byli \u0161etrn\u011b uva\u0159eni, aby byly zachov\u00e1ny nutri\u010dn\u00ed hodnoty, chu\u0165 a v\u016fn\u011b. Krom\u011b toho se t\u00edmto zp\u016fsobem zm\u011bk\u010d\u00ed chitinov\u00e1 schr\u00e1nka hmyzu, aby se dala snadn\u011bji str\u00e1vit. Vazby kolagenn\u00edch b\u00edlkovin se rozru\u0161\u00ed, aby je mravenci mohli l\u00e9pe vyu\u017e\u00edt. Konzervy Acheta domesticus maj\u00ed stejnou v\u00fd\u017eivovou hodnotu jako \u017eiv\u00ed cvr\u010dci, ale jsou snadn\u011bji straviteln\u00e9.<\/p>\n<p>Cricket Jam nen\u00ed vhodn\u00fd pro lov druh\u016f mravenc\u016f, kte\u0159\u00ed vy\u017eaduj\u00ed \u017eivou potravu (nap\u0159. ponravy (velc\u00ed mravenci), jako jsou Harpegnathos nebo Odontomachus).<\/p>\n<p><strong>Dal\u0161\u00ed v\u00fdhody:<\/strong><br \/>\nZaru\u010den\u011b bez rozto\u010d\u016f<br \/>\nLze porcovat a \u0159edit vodou<br \/>\nSterilizovan\u00e9 a vakuov\u011b balen\u00e9<br \/>\nBez p\u0159\u00edsad<br \/>\nCvr\u010dci z udr\u017eiteln\u00e9ho \u010dist\u011b ekologick\u00e9ho chovu, krmeni organick\u00fdm odpadem<\/p>\n<p><strong>Pozn\u00e1mka:<\/strong><br \/>\nPo otev\u0159en\u00ed lze uchov\u00e1vat v chladni\u010dce asi \u010dty\u0159i dny. P\u0159i zmrazen\u00ed je trvanlivost del\u0161\u00ed.<br \/>\nPozor: Nejprve porce, pak zmrazit.<\/p>","protected":false},"excerpt":{"rendered":"<p>Sada se skl\u00e1d\u00e1 ze 42 d\u00edlk\u016f a je ur\u010dena pro v\u0161echny druhy mravenc\u016f \u017eij\u00edc\u00edch v lesn\u00ed p\u016fd\u011b.<br \/>\nVelikost: <span style=\"color: #ff8c00;\"><strong>S<\/strong><\/span><\/p>","protected":false},"featured_media":5450,"comment_status":"open","ping_status":"closed","template":"","meta":{"_acf_changed":false,"content-type":"","_monsterinsights_skip_tracking":false,"_monsterinsights_sitenote_active":false,"_monsterinsights_sitenote_note":"","_monsterinsights_sitenote_category":0},"product_brand":[],"product_cat":[73,74],"product_tag":[],"class_list":{"0":"post-2744","1":"product","2":"type-product","3":"status-publish","4":"has-post-thumbnail","6":"product_cat-starter-sets","7":"product_cat-starter-sets-habitat","9":"first","10":"outofstock","11":"taxable","12":"shipping-taxable","13":"purchasable","14":"product-type-simple"},"acf":[],"aioseo_notices":[],"jetpack_sharing_enabled":true,"_links":{"self":[{"href":"https:\/\/antcube.shop\/cs\/wp-json\/wp\/v2\/product\/2744","targetHints":{"allow":["GET"]}}],"collection":[{"href":"https:\/\/antcube.shop\/cs\/wp-json\/wp\/v2\/product"}],"about":[{"href":"https:\/\/antcube.shop\/cs\/wp-json\/wp\/v2\/types\/product"}],"replies":[{"embeddable":true,"href":"https:\/\/antcube.shop\/cs\/wp-json\/wp\/v2\/comments?post=2744"}],"wp:featuredmedia":[{"embeddable":true,"href":"https:\/\/antcube.shop\/cs\/wp-json\/wp\/v2\/media\/5450"}],"wp:attachment":[{"href":"https:\/\/antcube.shop\/cs\/wp-json\/wp\/v2\/media?parent=2744"}],"wp:term":[{"taxonomy":"product_brand","embeddable":true,"href":"https:\/\/antcube.shop\/cs\/wp-json\/wp\/v2\/product_brand?post=2744"},{"taxonomy":"product_cat","embeddable":true,"href":"https:\/\/antcube.shop\/cs\/wp-json\/wp\/v2\/product_cat?post=2744"},{"taxonomy":"product_tag","embeddable":true,"href":"https:\/\/antcube.shop\/cs\/wp-json\/wp\/v2\/product_tag?post=2744"}],"curies":[{"name":"wp","href":"https:\/\/api.w.org\/{rel}","templated":true}]}}