{"id":2737,"date":"2021-10-08T12:04:45","date_gmt":"2021-10-08T10:04:45","guid":{"rendered":"https:\/\/antcube.shop\/produkt\/antcube-starter-set-fur-blattschneiderarten-gros\/"},"modified":"2026-04-15T12:56:37","modified_gmt":"2026-04-15T10:56:37","slug":"antcube-starter-set-fur-blattschneiderarten-gros","status":"publish","type":"product","link":"https:\/\/antcube.shop\/cs\/produkt\/antcube-starter-set-fur-blattschneiderarten-gros\/","title":{"rendered":"ANTCUBE - Startovac\u00ed sada pro mravence Leaf Cutter - velk\u00e1"},"content":{"rendered":"<p><span data-text-color=\"alert\"><strong>Doprava je mo\u017en\u00e1 pouze prost\u0159ednictv\u00edm p\u0159eposl\u00e1n\u00ed na palet\u011b.<\/strong><\/span><\/p>\n<p><strong>Zahrnuje:<\/strong><\/p>\n<p>1x ANTCUBE Arena 30x30x60 s posuvn\u00fdmi dve\u0159mi<br \/>\n1x r\u00e1m pro posuvn\u00e9 dve\u0159e<br \/>\n2x ANTCUBE Arena 30x30x30cm<br \/>\n3x mraveni\u0161t\u011b r\u00e1m 30x30cm<br \/>\n3x kryt na mraveni\u0161t\u011b 30x30cm<br \/>\n12x upev\u0148ovac\u00ed bod pro kryt ar\u00e9ny<\/p>\n<p>1x mraven\u010d\u00ed trubice - k\u0159i\u0161\u0165\u00e1lov\u011b \u010dir\u00e1 50 mm - 1 m (p\u016flen\u00e1)<br \/>\n1x substr\u00e1t - de\u0161tn\u00fd prales - 1 kg<br \/>\n1x granul\u00e1t Formicarium 200ml - b\u00e9\u017eov\u00fd<br \/>\n3x z\u00e1kladna Formicarium 30\u00d730<\/p>\n<p>3x Formicarium plug for 50mm hole<br \/>\n10x Grid insert acrylic &#8211; 50 mm with sealing ring<br \/>\n4x konektor n\u00e1dr\u017ee 1 1\/2\u2033 a\u017e 50 mm - k\u0159i\u0161\u0165\u00e1lov\u011b \u010dist\u00fd<br \/>\n4x Formicarium matice 1 1\/2 palce - k\u0159i\u0161\u0165\u00e1lov\u011b \u010dir\u00e1<\/p>\n<p>1x Foil thermometer Display<br \/>\n1x drinking clear 5ml &#8211; sponge<br \/>\n1x pinzeta pru\u017einov\u00e1 ocel - \u0161irok\u00e1 - m\u011bkk\u00e1<br \/>\n1x pinzeta Formicarium - plastov\u00e1<br \/>\n1x ru\u010dn\u00ed lupa - 2x - 30mm<br \/>\n1x ochrann\u00fd olej proti \u00faniku mravenc\u016f 10ml<br \/>\n1x p\u011bnov\u00fd st\u011bra\u010d 150x18x2,5mm<br \/>\nRozpra\u0161ova\u010d 0,5 litru - mosazn\u00e1 tryska<br \/>\n1x okv\u011btn\u00ed l\u00edstky r\u016f\u017e\u00ed 100g - su\u0161en\u00e9<br \/>\n2\u00d7 fotost\u011bna - de\u0161tn\u00fd prales - 30\u00d730<br \/>\n1x fotost\u011bna - de\u0161tn\u00fd prales - 30\u00d760 - vysok\u00e1<\/p>\n<p><strong>Popis:<\/strong><br \/>\nThis expandable starter set for all leafcutter ant species contains, in addition to the optimally adapted formicarium, the appropriate accessories for keeping these ants. The voluminous basins allow easy handling for feeding and cleaning. The large holes (50 mm) and tubes not only make it easy to observe the ants, they also allow the animals to remove large pieces of leaf. The stainless steel mesh inserts ensure good ventilation and are robust against mechanical impact. Even large colonies of leaf-cutter ants, which are very fond of cutting, are unable to penetrate them. The sturdy screw sockets are also absolutely bite-proof.. If necessary, the humidity can be increased using the spray bottle.<\/p>\n<p><strong>D\u016fle\u017eit\u00e9:<\/strong> P\u0159ed pou\u017eit\u00edm substr\u00e1t navlh\u010dete, aby se sm\u011bs mohla v mraveni\u0161ti spojit a pevn\u011b uchytit. Pokud je nav\u00edc substr\u00e1t p\u0159\u00edli\u0161 such\u00fd a pra\u0161n\u00fd, m\u016f\u017ee doj\u00edt k zablokov\u00e1n\u00ed d\u00fdchac\u00edch cest mravenc\u016f a v nejhor\u0161\u00edm p\u0159\u00edpad\u011b k udu\u0161en\u00ed zv\u00ed\u0159at.<\/p>\n<p><strong>Pozn\u00e1mky k v\u00fdrob\u011b<\/strong><br \/>\nSklo je \u0159ez\u00e1no na m\u00edru podle normy DIN 1249 s toleranc\u00ed +\/- 1 mm. U extr\u00e9mn\u011b mal\u00fdch druh\u016f mravenc\u016f je nezbytn\u00e1 dodate\u010dn\u00e1 ochrana proti \u00faniku.<\/p>\n<p><strong>Popis ar\u00e9ny posuvn\u00fdch dve\u0159\u00ed: <\/strong>Na\u0161e ar\u00e9na ANTCUBE 30x30x60 s posuvn\u00fdmi dve\u0159mi byla vyvinuta tak, aby se v n\u00ed dalo pohodln\u011b pracovat i v pln\u00e9 form\u011b. Jsou obzvl\u00e1\u0161t\u011b u\u017eite\u010dn\u00e9 jako formik\u00e1rium pro mravence tkalce (Polyrhachis a Oecophylla), proto\u017ee r\u00e1di stav\u00ed sm\u011brem vzh\u016fru a pot\u0159ebuj\u00ed hostitelskou rostlinu. N\u011bkdy m\u016f\u017ee b\u00fdt obt\u00ed\u017en\u00e9 odstranit nap\u0159\u00edklad odpad z \u017eivo\u010dich\u016f na dn\u011b formik\u00e1ria. S touto speci\u00e1ln\u011b upravenou n\u00e1dr\u017e\u00ed to nen\u00ed probl\u00e9m. Posuvn\u00e1 dv\u00ed\u0159ka jsou tak\u00e9 velmi praktick\u00e1 pro krmn\u00e9 misky pro mravence Acromyrmex nebo listonohy Atta, proto\u017ee zbytky rostlin a dal\u0161\u00ed odpad lze snadno odstranit. R\u00e1m posuvn\u00fdch dv\u00ed\u0159ek (\u010d. polo\u017eky 1005648) m\u016f\u017eete pou\u017e\u00edt tak\u00e9 k tomu, abyste zabr\u00e1nili \u00faniku zv\u00ed\u0159at b\u011bhem pr\u00e1ce.<\/p>","protected":false},"excerpt":{"rendered":"<p>The set consists of 47 parts and is suitable for all leaf cutter ant species.<br \/>\nVelikost: <span style=\"color: #ed1c24;\"><strong>XL<\/strong><\/span><\/p>","protected":false},"featured_media":7665,"comment_status":"open","ping_status":"closed","template":"","meta":{"_acf_changed":false,"content-type":"","_monsterinsights_skip_tracking":false,"_monsterinsights_sitenote_active":false,"_monsterinsights_sitenote_note":"","_monsterinsights_sitenote_category":0},"product_brand":[484],"product_cat":[73,79],"product_tag":[],"class_list":{"0":"post-2737","1":"product","2":"type-product","3":"status-publish","4":"has-post-thumbnail","6":"product_brand-antcube","7":"product_cat-starter-sets","8":"product_cat-starter-sets-for-leafcutter-ants","9":"product_shipping_class-forwarding-on-pallet","11":"first","12":"instock","13":"taxable","14":"shipping-taxable","15":"purchasable","16":"product-type-simple"},"acf":[],"aioseo_notices":[],"jetpack_sharing_enabled":true,"_links":{"self":[{"href":"https:\/\/antcube.shop\/cs\/wp-json\/wp\/v2\/product\/2737","targetHints":{"allow":["GET"]}}],"collection":[{"href":"https:\/\/antcube.shop\/cs\/wp-json\/wp\/v2\/product"}],"about":[{"href":"https:\/\/antcube.shop\/cs\/wp-json\/wp\/v2\/types\/product"}],"replies":[{"embeddable":true,"href":"https:\/\/antcube.shop\/cs\/wp-json\/wp\/v2\/comments?post=2737"}],"wp:featuredmedia":[{"embeddable":true,"href":"https:\/\/antcube.shop\/cs\/wp-json\/wp\/v2\/media\/7665"}],"wp:attachment":[{"href":"https:\/\/antcube.shop\/cs\/wp-json\/wp\/v2\/media?parent=2737"}],"wp:term":[{"taxonomy":"product_brand","embeddable":true,"href":"https:\/\/antcube.shop\/cs\/wp-json\/wp\/v2\/product_brand?post=2737"},{"taxonomy":"product_cat","embeddable":true,"href":"https:\/\/antcube.shop\/cs\/wp-json\/wp\/v2\/product_cat?post=2737"},{"taxonomy":"product_tag","embeddable":true,"href":"https:\/\/antcube.shop\/cs\/wp-json\/wp\/v2\/product_tag?post=2737"}],"curies":[{"name":"wp","href":"https:\/\/api.w.org\/{rel}","templated":true}]}}