{"id":2734,"date":"2021-10-08T12:04:16","date_gmt":"2021-10-08T10:04:16","guid":{"rendered":"https:\/\/antcube.shop\/produkt\/antcube-arena-20x20x20-combi-l\/"},"modified":"2026-04-24T10:01:00","modified_gmt":"2026-04-24T08:01:00","slug":"antcube-arena-20x20x20-combi-l","status":"publish","type":"product","link":"https:\/\/antcube.shop\/cs\/produkt\/antcube-arena-20x20x20-combi-l\/","title":{"rendered":"ANTCUBE - Arena 20x20x20 - Combi L"},"content":{"rendered":"<p><strong>Rozm\u011bry:<\/strong> 20x20x20 cm; tlou\u0161\u0165ka skla 4 mm<\/p>\n<p><strong>Materi\u00e1l:<\/strong> sklo lepen\u00e9 silikonem<\/p>\n<p><strong>P\u0159ipojen\u00ed:<\/strong> 2x otvor 27 mm (2x 10 mm otvor v oblasti hn\u00edzda)<\/p>\n<p><strong>Vzd\u00e1lenost tal\u00ed\u0159e od hn\u00edzda:<\/strong> asi 20 mm<\/p>\n<p><strong>Popis:<\/strong> Mraveni\u0161t\u011b - Combi je vybaveno farmou nebo hn\u00edzdi\u0161t\u011bm, kter\u00e9 je integrov\u00e1no do formik\u00e1ria. Mravenci se do hn\u00edzdn\u00ed oblasti dostanou z ar\u00e9ny dv\u011bma vnit\u0159n\u00edmi 10mm otvory.<\/p>\n<p><strong>Upozorn\u011bn\u00ed:<\/strong><br \/>\nP\u0159i pou\u017eit\u00ed na\u0161ich hn\u00edzdn\u00edch vlo\u017eek (nap\u0159. korkov\u00fdch, s\u00e1drov\u00fdch) upozor\u0148ujeme, \u017ee jsou o 8 mm u\u017e\u0161\u00ed, proto\u017ee byly p\u016fvodn\u011b navr\u017eeny tak, aby se do nich ve\u0161ly na\u0161e u\u017e\u0161\u00ed mraveni\u0161t\u011b i vlo\u017eky do ar\u00e9n! Zde by se prostor mezi nimi musel vyplnit v\u00fdpl\u0148ov\u00fdm materi\u00e1lem, nap\u0159. s\u00e1drou nebo hl\u00ednou.<\/p>\n<p>&nbsp;<\/p>","protected":false},"excerpt":{"rendered":"<p>P\u0159ipojen\u00ed: 2x otvor 27 mm<br \/>\nVelikost: <span style=\"color: #0000ff;\"><strong>L<\/strong><\/span><\/p>","protected":false},"featured_media":328,"comment_status":"open","ping_status":"closed","template":"","meta":{"_acf_changed":false,"content-type":"","_monsterinsights_skip_tracking":false,"_monsterinsights_sitenote_active":false,"_monsterinsights_sitenote_note":"","_monsterinsights_sitenote_category":0},"product_brand":[],"product_cat":[85,83,86],"product_tag":[],"class_list":{"0":"post-2734","1":"product","2":"type-product","3":"status-publish","4":"has-post-thumbnail","6":"product_cat-ant-arenas","7":"product_cat-antfarms-l","8":"product_cat-formicariums","10":"first","11":"instock","12":"taxable","13":"shipping-taxable","14":"purchasable","15":"product-type-simple"},"acf":[],"aioseo_notices":[],"jetpack_sharing_enabled":true,"_links":{"self":[{"href":"https:\/\/antcube.shop\/cs\/wp-json\/wp\/v2\/product\/2734","targetHints":{"allow":["GET"]}}],"collection":[{"href":"https:\/\/antcube.shop\/cs\/wp-json\/wp\/v2\/product"}],"about":[{"href":"https:\/\/antcube.shop\/cs\/wp-json\/wp\/v2\/types\/product"}],"replies":[{"embeddable":true,"href":"https:\/\/antcube.shop\/cs\/wp-json\/wp\/v2\/comments?post=2734"}],"wp:featuredmedia":[{"embeddable":true,"href":"https:\/\/antcube.shop\/cs\/wp-json\/wp\/v2\/media\/328"}],"wp:attachment":[{"href":"https:\/\/antcube.shop\/cs\/wp-json\/wp\/v2\/media?parent=2734"}],"wp:term":[{"taxonomy":"product_brand","embeddable":true,"href":"https:\/\/antcube.shop\/cs\/wp-json\/wp\/v2\/product_brand?post=2734"},{"taxonomy":"product_cat","embeddable":true,"href":"https:\/\/antcube.shop\/cs\/wp-json\/wp\/v2\/product_cat?post=2734"},{"taxonomy":"product_tag","embeddable":true,"href":"https:\/\/antcube.shop\/cs\/wp-json\/wp\/v2\/product_tag?post=2734"}],"curies":[{"name":"wp","href":"https:\/\/api.w.org\/{rel}","templated":true}]}}