{"id":2728,"date":"2021-10-08T12:02:35","date_gmt":"2021-10-08T10:02:35","guid":{"rendered":"https:\/\/antcube.shop\/produkt\/antcube-starter-set-fur-blattschneiderarten-klein\/"},"modified":"2026-04-01T13:27:59","modified_gmt":"2026-04-01T11:27:59","slug":"antcube-starter-set-fur-blattschneiderarten-klein","status":"publish","type":"product","link":"https:\/\/antcube.shop\/cs\/produkt\/antcube-starter-set-fur-blattschneiderarten-klein\/","title":{"rendered":"ANTCUBE - Startovac\u00ed sada pro mravence \u0159eza\u010de list\u016f - mal\u00e1"},"content":{"rendered":"<p><span data-text-color=\"alert\"><strong>NOVINKA od 04\/2024:<\/strong><\/span><br \/>\n<strong>Krm\u00edtko se nyn\u00ed dod\u00e1v\u00e1 jako ar\u00e9na o rozm\u011brech 20x20x40 cm. Z\u016fst\u00e1v\u00e1 tak v\u00edce prostoru pro krmivo.<\/strong><br \/>\n<strong>Star\u00e9 konektory jsme nahradili zcela pr\u016fhledn\u00fdmi nov\u00fdmi konektory, v\u010detn\u011b zcela pr\u016fhledn\u00fdch matic.<\/strong><br \/>\n<strong>Do v\u0161ech umyvadel jsme tak\u00e9 p\u0159idali mraven\u010d\u00ed podlo\u017eky (ochrana n\u00e1bytku a umyvadel a proti vibrac\u00edm).<\/strong><\/p>\n<p>&nbsp;<\/p>\n<p><strong>Zahrnuje:<\/strong><\/p>\n<p>2x ANTCUBE Arena 20x20x20cm<br \/>\n1x ANTCUBE Arena 20x20x40 cm vysok\u00e1<br \/>\n3x mraveni\u0161t\u011b r\u00e1m 20x20cm<br \/>\n3x kryt na mraveni\u0161t\u011b 20x20cm<br \/>\n12x upev\u0148ovac\u00ed bod pro kryt ar\u00e9ny<\/p>\n<p>1x mraven\u010d\u00ed trubice - k\u0159i\u0161\u0165\u00e1lov\u011b \u010dir\u00e1 32 mm - 1 m (p\u016flen\u00e1)<br \/>\n1x substr\u00e1t - de\u0161tn\u00fd prales - 1 kg<br \/>\n1x granul\u00e1t Formicarium 200ml - b\u00e9\u017eov\u00fd<br \/>\n3x z\u00e1kladna formik\u00e1ria 20\u00d720<\/p>\n<p>2x mraven\u010d\u00ed z\u00e1tka pro 50mm otvor<br \/>\n5x Grid insert acrylic &#8211; 50 mm with sealing ring<br \/>\n2x Grid insert acrylic &#8211; 27 mm with sealing ring<br \/>\n4x konektor n\u00e1dr\u017ee 3\/4\u2033 na 32 mm - k\u0159i\u0161\u0165\u00e1lov\u011b \u010dist\u00fd<br \/>\n4x Formik\u00e1\u0159ov\u00e1 matice 3\/4 palce - k\u0159i\u0161\u0165\u00e1lov\u011b \u010dir\u00e1<\/p>\n<p>1x Foil thermometer Display<br \/>\n1x drinking clear 5ml &#8211; sponge<br \/>\n1x pinzeta z pru\u017einov\u00e9 oceli - \u0161irok\u00e1 - m\u011bkk\u00e1<br \/>\n1x pinzeta Formicarium - plastov\u00e1<br \/>\n1x ru\u010dn\u00ed lupa - 2x - 30mm<br \/>\n1x olej na ochranu proti vypuknut\u00ed mraven\u010d\u00edho onemocn\u011bn\u00ed 10ml<br \/>\n1x p\u011bnov\u00fd st\u011bra\u010d 150x18x2,5mm<br \/>\nRozpra\u0161ova\u010d 0,5 litru - mosazn\u00e1 tryska<br \/>\n1x okv\u011btn\u00ed l\u00edstky r\u016f\u017e\u00ed 100g - su\u0161en\u00e9<br \/>\n2\u00d7 fotost\u011bna - de\u0161tn\u00fd prales - 20\u00d720<br \/>\n1x fotost\u011bna - de\u0161tn\u00fd prales - v\u00fd\u0161ka 20\u00d740 cm<\/p>\n<p><strong>Popis:<\/strong><br \/>\nThis expandable starter set for all leafcutter ant species contains, in addition to the optimally adapted formicarium, the appropriate accessories for keeping these ants. The basins are easy to use for feeding and cleaning. The large holes (27 mm) and tubes not only make it easy to observe the ants, they also allow the animals to remove large pieces of leaf. The stainless steel mesh inserts ensure good ventilation and are robust against mechanical impact. Even large colonies of leaf-cutter ants, which are very fond of cutting, are unable to penetrate them. The sturdy tube connectors are also absolutely bite-proof. The humidity can be increased using the spray bottle.<\/p>\n<p><strong>D\u016fle\u017eit\u00e9:<\/strong> P\u0159ed pou\u017eit\u00edm substr\u00e1t navlh\u010dete, aby se sm\u011bs mohla v mraveni\u0161ti spojit a pevn\u011b uchytit. Pokud je nav\u00edc substr\u00e1t p\u0159\u00edli\u0161 such\u00fd a pra\u0161n\u00fd, m\u016f\u017ee doj\u00edt k zablokov\u00e1n\u00ed d\u00fdchac\u00edch cest mravenc\u016f a v nejhor\u0161\u00edm p\u0159\u00edpad\u011b k udu\u0161en\u00ed zv\u00ed\u0159at.<\/p>\n<p><strong>Pozn\u00e1mky k v\u00fdrob\u011b<\/strong><br \/>\nSklo je \u0159ez\u00e1no na m\u00edru podle normy DIN 1249 s toleranc\u00ed +\/- 1 mm. U extr\u00e9mn\u011b mal\u00fdch druh\u016f mravenc\u016f je nezbytn\u00e1 dodate\u010dn\u00e1 ochrana proti \u00faniku.<\/p>","protected":false},"excerpt":{"rendered":"<p>Sada se skl\u00e1d\u00e1 ze 43 d\u00edl\u016f<br \/>\nVelikost: <span style=\"color: #ed1c24;\"><strong>XL<\/strong><\/span><\/p>","protected":false},"featured_media":7666,"comment_status":"open","ping_status":"closed","template":"","meta":{"_acf_changed":false,"content-type":"","_monsterinsights_skip_tracking":false,"_monsterinsights_sitenote_active":false,"_monsterinsights_sitenote_note":"","_monsterinsights_sitenote_category":0},"product_brand":[],"product_cat":[73,79],"product_tag":[],"class_list":{"0":"post-2728","1":"product","2":"type-product","3":"status-publish","4":"has-post-thumbnail","6":"product_cat-starter-sets","7":"product_cat-starter-sets-for-leafcutter-ants","9":"first","10":"instock","11":"taxable","12":"shipping-taxable","13":"purchasable","14":"product-type-simple"},"acf":[],"aioseo_notices":[],"jetpack_sharing_enabled":true,"_links":{"self":[{"href":"https:\/\/antcube.shop\/cs\/wp-json\/wp\/v2\/product\/2728","targetHints":{"allow":["GET"]}}],"collection":[{"href":"https:\/\/antcube.shop\/cs\/wp-json\/wp\/v2\/product"}],"about":[{"href":"https:\/\/antcube.shop\/cs\/wp-json\/wp\/v2\/types\/product"}],"replies":[{"embeddable":true,"href":"https:\/\/antcube.shop\/cs\/wp-json\/wp\/v2\/comments?post=2728"}],"wp:featuredmedia":[{"embeddable":true,"href":"https:\/\/antcube.shop\/cs\/wp-json\/wp\/v2\/media\/7666"}],"wp:attachment":[{"href":"https:\/\/antcube.shop\/cs\/wp-json\/wp\/v2\/media?parent=2728"}],"wp:term":[{"taxonomy":"product_brand","embeddable":true,"href":"https:\/\/antcube.shop\/cs\/wp-json\/wp\/v2\/product_brand?post=2728"},{"taxonomy":"product_cat","embeddable":true,"href":"https:\/\/antcube.shop\/cs\/wp-json\/wp\/v2\/product_cat?post=2728"},{"taxonomy":"product_tag","embeddable":true,"href":"https:\/\/antcube.shop\/cs\/wp-json\/wp\/v2\/product_tag?post=2728"}],"curies":[{"name":"wp","href":"https:\/\/api.w.org\/{rel}","templated":true}]}}