{"id":2727,"date":"2021-10-08T12:02:25","date_gmt":"2021-10-08T10:02:25","guid":{"rendered":"https:\/\/antcube.shop\/produkt\/antcube-starter-set-fur-weberameisen\/"},"modified":"2026-04-09T14:37:31","modified_gmt":"2026-04-09T12:37:31","slug":"antcube-starter-set-fur-weberameisen","status":"publish","type":"product","link":"https:\/\/antcube.shop\/cs\/produkt\/antcube-starter-set-fur-weberameisen\/","title":{"rendered":"ANTCUBE - Startovac\u00ed sada pro mravence tkalce - mal\u00e1"},"content":{"rendered":"<p><strong>Obsah:<\/strong><br \/>\n1x ANTCUBE - Arena 20x20x40 - vysok\u00e1<br \/>\n1x r\u00e1m pro mraveni\u0161t\u011b 20\u00d720<br \/>\n1x kryt mraveni\u0161t\u011b 20\u00d720<br \/>\n4x upev\u0148ovac\u00ed bod pro kryt ar\u00e9ny<\/p>\n<p>1x fotost\u011bna - de\u0161tn\u00fd prales - 20\u00d740 - vysok\u00e1<br \/>\nRozpra\u0161ova\u010d 0,5 litru - mosazn\u00e1 tryska<\/p>\n<p>1x substr\u00e1t - de\u0161tn\u00fd prales - 1 kg<br \/>\n2x Grid insert acrylic &#8211; 50 mm with sealing ring<br \/>\n2x Grid insert acrylic &#8211; 27 mm with sealing ring<\/p>\n<p>1x drinking clear 5ml &#8211; sponge<br \/>\n1x Feeding dish white rectangle &#8211; 3 compartments<br \/>\n1x Drinking trough 2ml &#8211; 360 Degrees<\/p>\n<p>1x Foil thermometer display<br \/>\n1x Pad for Formicarium 20&#215;20<br \/>\n1x pinzeta z pru\u017einov\u00e9 oceli \u0161irok\u00e1 - m\u011bkk\u00e1<br \/>\n1x plastov\u00e1 pinzeta standard<br \/>\n1x Olej na ochranu proti mravenc\u016fm 10ml<br \/>\n1x Ru\u010dn\u00ed lupa - 2x - 30 mm<br \/>\n1x p\u011bnov\u00fd st\u011bra\u010d 150x18x2,5 mm<\/p>\n<p><strong>Popis:<\/strong><br \/>\nThis expandable starter set for various weaver ant species such as Polyrhachis spec. or Oecophylla spec. includes not only the optimally adapted formicarium but also the appropriate accessories for keeping this ant species. Suitable for colonies of up to approx. 500 animals. For larger colonies we recommend a 30x30x60cm formicarium. The &#8220;Drinking trough 2ml &#8211; 360 degrees&#8221; is intended for honey\/sugar solution, the &#8220;Drinking trough clear 5ml &#8211; sponge&#8221; for water. The &#8220;Foil thermometer display&#8221; can be attached to the frame or the cover and displays the climate values.<\/p>\n<p><strong>D\u016fle\u017eit\u00e9:<\/strong> P\u0159ed pou\u017eit\u00edm substr\u00e1t navlh\u010dete, aby se sm\u011bs mohla v mraveni\u0161ti spojit a pevn\u011b uchytit. Pokud je nav\u00edc substr\u00e1t p\u0159\u00edli\u0161 such\u00fd a pra\u0161n\u00fd, m\u016f\u017ee doj\u00edt k zablokov\u00e1n\u00ed d\u00fdchac\u00edch cest mravenc\u016f a v nejhor\u0161\u00edm p\u0159\u00edpad\u011b k udu\u0161en\u00ed zv\u00ed\u0159at.<\/p>\n<p><strong>Pozn\u00e1mky k v\u00fdrob\u011b<\/strong><br \/>\nSklo je \u0159ez\u00e1no na m\u00edru podle normy DIN 1249 s toleranc\u00ed +\/- 1 mm. U extr\u00e9mn\u011b mal\u00fdch druh\u016f mravenc\u016f je nezbytn\u00e1 dodate\u010dn\u00e1 ochrana proti \u00faniku.<\/p>","protected":false},"excerpt":{"rendered":"<p>The set consists of 20 parts.<br \/>\nVelikost: <span style=\"color: #ed1c24;\"><strong>XL<\/strong><\/span><\/p>","protected":false},"featured_media":1282,"comment_status":"open","ping_status":"closed","template":"","meta":{"_acf_changed":false,"content-type":"","_monsterinsights_skip_tracking":false,"_monsterinsights_sitenote_active":false,"_monsterinsights_sitenote_note":"","_monsterinsights_sitenote_category":0},"product_brand":[],"product_cat":[354,73],"product_tag":[],"class_list":{"0":"post-2727","1":"product","2":"type-product","3":"status-publish","4":"has-post-thumbnail","6":"product_cat-starter-sets-for-weaver-ants","7":"product_cat-starter-sets","9":"first","10":"instock","11":"taxable","12":"shipping-taxable","13":"purchasable","14":"product-type-simple"},"acf":[],"aioseo_notices":[],"jetpack_sharing_enabled":true,"_links":{"self":[{"href":"https:\/\/antcube.shop\/cs\/wp-json\/wp\/v2\/product\/2727","targetHints":{"allow":["GET"]}}],"collection":[{"href":"https:\/\/antcube.shop\/cs\/wp-json\/wp\/v2\/product"}],"about":[{"href":"https:\/\/antcube.shop\/cs\/wp-json\/wp\/v2\/types\/product"}],"replies":[{"embeddable":true,"href":"https:\/\/antcube.shop\/cs\/wp-json\/wp\/v2\/comments?post=2727"}],"wp:featuredmedia":[{"embeddable":true,"href":"https:\/\/antcube.shop\/cs\/wp-json\/wp\/v2\/media\/1282"}],"wp:attachment":[{"href":"https:\/\/antcube.shop\/cs\/wp-json\/wp\/v2\/media?parent=2727"}],"wp:term":[{"taxonomy":"product_brand","embeddable":true,"href":"https:\/\/antcube.shop\/cs\/wp-json\/wp\/v2\/product_brand?post=2727"},{"taxonomy":"product_cat","embeddable":true,"href":"https:\/\/antcube.shop\/cs\/wp-json\/wp\/v2\/product_cat?post=2727"},{"taxonomy":"product_tag","embeddable":true,"href":"https:\/\/antcube.shop\/cs\/wp-json\/wp\/v2\/product_tag?post=2727"}],"curies":[{"name":"wp","href":"https:\/\/api.w.org\/{rel}","templated":true}]}}