{"id":2719,"date":"2021-10-08T12:01:10","date_gmt":"2021-10-08T10:01:10","guid":{"rendered":"https:\/\/antcube.shop\/produkt\/meranoplus-bicolor\/"},"modified":"2023-12-21T17:25:52","modified_gmt":"2023-12-21T16:25:52","slug":"meranoplus-bicolor","status":"publish","type":"product","link":"https:\/\/antcube.shop\/cs\/produkt\/meranoplus-bicolor\/","title":{"rendered":"Meranoplus bicolor"},"content":{"rendered":"<p>&nbsp;<\/p>\n<table border=\"1\" cellspacing=\"1\" cellpadding=\"1\">\n<tbody>\n<tr>\n<td><strong>Latinsk\u00fd n\u00e1zev:<\/strong><\/td>\n<td><strong><img data-recalc-dims=\"1\" loading=\"lazy\" decoding=\"async\" src=\"https:\/\/i0.wp.com\/www.antstore.net\/shop\/images\/icons\/ants\/lateinname.jpg?resize=30%2C30&#038;ssl=1\" alt=\"\" width=\"30\" height=\"30\" \/><\/strong><\/td>\n<td><em>Meranoplus bicolor<\/em><\/td>\n<\/tr>\n<tr>\n<td><strong>Trivi\u00e1ln\u00ed n\u00e1zev:<\/strong><\/td>\n<td><strong><img data-recalc-dims=\"1\" loading=\"lazy\" decoding=\"async\" src=\"https:\/\/i0.wp.com\/www.antstore.net\/shop\/images\/icons\/ants\/trivialname.jpg?resize=30%2C30&#038;ssl=1\" alt=\"\" width=\"30\" height=\"30\" \/><\/strong><\/td>\n<td>&#8211;<\/td>\n<\/tr>\n<tr>\n<td><strong>Taxonomie:<\/strong><\/td>\n<td><strong><img data-recalc-dims=\"1\" loading=\"lazy\" decoding=\"async\" src=\"https:\/\/i0.wp.com\/www.antstore.net\/shop\/images\/icons\/ants\/taxonomie.jpg?resize=30%2C30&#038;ssl=1\" alt=\"\" width=\"30\" height=\"30\" \/><\/strong><\/td>\n<td><strong>Pod\u010dele\u010f:<\/strong> Myrmicinae <strong>Kmen:<\/strong> Meranoplini<\/td>\n<\/tr>\n<tr>\n<td><strong>\u00darove\u0148 udr\u017eov\u00e1n\u00ed:<\/strong><\/td>\n<td><strong><img data-recalc-dims=\"1\" loading=\"lazy\" decoding=\"async\" src=\"https:\/\/i0.wp.com\/www.antstore.net\/shop\/images\/icons\/ants\/haltungsklasse.jpg?resize=30%2C30&#038;ssl=1\" alt=\"\" width=\"30\" height=\"30\" \/><\/strong><\/td>\n<td><strong>(2) <\/strong>maj\u00ed vy\u0161\u0161\u00ed n\u00e1roky na klima a prevenci \u00fanik\u016f<\/td>\n<\/tr>\n<tr>\n<td><strong>Distribuce:<\/strong><\/td>\n<td><strong><img data-recalc-dims=\"1\" loading=\"lazy\" decoding=\"async\" src=\"https:\/\/i0.wp.com\/www.antstore.net\/shop\/images\/icons\/ants\/verbreitung.jpg?resize=30%2C30&#038;ssl=1\" alt=\"\" width=\"30\" height=\"30\" \/><\/strong><\/td>\n<td>Jihov\u00fdchodn\u00ed Asie<\/td>\n<\/tr>\n<tr>\n<td><span style=\"font-family: Arial;\"><b>S\u00eddli\u0161t\u011b:<\/b><\/span><\/td>\n<td><strong><img data-recalc-dims=\"1\" loading=\"lazy\" decoding=\"async\" src=\"https:\/\/i0.wp.com\/www.antstore.net\/shop\/images\/icons\/ants\/habitat.jpg?resize=30%2C30&#038;ssl=1\" alt=\"\" width=\"30\" height=\"30\" \/><\/strong><\/td>\n<td><span style=\"font-family: Arial;\">preferuje polosuch\u00e9 a vlhk\u00e9 lesy<\/span><\/td>\n<\/tr>\n<tr>\n<td><strong>Forma kolonie:<\/strong><\/td>\n<td><strong><img data-recalc-dims=\"1\" loading=\"lazy\" decoding=\"async\" src=\"https:\/\/i0.wp.com\/www.antstore.net\/shop\/images\/icons\/ants\/Kolonieform.jpg?resize=30%2C30&#038;ssl=1\" alt=\"\" width=\"30\" height=\"30\" \/><\/strong><\/td>\n<td>monogyne<\/td>\n<\/tr>\n<tr>\n<td><strong>Kr\u00e1lovna:<\/strong><\/td>\n<td><strong><img data-recalc-dims=\"1\" loading=\"lazy\" decoding=\"async\" src=\"https:\/\/i0.wp.com\/www.antstore.net\/shop\/images\/icons\/ants\/koenigin.jpg?resize=30%2C30&#038;ssl=1\" alt=\"\" width=\"30\" height=\"30\" \/><\/strong><\/td>\n<td><strong>Velikost:<\/strong> 8 - 9 mm <strong>Barva:<\/strong> Hlava a hrudn\u00ed ko\u0161 \u010dern\u00e9, hrudn\u00ed ko\u0161 \u010dervenohn\u011bd\u00fd<\/td>\n<\/tr>\n<tr>\n<td><strong>Pracovn\u00edk:<\/strong><\/td>\n<td><img data-recalc-dims=\"1\" loading=\"lazy\" decoding=\"async\" src=\"https:\/\/i0.wp.com\/www.antstore.net\/shop\/images\/icons\/ants\/arbeiterin.jpg?resize=30%2C30&#038;ssl=1\" alt=\"\" width=\"30\" height=\"30\" \/><\/td>\n<td><strong>Velikost:<\/strong><span style=\"font-family: Arial;\"> 3- 5mm <\/span><strong>Barva:<\/strong><span style=\"font-family: Arial;\">\u00a0Hlava a hrudn\u00ed ko\u0161 \u010dern\u00e9, hrudn\u00ed ko\u0161 \u010dervenohn\u011bd\u00fd<\/span><\/td>\n<\/tr>\n<tr>\n<td><strong>Voj\u00e1k:<\/strong><\/td>\n<td><img data-recalc-dims=\"1\" loading=\"lazy\" decoding=\"async\" src=\"https:\/\/i0.wp.com\/www.antstore.net\/shop\/images\/icons\/ants\/soldaten.jpg?resize=30%2C30&#038;ssl=1\" alt=\"\" width=\"30\" height=\"30\" \/><\/td>\n<td>nen\u00ed p\u0159\u00edtomen<\/td>\n<\/tr>\n<tr>\n<td><strong>Mu\u017ei:<\/strong><\/td>\n<td><img data-recalc-dims=\"1\" loading=\"lazy\" decoding=\"async\" src=\"https:\/\/i0.wp.com\/www.antstore.net\/shop\/images\/icons\/ants\/maennchen.jpg?resize=30%2C30&#038;ssl=1\" alt=\"\" width=\"30\" height=\"30\" \/><\/td>\n<td><strong>Velikost:<\/strong> &#8211;<strong> Barva:<\/strong> &#8211;<\/td>\n<\/tr>\n<tr>\n<td><b><span style=\"font-family: Arial;\">V\u00fd\u017eiva<\/span><\/b><\/td>\n<td><img data-recalc-dims=\"1\" loading=\"lazy\" decoding=\"async\" src=\"https:\/\/i0.wp.com\/www.antstore.net\/shop\/images\/icons\/ants\/nahrung.jpg?resize=30%2C30&#038;ssl=1\" alt=\"\" width=\"30\" height=\"30\" \/><\/td>\n<td>Medov\u00e1 voda, hmyz, nap\u0159. dvouk\u0159\u00eddl\u00ed (Dipterans) jako jsou mouchy nebo\u00a0<span style=\"font-family: Arial;\">Kom\u00e1\u0159i, Obiloviny<\/span><\/td>\n<\/tr>\n<tr>\n<td><strong>Vlhkost vzduchu:<\/strong><\/td>\n<td><strong><img data-recalc-dims=\"1\" loading=\"lazy\" decoding=\"async\" src=\"https:\/\/i0.wp.com\/www.antstore.net\/shop\/images\/icons\/ants\/feuchtigkeit.jpg?resize=30%2C30&#038;ssl=1\" alt=\"\" width=\"30\" height=\"30\" \/><\/strong><\/td>\n<td><strong>Ar\u00e9na:<\/strong> 30 &#8211; 50% <strong>Nestpart:<\/strong> 50 &#8211; 70%<\/td>\n<\/tr>\n<tr>\n<td><strong>Teplota:<\/strong><\/td>\n<td><strong><img data-recalc-dims=\"1\" loading=\"lazy\" decoding=\"async\" src=\"https:\/\/i0.wp.com\/www.antstore.net\/shop\/images\/icons\/ants\/temperatur.jpg?resize=30%2C30&#038;ssl=1\" alt=\"\" width=\"30\" height=\"30\" \/><\/strong><\/td>\n<td><strong>Ar\u00e9na:<\/strong> 21 - 28\u00b0C <strong>Nestpart:<\/strong> 24 - 28\u00b0C<\/td>\n<\/tr>\n<tr>\n<td><strong>Hibernace:<\/strong><\/td>\n<td><img data-recalc-dims=\"1\" loading=\"lazy\" decoding=\"async\" src=\"https:\/\/i0.wp.com\/www.antstore.net\/shop\/images\/icons\/ants\/winterruhe.jpg?resize=30%2C30&#038;ssl=1\" alt=\"\" width=\"30\" height=\"30\" \/><\/td>\n<td>ne<\/td>\n<\/tr>\n<tr>\n<td><strong>Nestform:<\/strong><\/td>\n<td><img data-recalc-dims=\"1\" loading=\"lazy\" decoding=\"async\" src=\"https:\/\/i0.wp.com\/www.antstore.net\/shop\/images\/icons\/ants\/nestform.jpg?resize=30%2C30&#038;ssl=1\" alt=\"\" width=\"30\" height=\"30\" \/><\/td>\n<td>Hn\u00edzdo si stav\u00ed v p\u016fd\u011b i ve ztrouchniv\u011bl\u00e9m d\u0159ev\u011b.<\/td>\n<\/tr>\n<tr>\n<td><strong>Druh Formicaria:<\/strong><\/td>\n<td><img data-recalc-dims=\"1\" loading=\"lazy\" decoding=\"async\" src=\"https:\/\/i0.wp.com\/www.antstore.net\/shop\/images\/icons\/ants\/formicarienart.jpg?resize=30%2C30&#038;ssl=1\" alt=\"\" width=\"30\" height=\"30\" \/><\/td>\n<td>Farm, Farmbasin, Basin, Framebasin, Island, Acrylcylinder, Acrylflatformicaria, Ytong\/Plasternest<\/td>\n<\/tr>\n<tr>\n<td><strong>Velikost Formicaria:<\/strong><\/td>\n<td><strong><img data-recalc-dims=\"1\" loading=\"lazy\" decoding=\"async\" src=\"https:\/\/i0.wp.com\/www.antstore.net\/shop\/images\/icons\/ants\/formicariengroesse.jpg?resize=30%2C30&#038;ssl=1\" alt=\"\" width=\"30\" height=\"30\" \/><\/strong><\/td>\n<td><strong>Velikost:\u00a0<\/strong>\u00a0<strong>S -\u00a0<\/strong><strong><span style=\"color: #339966;\">M<\/span><\/strong><\/td>\n<\/tr>\n<tr>\n<td><strong>Substr\u00e1t:<\/strong><\/td>\n<td><strong><img data-recalc-dims=\"1\" loading=\"lazy\" decoding=\"async\" src=\"https:\/\/i0.wp.com\/www.antstore.net\/shop\/images\/icons\/ants\/substrat.jpg?resize=30%2C30&#038;ssl=1\" alt=\"\" width=\"30\" height=\"30\" \/><\/strong><\/td>\n<td><strong>Farma:<\/strong> Sand-Loam, Cork <strong>Ar\u00e9na:<\/strong> P\u00edsek, p\u00edsek-p\u011bna<\/td>\n<\/tr>\n<tr>\n<td><strong>V\u00fdsadba:<\/strong><\/td>\n<td><img data-recalc-dims=\"1\" loading=\"lazy\" decoding=\"async\" src=\"https:\/\/i0.wp.com\/www.antstore.net\/shop\/images\/icons\/ants\/bepflanzung.jpg?resize=30%2C30&#038;ssl=1\" alt=\"\" width=\"30\" height=\"30\" \/><\/td>\n<td>podobn\u00e9 lesn\u00edm ploch\u00e1m s mechem, tr\u00e1vou a dal\u0161\u00edmi rostlinami.<\/td>\n<\/tr>\n<tr>\n<td><strong>Dekorace:<\/strong><\/td>\n<td><img data-recalc-dims=\"1\" loading=\"lazy\" decoding=\"async\" src=\"https:\/\/i0.wp.com\/www.antstore.net\/shop\/images\/icons\/ants\/dekoration.jpg?resize=30%2C30&#038;ssl=1\" alt=\"\" width=\"30\" height=\"30\" \/><\/td>\n<td>V\u011btve, ko\u0159eny, stromov\u00e1 semena, listov\u00fd opad<\/td>\n<\/tr>\n<tr>\n<td><strong>Popis:<\/strong><\/td>\n<td><img data-recalc-dims=\"1\" loading=\"lazy\" decoding=\"async\" src=\"https:\/\/i0.wp.com\/www.antstore.net\/shop\/images\/icons\/ants\/beschreibung.jpg?resize=30%2C30&#038;ssl=1\" alt=\"\" width=\"30\" height=\"30\" \/><\/td>\n<td><span style=\"font-family: Arial;\">Mal\u00fd mravenec, kter\u00fd pou\u017e\u00edv\u00e1 \u00fa\u010dinn\u00fd repelent proti ostatn\u00edm protivn\u00edk\u016fm. Pohybuj\u00ed se velmi pomalu, i kdy\u017e jsou vyru\u0161eni.<\/span><\/td>\n<\/tr>\n<tr>\n<td><strong>V\u00fdvoj:<\/strong><\/td>\n<td><strong><img data-recalc-dims=\"1\" loading=\"lazy\" decoding=\"async\" src=\"https:\/\/i0.wp.com\/www.antstore.net\/shop\/images\/icons\/ants\/entwicklung.jpg?resize=30%2C30&#038;ssl=1\" alt=\"\" width=\"30\" height=\"30\" \/><\/strong><\/td>\n<td><strong>p\u00e1\u0159\u00edc\u00ed let:<\/strong><br \/>\n<strong>zalo\u017een\u00ed:<\/strong><span style=\"font-family: Arial;\">\u00a0 klaustr\u00e1ln\u00ed (bez krmen\u00ed) <\/span><br \/>\n<strong>Kolonizace:<\/strong><span style=\"font-family: Arial;\"> a\u017e 10 000 osob<\/span><\/td>\n<\/tr>\n<tr>\n<td><strong>Mno\u017estv\u00ed:<\/strong><\/td>\n<td><img data-recalc-dims=\"1\" loading=\"lazy\" decoding=\"async\" src=\"https:\/\/i0.wp.com\/www.antstore.net\/shop\/images\/icons\/ants\/menge.jpg?resize=30%2C30&#038;ssl=1\" alt=\"\" width=\"30\" height=\"30\" \/><\/td>\n<td>jedna oplozen\u00e1 matka s d\u011blnicemi (viz v\u00fdb\u011br); l\u00edhe\u0148 (v z\u00e1vislosti na ro\u010dn\u00edm obdob\u00ed a v\u00fdvoji).<\/td>\n<\/tr>\n<tr>\n<td><strong>Webov\u00e9 odkazy:<\/strong><\/td>\n<td><a href=\"http:\/\/www.antstore.net\/viewforum.php?f=9\"><span style=\"color: #0000ff;\"><img data-recalc-dims=\"1\" loading=\"lazy\" decoding=\"async\" src=\"https:\/\/i0.wp.com\/www.antstore.net\/shop\/images\/icons\/ants\/weblinks.jpg?resize=30%2C30&#038;ssl=1\" alt=\"\" width=\"30\" height=\"30\" \/><\/span><\/a><\/td>\n<td><a href=\"http:\/\/www.antstore.net\/viewforum.php?f=130\"><span style=\"color: #0000ff;\">- F\u00f3rum<\/span><\/a><\/p>\n<p><span style=\"color: #0000ff;\"><a href=\"http:\/\/www.antweb.org\/description.do?name=bicolor&amp;genus=meranoplus&amp;rank=species&amp;project=borneoants\">- Odkaz<\/a><\/span><\/td>\n<\/tr>\n<\/tbody>\n<\/table>","protected":false},"excerpt":{"rendered":"<p>Udr\u017een\u00ed \u00farovn\u011b 2 - \u00darove\u0148 rizika 2<br \/>\nVelikost: <span style=\"color: #000000;\">\u00a0<\/span><strong>S -\u00a0<\/strong><strong><span style=\"color: #339966;\">M<\/span><\/strong><\/p>","protected":false},"featured_media":3337,"comment_status":"open","ping_status":"closed","template":"","meta":{"_acf_changed":false,"content-type":"","_monsterinsights_skip_tracking":false,"_monsterinsights_sitenote_active":false,"_monsterinsights_sitenote_note":"","_monsterinsights_sitenote_category":0},"product_brand":[],"product_cat":[107,112],"product_tag":[],"class_list":{"0":"post-2719","1":"product","2":"type-product","3":"status-publish","4":"has-post-thumbnail","6":"product_cat-ants","7":"product_cat-asia","9":"first","10":"instock","11":"product-type-external"},"acf":[],"aioseo_notices":[],"jetpack_sharing_enabled":true,"_links":{"self":[{"href":"https:\/\/antcube.shop\/cs\/wp-json\/wp\/v2\/product\/2719","targetHints":{"allow":["GET"]}}],"collection":[{"href":"https:\/\/antcube.shop\/cs\/wp-json\/wp\/v2\/product"}],"about":[{"href":"https:\/\/antcube.shop\/cs\/wp-json\/wp\/v2\/types\/product"}],"replies":[{"embeddable":true,"href":"https:\/\/antcube.shop\/cs\/wp-json\/wp\/v2\/comments?post=2719"}],"wp:featuredmedia":[{"embeddable":true,"href":"https:\/\/antcube.shop\/cs\/wp-json\/wp\/v2\/media\/3337"}],"wp:attachment":[{"href":"https:\/\/antcube.shop\/cs\/wp-json\/wp\/v2\/media?parent=2719"}],"wp:term":[{"taxonomy":"product_brand","embeddable":true,"href":"https:\/\/antcube.shop\/cs\/wp-json\/wp\/v2\/product_brand?post=2719"},{"taxonomy":"product_cat","embeddable":true,"href":"https:\/\/antcube.shop\/cs\/wp-json\/wp\/v2\/product_cat?post=2719"},{"taxonomy":"product_tag","embeddable":true,"href":"https:\/\/antcube.shop\/cs\/wp-json\/wp\/v2\/product_tag?post=2719"}],"curies":[{"name":"wp","href":"https:\/\/api.w.org\/{rel}","templated":true}]}}