{"id":2711,"date":"2021-10-08T11:59:55","date_gmt":"2021-10-08T09:59:55","guid":{"rendered":"https:\/\/antcube.shop\/produkt\/crematogaster-rogenhoferi\/"},"modified":"2023-03-21T16:10:38","modified_gmt":"2023-03-21T15:10:38","slug":"crematogaster-rogenhoferi","status":"publish","type":"product","link":"https:\/\/antcube.shop\/cs\/produkt\/crematogaster-rogenhoferi\/","title":{"rendered":"Crematogaster rogenhoferi"},"content":{"rendered":"<table border=\"1\" cellspacing=\"1\" cellpadding=\"1\">\n<tbody>\n<tr>\n<td><strong>Latinsk\u00fd n\u00e1zev:<\/strong><\/td>\n<td><strong><img data-recalc-dims=\"1\" loading=\"lazy\" decoding=\"async\" src=\"https:\/\/i0.wp.com\/www.antstore.net\/shop\/images\/icons\/ants\/lateinname.jpg?resize=30%2C30&#038;ssl=1\" alt=\"\" width=\"30\" height=\"30\" \/><\/strong><\/td>\n<td><em>Crematogaster rogenhoferi<\/em><\/td>\n<\/tr>\n<tr>\n<td><strong>Trivi\u00e1ln\u00ed n\u00e1zev:<\/strong><\/td>\n<td><strong><img data-recalc-dims=\"1\" loading=\"lazy\" decoding=\"async\" src=\"https:\/\/i0.wp.com\/www.antstore.net\/shop\/images\/icons\/ants\/trivialname.jpg?resize=30%2C30&#038;ssl=1\" alt=\"\" width=\"30\" height=\"30\" \/><\/strong><\/td>\n<td>&#8211;<\/td>\n<\/tr>\n<tr>\n<td><strong>Taxonomie:<\/strong><\/td>\n<td><strong><img data-recalc-dims=\"1\" loading=\"lazy\" decoding=\"async\" src=\"https:\/\/i0.wp.com\/www.antstore.net\/shop\/images\/icons\/ants\/taxonomie.jpg?resize=30%2C30&#038;ssl=1\" alt=\"\" width=\"30\" height=\"30\" \/><\/strong><\/td>\n<td><strong>Pod\u010dele\u010f:<\/strong> Myrmicinae <strong>Kmen:<\/strong> Crematogastrini<\/td>\n<\/tr>\n<tr>\n<td><strong>\u00darove\u0148 udr\u017eov\u00e1n\u00ed:<\/strong><\/td>\n<td><strong><img data-recalc-dims=\"1\" loading=\"lazy\" decoding=\"async\" src=\"https:\/\/i0.wp.com\/www.antstore.net\/shop\/images\/icons\/ants\/haltungsklasse.jpg?resize=30%2C30&#038;ssl=1\" alt=\"\" width=\"30\" height=\"30\" \/><\/strong><\/td>\n<td><strong>(2)<\/strong>\u00a0vykazuje vy\u0161\u0161\u00ed n\u00e1roky na klima a prevenci \u00faniku<\/td>\n<\/tr>\n<tr>\n<td><strong>Distribuce:<\/strong><\/td>\n<td><strong><img data-recalc-dims=\"1\" loading=\"lazy\" decoding=\"async\" src=\"https:\/\/i0.wp.com\/www.antstore.net\/shop\/images\/icons\/ants\/verbreitung.jpg?resize=30%2C30&#038;ssl=1\" alt=\"\" width=\"30\" height=\"30\" \/><\/strong><\/td>\n<td>Jihov\u00fdchodn\u00ed Asie<\/td>\n<\/tr>\n<tr>\n<td><strong>Zvyknout si:<\/strong><\/td>\n<td><strong><img data-recalc-dims=\"1\" loading=\"lazy\" decoding=\"async\" src=\"https:\/\/i0.wp.com\/www.antstore.net\/shop\/images\/icons\/ants\/habitat.jpg?resize=30%2C30&#038;ssl=1\" alt=\"\" width=\"30\" height=\"30\" \/><\/strong><\/td>\n<td>tropick\u00fd de\u0161tn\u00fd prales<\/td>\n<\/tr>\n<tr>\n<td><strong>Forma kolonie:<\/strong><\/td>\n<td><strong><img data-recalc-dims=\"1\" loading=\"lazy\" decoding=\"async\" src=\"https:\/\/i0.wp.com\/www.antstore.net\/shop\/images\/icons\/ants\/Kolonieform.jpg?resize=30%2C30&#038;ssl=1\" alt=\"\" width=\"30\" height=\"30\" \/><\/strong><\/td>\n<td>fakultativn\u00ed polygyna<\/td>\n<\/tr>\n<tr>\n<td><strong>Kr\u00e1lovna:<\/strong><\/td>\n<td><strong><img data-recalc-dims=\"1\" loading=\"lazy\" decoding=\"async\" src=\"https:\/\/i0.wp.com\/www.antstore.net\/shop\/images\/icons\/ants\/koenigin.jpg?resize=30%2C30&#038;ssl=1\" alt=\"\" width=\"30\" height=\"30\" \/><\/strong><\/td>\n<td><strong>Velikost:<\/strong> 10 mm\u00a0<strong>Barva:<\/strong> b\u00e9\u017eov\u00e1, Gaster hn\u011bd\u00e1<\/td>\n<\/tr>\n<tr>\n<td><strong>Pracovn\u00edk:<\/strong><\/td>\n<td><img data-recalc-dims=\"1\" loading=\"lazy\" decoding=\"async\" src=\"https:\/\/i0.wp.com\/www.antstore.net\/shop\/images\/icons\/ants\/arbeiterin.jpg?resize=30%2C30&#038;ssl=1\" alt=\"\" width=\"30\" height=\"30\" \/><\/td>\n<td><strong>Velikost:<\/strong> 3 - 4 mm <strong>Barva:<\/strong> b\u00e9\u017eov\u00fd Gaster hn\u011bd\u00fd<\/td>\n<\/tr>\n<tr>\n<td><strong>Voj\u00e1k:<\/strong><\/td>\n<td><img data-recalc-dims=\"1\" loading=\"lazy\" decoding=\"async\" src=\"https:\/\/i0.wp.com\/www.antstore.net\/shop\/images\/icons\/ants\/soldaten.jpg?resize=30%2C30&#038;ssl=1\" alt=\"\" width=\"30\" height=\"30\" \/><\/td>\n<td>nen\u00ed p\u0159\u00edtomen<\/td>\n<\/tr>\n<tr>\n<td><strong>Mu\u017ei:<\/strong><\/td>\n<td><img data-recalc-dims=\"1\" loading=\"lazy\" decoding=\"async\" src=\"https:\/\/i0.wp.com\/www.antstore.net\/shop\/images\/icons\/ants\/maennchen.jpg?resize=30%2C30&#038;ssl=1\" alt=\"\" width=\"30\" height=\"30\" \/><\/td>\n<td><strong>Velikost:<\/strong> 3,5 mm\u00a0<strong>Barva:<\/strong>\u00a0hn\u011bdo\u017elut\u00fd, nohy a tykadla b\u011blav\u011b \u017elut\u00e9<\/td>\n<\/tr>\n<tr>\n<td><strong>Nutrion:<\/strong><\/td>\n<td><img data-recalc-dims=\"1\" loading=\"lazy\" decoding=\"async\" src=\"https:\/\/i0.wp.com\/www.antstore.net\/shop\/images\/icons\/ants\/nahrung.jpg?resize=30%2C30&#038;ssl=1\" alt=\"\" width=\"30\" height=\"30\" \/><\/td>\n<td>medov\u00e1 voda a hmyz, jako jsou mouchy a cvr\u010dci.<\/td>\n<\/tr>\n<tr>\n<td><strong>Vlhkost vzduchu:<\/strong><\/td>\n<td><strong><img data-recalc-dims=\"1\" loading=\"lazy\" decoding=\"async\" src=\"https:\/\/i0.wp.com\/www.antstore.net\/shop\/images\/icons\/ants\/feuchtigkeit.jpg?resize=30%2C30&#038;ssl=1\" alt=\"\" width=\"30\" height=\"30\" \/><\/strong><\/td>\n<td><strong>Ar\u00e9na:<\/strong> 60 &#8211; 70% <strong>Nestpart:<\/strong> 60 &#8211; 80%<\/td>\n<\/tr>\n<tr>\n<td><strong>Teplota:<\/strong><\/td>\n<td><strong><img data-recalc-dims=\"1\" loading=\"lazy\" decoding=\"async\" src=\"https:\/\/i0.wp.com\/www.antstore.net\/shop\/images\/icons\/ants\/temperatur.jpg?resize=30%2C30&#038;ssl=1\" alt=\"\" width=\"30\" height=\"30\" \/><\/strong><\/td>\n<td><strong>Ar\u00e9na:<\/strong> 21 - 30\u00b0C <strong>Nestpart:<\/strong> 21 - 28\u00b0C<\/td>\n<\/tr>\n<tr>\n<td><strong>Hibernace:<\/strong><\/td>\n<td><img data-recalc-dims=\"1\" loading=\"lazy\" decoding=\"async\" src=\"https:\/\/i0.wp.com\/www.antstore.net\/shop\/images\/icons\/ants\/winterruhe.jpg?resize=30%2C30&#038;ssl=1\" alt=\"\" width=\"30\" height=\"30\" \/><\/td>\n<td>ne<\/td>\n<\/tr>\n<tr>\n<td><strong>Nestform:<\/strong><\/td>\n<td><img data-recalc-dims=\"1\" loading=\"lazy\" decoding=\"async\" src=\"https:\/\/i0.wp.com\/www.antstore.net\/shop\/images\/icons\/ants\/nestform.jpg?resize=30%2C30&#038;ssl=1\" alt=\"\" width=\"30\" height=\"30\" \/><\/td>\n<td>stav\u011bn\u00ed pap\u00edrov\u00fdch hn\u00edzd kolem v\u011btvi\u010dek a v\u011btv\u00ed<\/td>\n<\/tr>\n<tr>\n<td><strong>Druh Formicaria:<\/strong><\/td>\n<td><img data-recalc-dims=\"1\" loading=\"lazy\" decoding=\"async\" src=\"https:\/\/i0.wp.com\/www.antstore.net\/shop\/images\/icons\/ants\/formicarienart.jpg?resize=30%2C30&#038;ssl=1\" alt=\"\" width=\"30\" height=\"30\" \/><\/td>\n<td>Farma, Farmbasin, Basin, Framebasin, Island, Acrylcylinder<\/td>\n<\/tr>\n<tr>\n<td><strong>Velikost Formicaria:<\/strong><\/td>\n<td><strong><img data-recalc-dims=\"1\" loading=\"lazy\" decoding=\"async\" src=\"https:\/\/i0.wp.com\/www.antstore.net\/shop\/images\/icons\/ants\/formicariengroesse.jpg?resize=30%2C30&#038;ssl=1\" alt=\"\" width=\"30\" height=\"30\" \/><\/strong><\/td>\n<td><strong>Velikost:<\/strong> <strong><span style=\"color: #339966;\">M<\/span><\/strong> &#8211; <strong>XL<\/strong><\/td>\n<\/tr>\n<tr>\n<td><strong>Substr\u00e1t:<\/strong><\/td>\n<td><strong><img data-recalc-dims=\"1\" loading=\"lazy\" decoding=\"async\" src=\"https:\/\/i0.wp.com\/www.antstore.net\/shop\/images\/icons\/ants\/substrat.jpg?resize=30%2C30&#038;ssl=1\" alt=\"\" width=\"30\" height=\"30\" \/><\/strong><\/td>\n<td><strong>Farma:<\/strong> P\u00edskov\u00e1 p\u011bna, korek\u00a0 <strong>Ar\u00e9na: <\/strong>P\u00edse\u010dn\u00e1 hl\u00edna, v\u011btve, d\u0159evo, ko\u0159eny,<\/td>\n<\/tr>\n<tr>\n<td><strong>V\u00fdsadba:<\/strong><\/td>\n<td><img data-recalc-dims=\"1\" loading=\"lazy\" decoding=\"async\" src=\"https:\/\/i0.wp.com\/www.antstore.net\/shop\/images\/icons\/ants\/bepflanzung.jpg?resize=30%2C30&#038;ssl=1\" alt=\"\" width=\"30\" height=\"30\" \/><\/td>\n<td>podobn\u00fd tropick\u00e9mu de\u0161tn\u00e9mu lesu<\/td>\n<\/tr>\n<tr>\n<td><strong>Dekorace:<\/strong><\/td>\n<td><img data-recalc-dims=\"1\" loading=\"lazy\" decoding=\"async\" src=\"https:\/\/i0.wp.com\/www.antstore.net\/shop\/images\/icons\/ants\/dekoration.jpg?resize=30%2C30&#038;ssl=1\" alt=\"\" width=\"30\" height=\"30\" \/><\/td>\n<td>kameny, list\u00ed, v\u011btvi\u010dky, korek<\/td>\n<\/tr>\n<tr>\n<td><strong>Popis:<\/strong><\/td>\n<td><img data-recalc-dims=\"1\" loading=\"lazy\" decoding=\"async\" src=\"https:\/\/i0.wp.com\/www.antstore.net\/shop\/images\/icons\/ants\/beschreibung.jpg?resize=30%2C30&#038;ssl=1\" alt=\"\" width=\"30\" height=\"30\" \/><\/td>\n<td>Crematogaster rogenhoferi si stav\u00ed hn\u00edzda na stromech, v\u011bt\u0161inou ve v\u00fd\u0161ce od 2,5 m do 4,5 m. Hn\u00edzda jsou p\u0159ibli\u017en\u011b 22 cm dlouh\u00e1 a 10 cm \u0161irok\u00e1. Tak\u00e9 p\u0159i pou\u017eit\u00ed ostrovn\u00edho formik\u00e1ria se doporu\u010duje hn\u00edzdo zakr\u00fdt dal\u0161\u00ed miskou. T\u00edm se tak\u00e9 snadno udr\u017euje spr\u00e1vn\u00e1 vlhkost.<\/td>\n<\/tr>\n<tr>\n<td><strong>V\u00fdvoj:<\/strong><\/td>\n<td><strong><img data-recalc-dims=\"1\" loading=\"lazy\" decoding=\"async\" src=\"https:\/\/i0.wp.com\/www.antstore.net\/shop\/images\/icons\/ants\/entwicklung.jpg?resize=30%2C30&#038;ssl=1\" alt=\"\" width=\"30\" height=\"30\" \/><\/strong><\/td>\n<td><strong>p\u00e1\u0159\u00edc\u00ed let:<\/strong> &#8211;<br \/>\n<strong>zalo\u017een\u00ed:<\/strong>\u00a0 klaustr\u00e1ln\u00ed<br \/>\n<strong>Kolonizace:<\/strong> n\u011bkolik tis\u00edc pracovn\u00edk\u016f<\/td>\n<\/tr>\n<tr>\n<td><strong>Mno\u017estv\u00ed:<\/strong><\/td>\n<td><img data-recalc-dims=\"1\" loading=\"lazy\" decoding=\"async\" src=\"https:\/\/i0.wp.com\/www.antstore.net\/shop\/images\/icons\/ants\/menge.jpg?resize=30%2C30&#038;ssl=1\" alt=\"\" width=\"30\" height=\"30\" \/><\/td>\n<td>jedna oplozen\u00e1 matka s d\u011blnicemi (viz v\u00fdb\u011br); l\u00edhe\u0148 (v z\u00e1vislosti na ro\u010dn\u00edm obdob\u00ed a v\u00fdvoji).<\/td>\n<\/tr>\n<tr>\n<td><strong>Webov\u00e9 odkazy:<\/strong><\/td>\n<td><a href=\"http:\/\/www.antstore.net\/viewforum.php?f=9\"><span style=\"color: #0000ff;\"><img data-recalc-dims=\"1\" loading=\"lazy\" decoding=\"async\" src=\"https:\/\/i0.wp.com\/www.antstore.net\/shop\/images\/icons\/ants\/weblinks.jpg?resize=30%2C30&#038;ssl=1\" alt=\"\" width=\"30\" height=\"30\" \/><\/span><\/a><\/td>\n<td><a href=\"http:\/\/www.antstore.net\/viewforum.php?f=130\"><span style=\"color: #0000ff;\">- F\u00f3rum<\/span><\/a><\/p>\n<p><span style=\"color: #0000ff;\"><a href=\"http:\/\/www.antweb.org\/description.do?genus=crematogaster&amp;name=rogenhoferi&amp;rank=species&amp;project=allantwebants\">- Odkaz<\/a><\/span><\/td>\n<\/tr>\n<\/tbody>\n<\/table>","protected":false},"excerpt":{"rendered":"<p>\u00darove\u0148 udr\u017een\u00ed 2 - \u00darove\u0148 rizika 3<br \/>\nVelikost:<span style=\"color: #000000;\"> <strong><span style=\"color: #339966;\">M<\/span><\/strong><\/span> &#8211; <strong>XL<\/strong><\/p>","protected":false},"featured_media":3349,"comment_status":"open","ping_status":"closed","template":"","meta":{"_acf_changed":false,"content-type":"","_monsterinsights_skip_tracking":false,"_monsterinsights_sitenote_active":false,"_monsterinsights_sitenote_note":"","_monsterinsights_sitenote_category":0},"product_brand":[],"product_cat":[107,112],"product_tag":[],"class_list":{"0":"post-2711","1":"product","2":"type-product","3":"status-publish","4":"has-post-thumbnail","6":"product_cat-ants","7":"product_cat-asia","9":"first","10":"instock","11":"product-type-external"},"acf":[],"aioseo_notices":[],"jetpack_sharing_enabled":true,"_links":{"self":[{"href":"https:\/\/antcube.shop\/cs\/wp-json\/wp\/v2\/product\/2711","targetHints":{"allow":["GET"]}}],"collection":[{"href":"https:\/\/antcube.shop\/cs\/wp-json\/wp\/v2\/product"}],"about":[{"href":"https:\/\/antcube.shop\/cs\/wp-json\/wp\/v2\/types\/product"}],"replies":[{"embeddable":true,"href":"https:\/\/antcube.shop\/cs\/wp-json\/wp\/v2\/comments?post=2711"}],"wp:featuredmedia":[{"embeddable":true,"href":"https:\/\/antcube.shop\/cs\/wp-json\/wp\/v2\/media\/3349"}],"wp:attachment":[{"href":"https:\/\/antcube.shop\/cs\/wp-json\/wp\/v2\/media?parent=2711"}],"wp:term":[{"taxonomy":"product_brand","embeddable":true,"href":"https:\/\/antcube.shop\/cs\/wp-json\/wp\/v2\/product_brand?post=2711"},{"taxonomy":"product_cat","embeddable":true,"href":"https:\/\/antcube.shop\/cs\/wp-json\/wp\/v2\/product_cat?post=2711"},{"taxonomy":"product_tag","embeddable":true,"href":"https:\/\/antcube.shop\/cs\/wp-json\/wp\/v2\/product_tag?post=2711"}],"curies":[{"name":"wp","href":"https:\/\/api.w.org\/{rel}","templated":true}]}}