{"id":2709,"date":"2021-10-08T11:59:36","date_gmt":"2021-10-08T09:59:36","guid":{"rendered":"https:\/\/antcube.shop\/produkt\/acromyrmex-cf-octospinosus\/"},"modified":"2023-05-11T14:50:47","modified_gmt":"2023-05-11T12:50:47","slug":"acromyrmex-cf-octospinosus","status":"publish","type":"product","link":"https:\/\/antcube.shop\/cs\/produkt\/acromyrmex-cf-octospinosus\/","title":{"rendered":"Acromyrmex cf. octospinosus"},"content":{"rendered":"<table border=\"1\" cellspacing=\"1\" cellpadding=\"1\">\n<tbody>\n<tr>\n<td><strong>Latinsk\u00fd n\u00e1zev:<\/strong><\/td>\n<td><strong><img data-recalc-dims=\"1\" loading=\"lazy\" decoding=\"async\" src=\"https:\/\/i0.wp.com\/www.antstore.net\/shop\/images\/icons\/ants\/lateinname.jpg?resize=30%2C30&#038;ssl=1\" alt=\"\" width=\"30\" height=\"30\" \/><\/strong><\/td>\n<td><em>Acromymex cf. octospinosus<\/em><\/td>\n<\/tr>\n<tr>\n<td><strong>Trivi\u00e1ln\u00ed n\u00e1zev:<\/strong><\/td>\n<td><strong><img data-recalc-dims=\"1\" loading=\"lazy\" decoding=\"async\" src=\"https:\/\/i0.wp.com\/www.antstore.net\/shop\/images\/icons\/ants\/trivialname.jpg?resize=30%2C30&#038;ssl=1\" alt=\"\" width=\"30\" height=\"30\" \/><\/strong><\/td>\n<td>Leafcutterant<\/td>\n<\/tr>\n<tr>\n<td><strong>Taxonomie:<\/strong><\/td>\n<td><strong><img data-recalc-dims=\"1\" loading=\"lazy\" decoding=\"async\" src=\"https:\/\/i0.wp.com\/www.antstore.net\/shop\/images\/icons\/ants\/taxonomie.jpg?resize=30%2C30&#038;ssl=1\" alt=\"\" width=\"30\" height=\"30\" \/><\/strong><\/td>\n<td><strong>Pod\u010dele\u010f:<\/strong> Myrmicinae <strong>Kmen:<\/strong> Attini<\/td>\n<\/tr>\n<tr>\n<td><strong>\u00darove\u0148 udr\u017eov\u00e1n\u00ed:<\/strong><\/td>\n<td><strong><img data-recalc-dims=\"1\" loading=\"lazy\" decoding=\"async\" src=\"https:\/\/i0.wp.com\/www.antstore.net\/shop\/images\/icons\/ants\/haltungsklasse.jpg?resize=30%2C30&#038;ssl=1\" alt=\"\" width=\"30\" height=\"30\" \/><\/strong><\/td>\n<td><strong>(3)<\/strong>d\u00edky jejich velk\u00fdm n\u00e1rok\u016fm na prostor a potravu a klimatick\u00fdm podm\u00ednk\u00e1m pouze pro zku\u0161en\u00e9 mravene\u010dn\u00edky.<\/td>\n<\/tr>\n<tr>\n<td><strong>Distribuce:<\/strong><\/td>\n<td><strong><img data-recalc-dims=\"1\" loading=\"lazy\" decoding=\"async\" src=\"https:\/\/i0.wp.com\/www.antstore.net\/shop\/images\/icons\/ants\/verbreitung.jpg?resize=30%2C30&#038;ssl=1\" alt=\"\" width=\"30\" height=\"30\" \/><\/strong><\/td>\n<td>Ji\u017en\u00ed Amerika<\/td>\n<\/tr>\n<tr>\n<td><strong>S\u00eddli\u0161t\u011b:<\/strong><\/td>\n<td><strong><img data-recalc-dims=\"1\" loading=\"lazy\" decoding=\"async\" src=\"https:\/\/i0.wp.com\/www.antstore.net\/shop\/images\/icons\/ants\/habitat.jpg?resize=30%2C30&#038;ssl=1\" alt=\"\" width=\"30\" height=\"30\" \/><\/strong><\/td>\n<td>m\u00edrn\u00fd de\u0161tn\u00fd prales<\/td>\n<\/tr>\n<tr>\n<td><strong>Forma kolonie:<\/strong><\/td>\n<td><strong><img data-recalc-dims=\"1\" loading=\"lazy\" decoding=\"async\" src=\"https:\/\/i0.wp.com\/www.antstore.net\/shop\/images\/icons\/ants\/Kolonieform.jpg?resize=30%2C30&#038;ssl=1\" alt=\"\" width=\"30\" height=\"30\" \/><\/strong><\/td>\n<td>polygyne<\/td>\n<\/tr>\n<tr>\n<td><strong>Kr\u00e1lovna:<\/strong><\/td>\n<td><strong><img data-recalc-dims=\"1\" loading=\"lazy\" decoding=\"async\" src=\"https:\/\/i0.wp.com\/www.antstore.net\/shop\/images\/icons\/ants\/koenigin.jpg?resize=30%2C30&#038;ssl=1\" alt=\"\" width=\"30\" height=\"30\" \/><\/strong><\/td>\n<td><strong>Velikost:<\/strong> 12 mm <strong>Barva:<\/strong> orangebrown<\/td>\n<\/tr>\n<tr>\n<td><strong>Pracovn\u00edk:<\/strong><\/td>\n<td><img data-recalc-dims=\"1\" loading=\"lazy\" decoding=\"async\" src=\"https:\/\/i0.wp.com\/www.antstore.net\/shop\/images\/icons\/ants\/arbeiterin.jpg?resize=30%2C30&#038;ssl=1\" alt=\"\" width=\"30\" height=\"30\" \/><\/td>\n<td><strong>Velikost: <\/strong>5 - 15 mm <strong>Barva:<\/strong> oran\u017eovohn\u011bd\u00fd do tmav\u011b hn\u011bd\u00fd<\/td>\n<\/tr>\n<tr>\n<td><strong>Voj\u00e1k:<\/strong><\/td>\n<td><img data-recalc-dims=\"1\" loading=\"lazy\" decoding=\"async\" src=\"https:\/\/i0.wp.com\/www.antstore.net\/shop\/images\/icons\/ants\/soldaten.jpg?resize=30%2C30&#038;ssl=1\" alt=\"\" width=\"30\" height=\"30\" \/><\/td>\n<td>nen\u00ed p\u0159\u00edtomen<\/td>\n<\/tr>\n<tr>\n<td><strong>Mu\u017ei:<\/strong><\/td>\n<td><img data-recalc-dims=\"1\" loading=\"lazy\" decoding=\"async\" src=\"https:\/\/i0.wp.com\/www.antstore.net\/shop\/images\/icons\/ants\/maennchen.jpg?resize=30%2C30&#038;ssl=1\" alt=\"\" width=\"30\" height=\"30\" \/><\/td>\n<td><strong>Velikost:<\/strong> 7 mm<strong> Barva:<\/strong>\u00a0 hn\u011bd\u00e1<\/td>\n<\/tr>\n<tr>\n<td><strong>V\u00fd\u017eiva:<\/strong><\/td>\n<td><img data-recalc-dims=\"1\" loading=\"lazy\" decoding=\"async\" src=\"https:\/\/i0.wp.com\/www.antstore.net\/shop\/images\/icons\/ants\/nahrung.jpg?resize=30%2C30&#038;ssl=1\" alt=\"\" width=\"30\" height=\"30\" \/><\/td>\n<td><span id=\"result_box\" lang=\"en\">Samop\u011bstitelskou houbu (Leucoagaricus gongylophorus) p\u011bstuj\u00ed d\u011bln\u00edci na listech a kv\u011btech rostlin z \u010deledi Rosaceae a na plodech. Specifick\u00e1 proteinov\u00e1 t\u011bl\u00edska houbov\u00fdch hyf jsou sb\u00edr\u00e1na a pod\u00e1v\u00e1na kr\u00e1lovn\u011b a plodnic\u00edm. Doporu\u010duje se krmen\u00ed cukrovou nebo medovou vodou.<br \/>\n<span class=\"hps\">potenci\u00e1ln\u00ed<\/span> <span class=\"hps\">potravin\u00e1\u0159sk\u00e9 rostliny<\/span> <span class=\"hps\">jsou<\/span>: <span class=\"hps\">ostru\u017einy, maliny<\/span>, <span class=\"hps\">r\u016f\u017ee,<\/span> <span class=\"hps\">zimostr\u00e1z<\/span>, \u010dern\u00fd bez, <span class=\"hps\">dub, l\u00edpa<\/span>, divok\u00fd <span class=\"hps\">v\u00edno<\/span> <span class=\"hps\">vedle<\/span> <span class=\"hps\">jablka,<\/span> <span class=\"hps\">pomeran\u010d, ban\u00e1n<\/span>, hrozny <span class=\"hps\">v p\u0159\u00edpad\u011b nouze<\/span> <span class=\"hps\">tak\u00e9 oatflakes<\/span><\/span><br \/>\n<span id=\"result_box\" lang=\"en\"><span class=\"hps\">P\u0159ed krmen\u00edm se doporu\u010duje listy navlh\u010dit.<\/span><br \/>\n<span class=\"hps\">The<\/span> <span class=\"hps\">krmen\u00ed<\/span> <span class=\"hps\">z<\/span> <span class=\"hps\">sumach<\/span> <span class=\"hps\">listy<\/span> <span class=\"hps\">by m\u011bl<\/span> <span class=\"hps\">b\u00fdt<\/span> <span class=\"hps\">vyhnout se za ka\u017edou cenu<\/span>, proto\u017ee tyto <span class=\"hps\">jsou<\/span> <span class=\"hps\">toxick\u00e9 pro<\/span> <span class=\"hps\">houby.<\/span><\/span><\/td>\n<\/tr>\n<tr>\n<td><strong>Vlhkost vzduchu:<\/strong><\/td>\n<td><strong><img data-recalc-dims=\"1\" loading=\"lazy\" decoding=\"async\" src=\"https:\/\/i0.wp.com\/www.antstore.net\/shop\/images\/icons\/ants\/feuchtigkeit.jpg?resize=30%2C30&#038;ssl=1\" alt=\"\" width=\"30\" height=\"30\" \/><\/strong><\/td>\n<td><strong>Ar\u00e9na:<\/strong> 40 &#8211; 70% <strong>Nestpart:<\/strong> 80 - 90% odpadn\u00ed komora: 30 - 40%<\/td>\n<\/tr>\n<tr>\n<td><strong>Teplota:<\/strong><\/td>\n<td><strong><img data-recalc-dims=\"1\" loading=\"lazy\" decoding=\"async\" src=\"https:\/\/i0.wp.com\/www.antstore.net\/shop\/images\/icons\/ants\/temperatur.jpg?resize=30%2C30&#038;ssl=1\" alt=\"\" width=\"30\" height=\"30\" \/><\/strong><\/td>\n<td><strong>Ar\u00e9na:<\/strong> 21 - 28\u00b0C <strong>Nestpart:<\/strong> 24 - 28\u00b0C<\/td>\n<\/tr>\n<tr>\n<td><strong>Hibernace:<\/strong><\/td>\n<td><img data-recalc-dims=\"1\" loading=\"lazy\" decoding=\"async\" src=\"https:\/\/i0.wp.com\/www.antstore.net\/shop\/images\/icons\/ants\/winterruhe.jpg?resize=30%2C30&#038;ssl=1\" alt=\"\" width=\"30\" height=\"30\" \/><\/td>\n<td>ne<\/td>\n<\/tr>\n<tr>\n<td><strong>Nestform:<\/strong><\/td>\n<td><img data-recalc-dims=\"1\" loading=\"lazy\" decoding=\"async\" src=\"https:\/\/i0.wp.com\/www.antstore.net\/shop\/images\/icons\/ants\/nestform.jpg?resize=30%2C30&#038;ssl=1\" alt=\"\" width=\"30\" height=\"30\" \/><\/td>\n<td>hn\u00edzdo v p\u016fd\u011b<\/td>\n<\/tr>\n<tr>\n<td><strong>Druh Formicaria:<\/strong><\/td>\n<td><img data-recalc-dims=\"1\" loading=\"lazy\" decoding=\"async\" src=\"https:\/\/i0.wp.com\/www.antstore.net\/shop\/images\/icons\/ants\/formicarienart.jpg?resize=30%2C30&#038;ssl=1\" alt=\"\" width=\"30\" height=\"30\" \/><\/td>\n<td>Farma, Farmbasin, Basin, Framebasin, Island, Acrylcylinder<\/td>\n<\/tr>\n<tr>\n<td><strong>Velikost Formicaria:<\/strong><\/td>\n<td><strong><img data-recalc-dims=\"1\" loading=\"lazy\" decoding=\"async\" src=\"https:\/\/i0.wp.com\/www.antstore.net\/shop\/images\/icons\/ants\/formicariengroesse.jpg?resize=30%2C30&#038;ssl=1\" alt=\"\" width=\"30\" height=\"30\" \/><\/strong><\/td>\n<td><strong>Velikost:<\/strong> <strong>L<\/strong><strong> - XL\u00a0<\/strong><strong> !!! p\u0159i p\u011bstov\u00e1n\u00ed kolonie alespo\u0148 3 misky na houby, krmen\u00ed a odpadky !!!<\/strong><\/td>\n<\/tr>\n<tr>\n<td><strong>Substr\u00e1t:<\/strong><\/td>\n<td><strong><img data-recalc-dims=\"1\" loading=\"lazy\" decoding=\"async\" src=\"https:\/\/i0.wp.com\/www.antstore.net\/shop\/images\/icons\/ants\/substrat.jpg?resize=30%2C30&#038;ssl=1\" alt=\"\" width=\"30\" height=\"30\" \/><\/strong><\/td>\n<td><strong>Farma:<\/strong> &#8211; <strong>Ar\u00e9na: <\/strong>Potterclay, Perlit, Humus, P\u00edsek a p\u011bna<\/td>\n<\/tr>\n<tr>\n<td><strong>V\u00fdsadba:<\/strong><\/td>\n<td><img data-recalc-dims=\"1\" loading=\"lazy\" decoding=\"async\" src=\"https:\/\/i0.wp.com\/www.antstore.net\/shop\/images\/icons\/ants\/bepflanzung.jpg?resize=30%2C30&#038;ssl=1\" alt=\"\" width=\"30\" height=\"30\" \/><\/td>\n<td>&#8211;<\/td>\n<\/tr>\n<tr>\n<td><strong>Dekorace:<\/strong><\/td>\n<td><img data-recalc-dims=\"1\" loading=\"lazy\" decoding=\"async\" src=\"https:\/\/i0.wp.com\/www.antstore.net\/shop\/images\/icons\/ants\/dekoration.jpg?resize=30%2C30&#038;ssl=1\" alt=\"\" width=\"30\" height=\"30\" \/><\/td>\n<td>&#8211;<\/td>\n<\/tr>\n<tr>\n<td><strong>Popis:<\/strong><\/td>\n<td><img data-recalc-dims=\"1\" loading=\"lazy\" decoding=\"async\" src=\"https:\/\/i0.wp.com\/www.antstore.net\/shop\/images\/icons\/ants\/beschreibung.jpg?resize=30%2C30&#038;ssl=1\" alt=\"\" width=\"30\" height=\"30\" \/><\/td>\n<td><span id=\"result_box\" lang=\"en\"><span class=\"hps\">Acromyrmex cf.<\/span> <span class=\"hps\">octospinus<\/span> <span class=\"hps\">je mal\u00fd<\/span> <span class=\"hps alt-edited\">leafcutterant<\/span> <span class=\"hps\">z Ji\u017en\u00ed Ameriky<\/span> <span class=\"hps\">kter\u00fd sni\u017euje<\/span> <span class=\"hps\">kvetouc\u00ed rostliny<\/span> <span class=\"hps\">ve voln\u00e9 p\u0159\u00edrod\u011b. <\/span><\/span><br \/>\n<span id=\"result_box\" lang=\"en\"><span class=\"hps\">Na rozd\u00edl od<\/span> <span class=\"hps\">Atta<\/span> <span class=\"hps\">they<\/span> <span class=\"hps\">prov\u00e1d\u011bt<\/span> <span class=\"hps\">dlouh\u00fd<\/span> <span class=\"hps\">treky do<\/span> <span class=\"hps\">jejich<\/span> <span class=\"hps\">skliz\u0148ov\u00e9 oblasti<\/span> <span class=\"hps\">a<\/span> pot\u0159ebuj\u00ed tyto dlouh\u00e9 proch\u00e1zky pro optim\u00e1ln\u00ed v\u00fdvoj.<\/span><\/td>\n<\/tr>\n<tr>\n<td><strong>V\u00fdvoj:<\/strong><\/td>\n<td><strong><img data-recalc-dims=\"1\" loading=\"lazy\" decoding=\"async\" src=\"https:\/\/i0.wp.com\/www.antstore.net\/shop\/images\/icons\/ants\/entwicklung.jpg?resize=30%2C30&#038;ssl=1\" alt=\"\" width=\"30\" height=\"30\" \/><\/strong><\/td>\n<td><strong>p\u00e1\u0159\u00edc\u00ed let:<\/strong> s prvn\u00edmi letn\u00edmi de\u0161ti<br \/>\n<strong>zalo\u017een\u00ed:<\/strong> klaustr\u00e1ln\u00ed s kouskem houby z mate\u010dn\u00edku, kter\u00fd je nejprve oplodn\u011bn trusem kr\u00e1lovny. Kr\u00e1lovna m\u016f\u017ee b\u00fdt star\u00e1 od 8 do 15 let.<br \/>\n<strong>Kolonizace:<\/strong> a\u017e 20 000 osob<\/td>\n<\/tr>\n<tr>\n<td><strong>Mno\u017estv\u00ed:<\/strong><\/td>\n<td><img data-recalc-dims=\"1\" loading=\"lazy\" decoding=\"async\" src=\"https:\/\/i0.wp.com\/www.antstore.net\/shop\/images\/icons\/ants\/menge.jpg?resize=30%2C30&#038;ssl=1\" alt=\"\" width=\"30\" height=\"30\" \/><\/td>\n<td>jedna oplozen\u00e1 matka s houbou a d\u011blnicemi (viz v\u00fdb\u011br); l\u00edhe\u0148 (v z\u00e1vislosti na ro\u010dn\u00edm obdob\u00ed a v\u00fdvoji)<\/td>\n<\/tr>\n<tr>\n<td><strong>Webov\u00e9 odkazy:<\/strong><\/td>\n<td><a href=\"http:\/\/www.antstore.net\/viewforum.php?f=9\"><span style=\"color: #0000ff;\"><img data-recalc-dims=\"1\" loading=\"lazy\" decoding=\"async\" src=\"https:\/\/i0.wp.com\/www.antstore.net\/shop\/images\/icons\/ants\/weblinks.jpg?resize=30%2C30&#038;ssl=1\" alt=\"\" width=\"30\" height=\"30\" \/><\/span><\/a><\/td>\n<td><a href=\"http:\/\/www.antstore.net\/viewforum.php?f=130\"><span style=\"color: #0000ff;\">- F\u00f3rum<\/span><\/a><\/p>\n<p><span style=\"color: #0000ff;\"><a href=\"http:\/\/www.antweb.org\/description.do?subfamily=myrmicinae&amp;genus=acromyrmex&amp;name=octospinosus&amp;rank=species&amp;project=allantwebants\">- Odkaz<\/a><\/span><\/td>\n<\/tr>\n<\/tbody>\n<\/table>","protected":false},"excerpt":{"rendered":"<p>\u00darove\u0148 udr\u017een\u00ed 3 - \u00darove\u0148 rizika 2<br \/>\nVelikost: <strong>L - XL<\/strong><\/p>","protected":false},"featured_media":3355,"comment_status":"open","ping_status":"closed","template":"","meta":{"_acf_changed":false,"content-type":"","_monsterinsights_skip_tracking":false,"_monsterinsights_sitenote_active":false,"_monsterinsights_sitenote_note":"","_monsterinsights_sitenote_category":0},"product_brand":[],"product_cat":[107,111],"product_tag":[],"class_list":{"0":"post-2709","1":"product","2":"type-product","3":"status-publish","4":"has-post-thumbnail","6":"product_cat-ants","7":"product_cat-south-and-central-america","9":"first","10":"instock","11":"product-type-external"},"acf":[],"aioseo_notices":[],"jetpack_sharing_enabled":true,"_links":{"self":[{"href":"https:\/\/antcube.shop\/cs\/wp-json\/wp\/v2\/product\/2709","targetHints":{"allow":["GET"]}}],"collection":[{"href":"https:\/\/antcube.shop\/cs\/wp-json\/wp\/v2\/product"}],"about":[{"href":"https:\/\/antcube.shop\/cs\/wp-json\/wp\/v2\/types\/product"}],"replies":[{"embeddable":true,"href":"https:\/\/antcube.shop\/cs\/wp-json\/wp\/v2\/comments?post=2709"}],"wp:featuredmedia":[{"embeddable":true,"href":"https:\/\/antcube.shop\/cs\/wp-json\/wp\/v2\/media\/3355"}],"wp:attachment":[{"href":"https:\/\/antcube.shop\/cs\/wp-json\/wp\/v2\/media?parent=2709"}],"wp:term":[{"taxonomy":"product_brand","embeddable":true,"href":"https:\/\/antcube.shop\/cs\/wp-json\/wp\/v2\/product_brand?post=2709"},{"taxonomy":"product_cat","embeddable":true,"href":"https:\/\/antcube.shop\/cs\/wp-json\/wp\/v2\/product_cat?post=2709"},{"taxonomy":"product_tag","embeddable":true,"href":"https:\/\/antcube.shop\/cs\/wp-json\/wp\/v2\/product_tag?post=2709"}],"curies":[{"name":"wp","href":"https:\/\/api.w.org\/{rel}","templated":true}]}}