{"id":2701,"date":"2021-10-08T11:58:25","date_gmt":"2021-10-08T09:58:25","guid":{"rendered":"https:\/\/antcube.shop\/produkt\/camponotus-ligniperdus-braunschwarze-rossameise\/"},"modified":"2023-03-21T16:35:04","modified_gmt":"2023-03-21T15:35:04","slug":"camponotus-ligniperdus-braunschwarze-rossameise","status":"publish","type":"product","link":"https:\/\/antcube.shop\/cs\/produkt\/camponotus-ligniperdus-braunschwarze-rossameise\/","title":{"rendered":"Camponotus ligniperdus"},"content":{"rendered":"<table border=\"1\" cellspacing=\"1\" cellpadding=\"1\">\n<tbody>\n<tr>\n<td><strong>Latinsk\u00fd n\u00e1zev:<\/strong><\/td>\n<td><strong><img data-recalc-dims=\"1\" loading=\"lazy\" decoding=\"async\" src=\"https:\/\/i0.wp.com\/www.antstore.net\/shop\/images\/icons\/ants\/lateinname.jpg?resize=30%2C30&#038;ssl=1\" alt=\"\" width=\"30\" height=\"30\" \/><\/strong><\/td>\n<td><em>Camponotus ligniperdus<\/em><br \/>\n<strong>Synonyma:<\/strong> Camponotus ligniperda<\/td>\n<\/tr>\n<tr>\n<td><strong>Trivi\u00e1ln\u00ed n\u00e1zev:<\/strong><\/td>\n<td><strong><img data-recalc-dims=\"1\" loading=\"lazy\" decoding=\"async\" src=\"https:\/\/i0.wp.com\/www.antstore.net\/shop\/images\/icons\/ants\/trivialname.jpg?resize=30%2C30&#038;ssl=1\" alt=\"\" width=\"30\" height=\"30\" \/><\/strong><\/td>\n<td>hn\u011bd\u00fd \u010dern\u00fd mravenec tesa\u0159\u00edk<\/td>\n<\/tr>\n<tr>\n<td><strong>Taxonomie:<\/strong><\/td>\n<td><strong><img data-recalc-dims=\"1\" loading=\"lazy\" decoding=\"async\" src=\"https:\/\/i0.wp.com\/www.antstore.net\/shop\/images\/icons\/ants\/taxonomie.jpg?resize=30%2C30&#038;ssl=1\" alt=\"\" width=\"30\" height=\"30\" \/><\/strong><\/td>\n<td><strong>Pod\u010dele\u010f:<\/strong> Formicinae <strong>Kmen:<\/strong> Camponotini<\/td>\n<\/tr>\n<tr>\n<td><strong>\u00darove\u0148 udr\u017eov\u00e1n\u00ed:<\/strong><\/td>\n<td><strong><img data-recalc-dims=\"1\" loading=\"lazy\" decoding=\"async\" src=\"https:\/\/i0.wp.com\/www.antstore.net\/shop\/images\/icons\/ants\/haltungsklasse.jpg?resize=30%2C30&#038;ssl=1\" alt=\"\" width=\"30\" height=\"30\" \/><\/strong><\/td>\n<td><strong>(1)<\/strong> pro za\u010d\u00e1te\u010dn\u00edky s koloni\u00ed alespo\u0148 10 pracovn\u00edk\u016f \/ je velmi neaktivn\u00ed<\/td>\n<\/tr>\n<tr>\n<td><strong><span style=\"font-family: Arial;\">Distribuce:<\/span><\/strong><\/td>\n<td><strong><img data-recalc-dims=\"1\" loading=\"lazy\" decoding=\"async\" src=\"https:\/\/i0.wp.com\/www.antstore.net\/shop\/images\/icons\/ants\/verbreitung.jpg?resize=30%2C30&#038;ssl=1\" alt=\"\" width=\"30\" height=\"30\" \/><\/strong><\/td>\n<td>St\u0159edn\u00ed Evropa (v\u0161ude v N\u011bmecku na slunn\u00fdch m\u00edstech)<\/td>\n<\/tr>\n<tr>\n<td><span style=\"font-family: Arial;\"><b>Habitat<\/b><\/span><\/td>\n<td><strong><img data-recalc-dims=\"1\" loading=\"lazy\" decoding=\"async\" src=\"https:\/\/i0.wp.com\/www.antstore.net\/shop\/images\/icons\/ants\/habitat.jpg?resize=30%2C30&#038;ssl=1\" alt=\"\" width=\"30\" height=\"30\" \/><\/strong><\/td>\n<td>preferuje sm\u00ed\u0161en\u00e9 lesy s vysok\u00fdm pod\u00edlem smrk\u016f, tak\u00e9 xerick\u00e9 a polostinn\u00e9 tr\u00e1vn\u00edky.<\/td>\n<\/tr>\n<tr>\n<td><strong>Forma kolonie:<\/strong><\/td>\n<td><strong><img data-recalc-dims=\"1\" loading=\"lazy\" decoding=\"async\" src=\"https:\/\/i0.wp.com\/www.antstore.net\/shop\/images\/icons\/ants\/Kolonieform.jpg?resize=30%2C30&#038;ssl=1\" alt=\"\" width=\"30\" height=\"30\" \/><\/strong><\/td>\n<td><span style=\"font-family: Arial;\">monogyne, z\u0159\u00eddka oligogyne<\/span><\/td>\n<\/tr>\n<tr>\n<td><strong>Kr\u00e1lovna:<\/strong><\/td>\n<td><strong><img data-recalc-dims=\"1\" loading=\"lazy\" decoding=\"async\" src=\"https:\/\/i0.wp.com\/www.antstore.net\/shop\/images\/icons\/ants\/koenigin.jpg?resize=30%2C30&#038;ssl=1\" alt=\"\" width=\"30\" height=\"30\" \/><\/strong><\/td>\n<td><strong>Velikost:<\/strong> 14 - 16 mm <strong>Barva:<\/strong> \u010dern\u00e1; hrudn\u00edk: \u010d\u00e1ste\u010dn\u011b \u010derven\u011b zbarven\u00fd jako b\u0159icho<\/td>\n<\/tr>\n<tr>\n<td><strong>Pracovn\u00edk:<\/strong><\/td>\n<td><img data-recalc-dims=\"1\" loading=\"lazy\" decoding=\"async\" src=\"https:\/\/i0.wp.com\/www.antstore.net\/shop\/images\/icons\/ants\/arbeiterin.jpg?resize=30%2C30&#038;ssl=1\" alt=\"\" width=\"30\" height=\"30\" \/><\/td>\n<td><strong>Velikost:<\/strong><span style=\"font-family: Arial;\"> 6 - 13 mm <\/span><strong>Barva:<\/strong><span style=\"font-family: Arial;\"> \u010derveno\u010dern\u00fd; hru\u010f: \u010d\u00e1ste\u010dn\u011b \u010derven\u011b zbarven\u00e1 jako b\u0159icho, extr\u00e9mn\u011b polymorfn\u00ed( d\u011bln\u00edk Minor, Media a Major).<\/span>s)<\/td>\n<\/tr>\n<tr>\n<td><strong>Voj\u00e1k:<\/strong><\/td>\n<td><img data-recalc-dims=\"1\" loading=\"lazy\" decoding=\"async\" src=\"https:\/\/i0.wp.com\/www.antstore.net\/shop\/images\/icons\/ants\/soldaten.jpg?resize=30%2C30&#038;ssl=1\" alt=\"\" width=\"30\" height=\"30\" \/><\/td>\n<td>nen\u00ed p\u0159\u00edtomen<\/td>\n<\/tr>\n<tr>\n<td><strong>Mu\u017ei:<\/strong><\/td>\n<td><img data-recalc-dims=\"1\" loading=\"lazy\" decoding=\"async\" src=\"https:\/\/i0.wp.com\/www.antstore.net\/shop\/images\/icons\/ants\/maennchen.jpg?resize=30%2C30&#038;ssl=1\" alt=\"\" width=\"30\" height=\"30\" \/><\/td>\n<td><strong>Velikost:<\/strong> 8 - 12 mm <strong>Barva:<\/strong> \u010dern\u00e1 , \u0161t\u00edhl\u00e1<\/td>\n<\/tr>\n<tr>\n<td><span style=\"font-family: Arial;\"><b>V\u00fd\u017eiva<\/b><\/span><\/td>\n<td><img data-recalc-dims=\"1\" loading=\"lazy\" decoding=\"async\" src=\"https:\/\/i0.wp.com\/www.antstore.net\/shop\/images\/icons\/ants\/nahrung.jpg?resize=30%2C30&#038;ssl=1\" alt=\"\" width=\"30\" height=\"30\" \/><\/td>\n<td>Medov\u00e1 voda a hmyz, nap\u0159. dvouk\u0159\u00eddl\u00ed, jako jsou mouchy nebo kom\u00e1\u0159i.<\/td>\n<\/tr>\n<tr>\n<td><strong>Vlhkost vzduchu:<\/strong><\/td>\n<td><strong><img data-recalc-dims=\"1\" loading=\"lazy\" decoding=\"async\" src=\"https:\/\/i0.wp.com\/www.antstore.net\/shop\/images\/icons\/ants\/feuchtigkeit.jpg?resize=30%2C30&#038;ssl=1\" alt=\"\" width=\"30\" height=\"30\" \/><\/strong><\/td>\n<td><strong>Ar\u00e9na:<\/strong> 30 &#8211; 50% <strong>Nestpart:<\/strong> 50 &#8211; 60%<\/td>\n<\/tr>\n<tr>\n<td><strong>Teplota:<\/strong><\/td>\n<td><strong><img data-recalc-dims=\"1\" loading=\"lazy\" decoding=\"async\" src=\"https:\/\/i0.wp.com\/www.antstore.net\/shop\/images\/icons\/ants\/temperatur.jpg?resize=30%2C30&#038;ssl=1\" alt=\"\" width=\"30\" height=\"30\" \/><\/strong><\/td>\n<td><strong>Ar\u00e9na:<\/strong> 18 - 28\u00b0C <strong>Nestpart:<\/strong> 21 - 24\u00b0C<\/td>\n<\/tr>\n<tr>\n<td><strong>Hibernace:<\/strong><\/td>\n<td><img data-recalc-dims=\"1\" loading=\"lazy\" decoding=\"async\" src=\"https:\/\/i0.wp.com\/www.antstore.net\/shop\/images\/icons\/ants\/winterruhe.jpg?resize=30%2C30&#038;ssl=1\" alt=\"\" width=\"30\" height=\"30\" \/><\/td>\n<td>ano, od konce \u0159\u00edjna do konce b\u0159ezna p\u0159i teplot\u011b 5 - 8 \u00b0C ( m\u00e1 endogenn\u00ed biorytmus)<\/td>\n<\/tr>\n<tr>\n<td><strong>Nestform:<\/strong><\/td>\n<td><img data-recalc-dims=\"1\" loading=\"lazy\" decoding=\"async\" src=\"https:\/\/i0.wp.com\/www.antstore.net\/shop\/images\/icons\/ants\/nestform.jpg?resize=30%2C30&#038;ssl=1\" alt=\"\" width=\"30\" height=\"30\" \/><\/td>\n<td>Stav\u00ed si hn\u00edzda pod d\u0159evem s velk\u00fdmi podzemn\u00edmi prostory; pouze p\u0159\u00edzemn\u00ed hn\u00edzda<\/td>\n<\/tr>\n<tr>\n<td><strong>Druh Formicaria:<\/strong><\/td>\n<td><img data-recalc-dims=\"1\" loading=\"lazy\" decoding=\"async\" src=\"https:\/\/i0.wp.com\/www.antstore.net\/shop\/images\/icons\/ants\/formicarienart.jpg?resize=30%2C30&#038;ssl=1\" alt=\"\" width=\"30\" height=\"30\" \/><\/td>\n<td>Farma, Farmbasin, Basin, Framebasin, Island, Acrylcylinder, Digfix<\/td>\n<\/tr>\n<tr>\n<td><strong>Velikost Formicaria:<\/strong><\/td>\n<td><strong><img data-recalc-dims=\"1\" loading=\"lazy\" decoding=\"async\" src=\"https:\/\/i0.wp.com\/www.antstore.net\/shop\/images\/icons\/ants\/formicariengroesse.jpg?resize=30%2C30&#038;ssl=1\" alt=\"\" width=\"30\" height=\"30\" \/><\/strong><\/td>\n<td><strong>Velikost:<\/strong> <strong><span style=\"color: #339966;\">M<\/span><\/strong> &#8211; <strong>L<\/strong><\/td>\n<\/tr>\n<tr>\n<td><strong>Substr\u00e1t:<\/strong><\/td>\n<td><strong><img data-recalc-dims=\"1\" loading=\"lazy\" decoding=\"async\" src=\"https:\/\/i0.wp.com\/www.antstore.net\/shop\/images\/icons\/ants\/substrat.jpg?resize=30%2C30&#038;ssl=1\" alt=\"\" width=\"30\" height=\"30\" \/><\/strong><\/td>\n<td>Farma: Arena: P\u00edse\u010dn\u00e1\/p\u00edskovcov\u00e1<\/td>\n<\/tr>\n<tr>\n<td><strong>V\u00fdsadba:<\/strong><\/td>\n<td><img data-recalc-dims=\"1\" loading=\"lazy\" decoding=\"async\" src=\"https:\/\/i0.wp.com\/www.antstore.net\/shop\/images\/icons\/ants\/bepflanzung.jpg?resize=30%2C30&#038;ssl=1\" alt=\"\" width=\"30\" height=\"30\" \/><\/td>\n<td>podobn\u00e9 lesn\u00ed a horsk\u00e9 oblasti s mechem, tr\u00e1vou a dal\u0161\u00edmi rostlinami.<\/td>\n<\/tr>\n<tr>\n<td><strong>Dekorace:<\/strong><\/td>\n<td><img data-recalc-dims=\"1\" loading=\"lazy\" decoding=\"async\" src=\"https:\/\/i0.wp.com\/www.antstore.net\/shop\/images\/icons\/ants\/dekoration.jpg?resize=30%2C30&#038;ssl=1\" alt=\"\" width=\"30\" height=\"30\" \/><\/td>\n<td>V\u011btve, ko\u0159eny, stromy,<\/td>\n<\/tr>\n<tr>\n<td><strong>Popis:<\/strong><\/td>\n<td><img data-recalc-dims=\"1\" loading=\"lazy\" decoding=\"async\" src=\"https:\/\/i0.wp.com\/www.antstore.net\/shop\/images\/icons\/ants\/beschreibung.jpg?resize=30%2C30&#038;ssl=1\" alt=\"\" width=\"30\" height=\"30\" \/><\/td>\n<td>Camponotus pat\u0159\u00ed k nejv\u011bt\u0161\u00edm mravenc\u016fm v Evrop\u011b. Velmi inaktivn\u00ed a opevn\u011bn\u00fd! Na \u010dlov\u011bka \u00fato\u010d\u00ed pouze v p\u0159\u00edpad\u011b naru\u0161en\u00ed hn\u00edzda. Vykazuje denn\u00ed i no\u010dn\u00ed aktivitu (denn\u00ed i no\u010dn\u00ed). Hn\u00edzda si stav\u00ed nejl\u00e9pe pod d\u0159evem nebo kameny. \u010cas od \u010dasu je t\u0159eba k\u00e1men nebo \u010d\u00e1st mraveni\u0161t\u011b vyh\u0159\u00e1t s\u00e1lav\u00fdm topidlem.<\/td>\n<\/tr>\n<tr>\n<td><strong>V\u00fdvoj:<\/strong><\/td>\n<td><strong><img data-recalc-dims=\"1\" loading=\"lazy\" decoding=\"async\" src=\"https:\/\/i0.wp.com\/www.antstore.net\/shop\/images\/icons\/ants\/entwicklung.jpg?resize=30%2C30&#038;ssl=1\" alt=\"\" width=\"30\" height=\"30\" \/><\/strong><\/td>\n<td><strong>p\u00e1\u0159\u00edc\u00ed let:<\/strong><span style=\"font-family: Arial;\"> v tepl\u00fdch dnech od poloviny kv\u011btna do konce \u010dervna 22-28 \u00b0C , <\/span><br \/>\n<strong>zalo\u017een\u00ed:<\/strong><span style=\"font-family: Arial;\">\u00a0 klaustr\u00e1ln\u00ed (bez krmen\u00ed), ale tak\u00e9 pleometr\u00f3za nebo adopce jsou mo\u017en\u00e9.<\/span><br \/>\n<span style=\"font-family: Arial;\">od vaj\u00ed\u010dka po dosp\u011blou d\u011blnici cca 8 - 10 t\u00fddn\u016f (z vaj\u00ed\u010dka po larvu cca 10 - 16 dn\u00ed, z larvy po kuklu cca 10 - 14 dn\u00ed, z kukly po d\u011blnici cca 10 - 24 dn\u00ed, v z\u00e1vislosti na teplot\u011b).<\/span><br \/>\n<span style=\"font-family: Arial;\">Hlavn\u00ed doba aktivity je od dubna do z\u00e1\u0159\u00ed.\u017divotnost kr\u00e1lovny m\u016f\u017ee b\u00fdt a\u017e 15 let (st\u00e1le nen\u00ed zcela jasn\u00e9). <\/span><br \/>\n<strong>velikost kolonie:<\/strong><span style=\"font-family: Arial;\"> a\u017e 10 000 osob<\/span><\/td>\n<\/tr>\n<tr>\n<td><strong>Mno\u017estv\u00ed:<\/strong><\/td>\n<td><img data-recalc-dims=\"1\" loading=\"lazy\" decoding=\"async\" src=\"https:\/\/i0.wp.com\/www.antstore.net\/shop\/images\/icons\/ants\/menge.jpg?resize=30%2C30&#038;ssl=1\" alt=\"\" width=\"30\" height=\"30\" \/><\/td>\n<td>jedna oplozen\u00e1 matka s d\u011blnicemi (viz v\u00fdb\u011br); l\u00edhe\u0148 (v z\u00e1vislosti na ro\u010dn\u00edm obdob\u00ed a v\u00fdvoji).<\/td>\n<\/tr>\n<tr>\n<td><strong>Webov\u00e9 odkazy:<\/strong><\/td>\n<td><a href=\"http:\/\/www.antstore.net\/viewforum.php?f=9\"><span style=\"color: #0000ff;\"><img data-recalc-dims=\"1\" loading=\"lazy\" decoding=\"async\" src=\"https:\/\/i0.wp.com\/www.antstore.net\/shop\/images\/icons\/ants\/weblinks.jpg?resize=30%2C30&#038;ssl=1\" alt=\"\" width=\"30\" height=\"30\" \/><\/span><\/a><\/td>\n<td><a href=\"http:\/\/www.antstore.net\/viewforum.php?f=9\"><span style=\"color: #0000ff;\">- F\u00f3rum<\/span><\/a><\/p>\n<p><span style=\"color: #0000ff;\"><a href=\"http:\/\/www.antweb.org\/description.do?subfamily=formicinae&amp;genus=camponotus&amp;name=ligniperda&amp;rank=species&amp;project=allantwebants\">- Odkaz<\/a><\/span><\/td>\n<\/tr>\n<\/tbody>\n<\/table>","protected":false},"excerpt":{"rendered":"<p>Udr\u017eov\u00e1n\u00ed \u00farovn\u011b 1<br \/>\n<span style=\"font-family: Arial;\">Velikost:<strong> <span style=\"color: #339966;\">M<\/span> - L<\/strong><\/span><\/p>","protected":false},"featured_media":3376,"comment_status":"open","ping_status":"closed","template":"","meta":{"_acf_changed":false,"content-type":"","_monsterinsights_skip_tracking":false,"_monsterinsights_sitenote_active":false,"_monsterinsights_sitenote_note":"","_monsterinsights_sitenote_category":0},"product_brand":[],"product_cat":[107,112,108,109],"product_tag":[],"class_list":{"0":"post-2701","1":"product","2":"type-product","3":"status-publish","4":"has-post-thumbnail","6":"product_cat-ants","7":"product_cat-asia","8":"product_cat-northern-europe","9":"product_cat-southern-europe","11":"first","12":"instock","13":"product-type-external"},"acf":[],"aioseo_notices":[],"jetpack_sharing_enabled":true,"_links":{"self":[{"href":"https:\/\/antcube.shop\/cs\/wp-json\/wp\/v2\/product\/2701","targetHints":{"allow":["GET"]}}],"collection":[{"href":"https:\/\/antcube.shop\/cs\/wp-json\/wp\/v2\/product"}],"about":[{"href":"https:\/\/antcube.shop\/cs\/wp-json\/wp\/v2\/types\/product"}],"replies":[{"embeddable":true,"href":"https:\/\/antcube.shop\/cs\/wp-json\/wp\/v2\/comments?post=2701"}],"wp:featuredmedia":[{"embeddable":true,"href":"https:\/\/antcube.shop\/cs\/wp-json\/wp\/v2\/media\/3376"}],"wp:attachment":[{"href":"https:\/\/antcube.shop\/cs\/wp-json\/wp\/v2\/media?parent=2701"}],"wp:term":[{"taxonomy":"product_brand","embeddable":true,"href":"https:\/\/antcube.shop\/cs\/wp-json\/wp\/v2\/product_brand?post=2701"},{"taxonomy":"product_cat","embeddable":true,"href":"https:\/\/antcube.shop\/cs\/wp-json\/wp\/v2\/product_cat?post=2701"},{"taxonomy":"product_tag","embeddable":true,"href":"https:\/\/antcube.shop\/cs\/wp-json\/wp\/v2\/product_tag?post=2701"}],"curies":[{"name":"wp","href":"https:\/\/api.w.org\/{rel}","templated":true}]}}