{"id":2673,"date":"2021-10-04T15:33:49","date_gmt":"2021-10-04T13:33:49","guid":{"rendered":"https:\/\/antcube.shop\/produkt\/antcube-starter-set-l-20x20-combi\/"},"modified":"2026-04-03T11:58:39","modified_gmt":"2026-04-03T09:58:39","slug":"antcube-starter-set-l-20x20-combi","status":"publish","type":"product","link":"https:\/\/antcube.shop\/cs\/produkt\/antcube-starter-set-l-20x20-combi\/","title":{"rendered":"ANTCUBE Starter Set L - 20\u00d720 - Combi"},"content":{"rendered":"<p><strong>Obsah:<\/strong><br \/>\n1x ANTCUBE - Arena 20x20x20 - Combi L<br \/>\n1x kryt mraveni\u0161t\u011b 20\u00d720<br \/>\n4x upev\u0148ovac\u00ed bod pro kryt ar\u00e9ny<br \/>\n2x z\u00e1tka Formicarium pro 27mm otvor<br \/>\n2x z\u00e1tka Formicarium pro 50mm otvor<br \/>\n1x substr\u00e1t - b\u00e9\u017eov\u00fd p\u00edskovcov\u00fd - 1000g<br \/>\n1x p\u00edtko 2ml - 360 stup\u0148\u016f<br \/>\n1x dish clear 1&#215;20 &#8211; sponge<br \/>\n1x ru\u010dn\u00ed lupa - 2x - 30mm<br \/>\n1x pinzeta plastov\u00e1 pr\u016fhledn\u00e1<br \/>\n1x plastov\u00e1 pipeta 3ml<br \/>\n1x \u00fanikov\u00fd olej pro mravence 10ml<br \/>\n1x p\u011bnov\u00fd st\u011bra\u010d 150x18x2,5mm<\/p>\n<p><strong>Popis:<\/strong><br \/>\nTato startovac\u00ed sada - Combi je vhodn\u00e1 pro v\u011bt\u0161inu druh\u016f mravenc\u016f hrabaj\u00edc\u00edch v p\u016fd\u011b.<br \/>\nSada je velmi kompaktn\u00ed a dod\u00e1van\u00e9 p\u0159\u00edslu\u0161enstv\u00ed je omezeno na to nejd\u016fle\u017eit\u011bj\u0161\u00ed.<br \/>\nJedn\u00e1 se tedy o levnou sadu z vysoce kvalitn\u00edch materi\u00e1l\u016f, kter\u00e1 je ide\u00e1ln\u00ed pro za\u010d\u00e1te\u010dn\u00edky v chovu mravenc\u016f.<br \/>\nP\u0159ilo\u017een\u00fd p\u00eds\u010dito-hlinit\u00fd substr\u00e1t b\u00e9\u017eov\u00e9 barvy je dob\u0159e p\u0159ij\u00edm\u00e1n v\u011bt\u0161inou druh\u016f mravenc\u016f.<\/p>\n<p>Voliteln\u011b lze do hn\u00edzdn\u00ed oblasti ar\u00e9ny um\u00edstit dal\u0161\u00ed p\u016fdn\u00ed substr\u00e1ty nebo hn\u00edzdn\u00ed vlo\u017eky.<br \/>\nV nab\u00eddk\u00e1ch (viz n\u00ed\u017ee) najdete dal\u0161\u00ed u\u017eite\u010dn\u00e9 p\u0159\u00edslu\u0161enstv\u00ed.<\/p>\n<p><strong>Doporu\u010den\u00ed:<\/strong> Doporu\u010dujeme vrstvu substr\u00e1tu o v\u00fd\u0161ce 2 mm, aby se zv\u00ed\u0159ata nemohla do ar\u00e9ny zahrabat a m\u00edsto toho vyu\u017e\u00edvala k tomuto \u00fa\u010delu poskytnut\u00fd statek. Doporu\u010dujeme tak\u00e9, aby byl hn\u00edzdn\u00ed materi\u00e1l ve farm\u011b (p\u00edsek\/hl\u00edna, Digfix atd.) na jednom m\u00edst\u011b lehce nap\u00edch\u00e1n, aby se zv\u00ed\u0159at\u016fm l\u00e9pe hrabalo.<\/p>\n<p><strong>D\u016fle\u017eit\u00e9:<\/strong> P\u0159ed pou\u017eit\u00edm substr\u00e1t navlh\u010dete, aby se sm\u011bs mohla v mraveni\u0161ti spojit a pevn\u011b uchytit. P\u0159\u00edli\u0161 such\u00fd a pra\u0161n\u00fd substr\u00e1t m\u016f\u017ee nav\u00edc zp\u016fsobit ucp\u00e1n\u00ed d\u00fdchac\u00edch cest mravenc\u016f a v nejhor\u0161\u00edm p\u0159\u00edpad\u011b m\u016f\u017ee doj\u00edt k udu\u0161en\u00ed zv\u00ed\u0159at.<\/p>\n<p><strong>Upozorn\u011bn\u00ed:<\/strong><br \/>\nP\u0159i pou\u017eit\u00ed na\u0161ich vlo\u017eek do hn\u00edzd si pros\u00edm uv\u011bdomte, \u017ee jsou o 8 mm u\u017e\u0161\u00ed, proto\u017ee byly p\u016fvodn\u011b navr\u017eeny tak, aby se do nich ve\u0161ly na\u0161e u\u017e\u0161\u00ed mraveni\u0161t\u011b i vlo\u017eky do ar\u00e9n! Zde by se prostor mezi nimi musel vyplnit v\u00fdpl\u0148ov\u00fdm materi\u00e1lem, nap\u0159\u00edklad om\u00edtkou nebo hl\u00ednou.<\/p>\n<p><strong>Pozn\u00e1mky k v\u00fdrob\u011b<\/strong><br \/>\nSklo je brou\u0161eno podle normy DIN 1249 s toleranc\u00ed +\/- 1 mm. U extr\u00e9mn\u011b mal\u00fdch druh\u016f mravenc\u016f je nezbytn\u00e1 dodate\u010dn\u00e1 ochrana proti \u00faniku.<\/p>\n<p><strong>Pokyny:<\/strong><br \/>\n- DE N\u00e1vod k pou\u017eit\u00ed startovac\u00ed sady Combi (PDF 7,98 MB)<br \/>\n- CS N\u00e1vod k pou\u017eit\u00ed - Startovac\u00ed sada Combi (PDF 7,94 MB)<br \/>\n- ES Manual de instrucciones - Set de inicio Combi (PDF 7,94 MB)<br \/>\n- FR Manuel d'instruction - Kit de d\u00e9marrage Combi (PDF 7,95 MB)<\/p>","protected":false},"excerpt":{"rendered":"<p>Sada se skl\u00e1d\u00e1 z 18 d\u00edl\u016f a je vhodn\u00e1 pro v\u0161echny druhy mravenc\u016f.<br \/>\nVelikost: <span style=\"color: #0000ff;\"><strong>L<\/strong><\/span><\/p>","protected":false},"featured_media":5445,"comment_status":"open","ping_status":"closed","template":"","meta":{"_acf_changed":false,"content-type":"","_monsterinsights_skip_tracking":false,"_monsterinsights_sitenote_active":false,"_monsterinsights_sitenote_note":"","_monsterinsights_sitenote_category":0},"product_brand":[],"product_cat":[73,78],"product_tag":[],"class_list":{"0":"post-2673","1":"product","2":"type-product","3":"status-publish","4":"has-post-thumbnail","6":"product_cat-starter-sets","7":"product_cat-starter-sets-combi","9":"first","10":"instock","11":"taxable","12":"shipping-taxable","13":"purchasable","14":"product-type-simple"},"acf":[],"aioseo_notices":[],"jetpack_sharing_enabled":true,"_links":{"self":[{"href":"https:\/\/antcube.shop\/cs\/wp-json\/wp\/v2\/product\/2673","targetHints":{"allow":["GET"]}}],"collection":[{"href":"https:\/\/antcube.shop\/cs\/wp-json\/wp\/v2\/product"}],"about":[{"href":"https:\/\/antcube.shop\/cs\/wp-json\/wp\/v2\/types\/product"}],"replies":[{"embeddable":true,"href":"https:\/\/antcube.shop\/cs\/wp-json\/wp\/v2\/comments?post=2673"}],"wp:featuredmedia":[{"embeddable":true,"href":"https:\/\/antcube.shop\/cs\/wp-json\/wp\/v2\/media\/5445"}],"wp:attachment":[{"href":"https:\/\/antcube.shop\/cs\/wp-json\/wp\/v2\/media?parent=2673"}],"wp:term":[{"taxonomy":"product_brand","embeddable":true,"href":"https:\/\/antcube.shop\/cs\/wp-json\/wp\/v2\/product_brand?post=2673"},{"taxonomy":"product_cat","embeddable":true,"href":"https:\/\/antcube.shop\/cs\/wp-json\/wp\/v2\/product_cat?post=2673"},{"taxonomy":"product_tag","embeddable":true,"href":"https:\/\/antcube.shop\/cs\/wp-json\/wp\/v2\/product_tag?post=2673"}],"curies":[{"name":"wp","href":"https:\/\/api.w.org\/{rel}","templated":true}]}}