{"id":12445,"date":"2025-09-30T10:08:52","date_gmt":"2025-09-30T08:08:52","guid":{"rendered":"https:\/\/antcube.shop\/en\/product\/ameisen-lebenszyklus-praparat-metamorphose-einer-ameise\/"},"modified":"2026-03-23T17:44:39","modified_gmt":"2026-03-23T16:44:39","slug":"zivotni-cyklus-mravencu-vzorek-metamorfozy-mravence","status":"publish","type":"product","link":"https:\/\/antcube.shop\/cs\/produkt\/zivotni-cyklus-mravencu-vzorek-metamorfozy-mravence\/","title":{"rendered":"Uk\u00e1zka \u017eivotn\u00edho cyklu mravenc\u016f: Metamorf\u00f3za mravence"},"content":{"rendered":"<p><strong>Rozm\u011bry:<\/strong> 30x30x10 mm<\/p>\n<p><strong>Materi\u00e1l:<\/strong> Syntetick\u00e1 prysky\u0159ice<\/p>\n<p><strong>Popis:<\/strong> Tento exempl\u00e1\u0159 byl pe\u010dliv\u011b odlit z pr\u016fhledn\u00e9 syntetick\u00e9 prysky\u0159ice a je ide\u00e1ln\u00ed pro pou\u017eit\u00ed ve \u0161kol\u00e1ch, na univerzit\u00e1ch a pro sb\u011bratele. Zobrazuje v\u00fdvojov\u00e1 st\u00e1dia mravence - od larvy p\u0159es kuklu a\u017e po pln\u011b vyvinutou d\u011blnici.<\/p>","protected":false},"excerpt":{"rendered":"<p>Rozm\u011bry: Materi\u00e1l: 30x30x10 mm Materi\u00e1l: syntetick\u00e1 prysky\u0159ice Popis: Tento exempl\u00e1\u0159 byl pe\u010dliv\u011b odlit z pr\u016fhledn\u00e9 syntetick\u00e9 prysky\u0159ice a je ide\u00e1ln\u00ed pro pou\u017eit\u00ed ve \u0161kol\u00e1ch, na univerzit\u00e1ch a pro sb\u011bratele. Zobrazuje v\u00fdvojov\u00e1 st\u00e1dia mravence - od larvy p\u0159es kuklu a\u017e po pln\u011b vyvinutou d\u011blnici.<\/p>","protected":false},"featured_media":12562,"comment_status":"open","ping_status":"closed","template":"","meta":{"_acf_changed":false,"content-type":"","_monsterinsights_skip_tracking":false,"_monsterinsights_sitenote_active":false,"_monsterinsights_sitenote_note":"","_monsterinsights_sitenote_category":0},"product_brand":[484],"product_cat":[547,257,245],"product_tag":[],"class_list":{"0":"post-12445","1":"product","2":"type-product","3":"status-publish","4":"has-post-thumbnail","6":"product_brand-antcube","7":"product_cat-all-products","8":"product_cat-new-innovatve-products","9":"product_cat-merchandise","11":"first","12":"instock","13":"taxable","14":"shipping-taxable","15":"purchasable","16":"product-type-simple"},"acf":[],"aioseo_notices":[],"jetpack_sharing_enabled":true,"_links":{"self":[{"href":"https:\/\/antcube.shop\/cs\/wp-json\/wp\/v2\/product\/12445","targetHints":{"allow":["GET"]}}],"collection":[{"href":"https:\/\/antcube.shop\/cs\/wp-json\/wp\/v2\/product"}],"about":[{"href":"https:\/\/antcube.shop\/cs\/wp-json\/wp\/v2\/types\/product"}],"replies":[{"embeddable":true,"href":"https:\/\/antcube.shop\/cs\/wp-json\/wp\/v2\/comments?post=12445"}],"wp:featuredmedia":[{"embeddable":true,"href":"https:\/\/antcube.shop\/cs\/wp-json\/wp\/v2\/media\/12562"}],"wp:attachment":[{"href":"https:\/\/antcube.shop\/cs\/wp-json\/wp\/v2\/media?parent=12445"}],"wp:term":[{"taxonomy":"product_brand","embeddable":true,"href":"https:\/\/antcube.shop\/cs\/wp-json\/wp\/v2\/product_brand?post=12445"},{"taxonomy":"product_cat","embeddable":true,"href":"https:\/\/antcube.shop\/cs\/wp-json\/wp\/v2\/product_cat?post=12445"},{"taxonomy":"product_tag","embeddable":true,"href":"https:\/\/antcube.shop\/cs\/wp-json\/wp\/v2\/product_tag?post=12445"}],"curies":[{"name":"wp","href":"https:\/\/api.w.org\/{rel}","templated":true}]}}