{"id":12444,"date":"2025-09-30T10:08:25","date_gmt":"2025-09-30T08:08:25","guid":{"rendered":"https:\/\/antcube.shop\/en\/product\/poster-lasius-niger-lebensweise-70x50\/"},"modified":"2026-03-20T11:30:08","modified_gmt":"2026-03-20T10:30:08","slug":"plakat-lasius-niger-zpusob-zivota-70x50","status":"publish","type":"product","link":"https:\/\/antcube.shop\/cs\/produkt\/plakat-lasius-niger-zpusob-zivota-70x50\/","title":{"rendered":"Plak\u00e1t - Lasius niger zp\u016fsob \u017eivota - 70\u00d750"},"content":{"rendered":"<p><strong>Rozm\u011bry:<\/strong> 70 \u00d7 50 cm<\/p>\n<p><strong>Materi\u00e1l:<\/strong> Latexov\u00fd pap\u00edr<br \/>\nTento pap\u00edr je vod\u011bodoln\u00fd, st\u00edrateln\u00fd, odoln\u00fd, \u0161etrn\u00fd k \u017eivotn\u00edmu prost\u0159ed\u00ed, proto\u017ee neobsahuje \u017e\u00e1dn\u00e1 ekologicky \u0161kodliv\u00e1 rozpou\u0161t\u011bdla, a poskytuje vynikaj\u00edc\u00ed kvalitu tisku.<\/p>\n<p><strong>Popis:<\/strong> Tento plak\u00e1t poskytuje jasn\u00fd p\u0159ehled o \u017eivotn\u00edm stylu Lasius niger - \u010dern\u00e9ho mravence. Jedn\u00e1 se o jeden z nejroz\u0161\u00ed\u0159en\u011bj\u0161\u00edch a nejzn\u00e1m\u011bj\u0161\u00edch druh\u016f mravenc\u016f v Evrop\u011b a mo\u017en\u00e1 i o jednoho z nejobl\u00edben\u011bj\u0161\u00edch z\u00e1stupc\u016f sv\u00e9ho rodu na cel\u00e9m sv\u011bt\u011b.<\/p>\n<p><strong>D\u016fle\u017eit\u00e9 - dopl\u0148uj\u00edc\u00ed informace:<\/strong> <a href=\"https:\/\/www.ants.de\/link\/1006\">Zde<\/a> na plak\u00e1tu najdete podrobn\u00fd popis jednotliv\u00fdch sc\u00e9n. Ty nejsou sou\u010d\u00e1st\u00ed balen\u00ed, ale m\u016f\u017eete si je prohl\u00e9dnout a vytisknout samostatn\u011b prost\u0159ednictv\u00edm n\u00e1sleduj\u00edc\u00edho odkazu. <a href=\"https:\/\/www.ants.de\/link\/1006\">https:\/\/www.ants.de\/link\/1006<\/a><\/p>","protected":false},"excerpt":{"rendered":"<p>Velikost: 70 \u00d7 50 cm<\/p>","protected":false},"featured_media":12453,"comment_status":"open","ping_status":"closed","template":"","meta":{"_acf_changed":false,"content-type":"","_monsterinsights_skip_tracking":false,"_monsterinsights_sitenote_active":false,"_monsterinsights_sitenote_note":"","_monsterinsights_sitenote_category":0},"product_brand":[484],"product_cat":[547,500,245],"product_tag":[],"class_list":{"0":"post-12444","1":"product","2":"type-product","3":"status-publish","4":"has-post-thumbnail","6":"product_brand-antcube","7":"product_cat-all-products","8":"product_cat-ant-posters-and-teaching-aids","9":"product_cat-merchandise","11":"first","12":"instock","13":"taxable","14":"shipping-taxable","15":"purchasable","16":"product-type-simple"},"acf":[],"aioseo_notices":[],"jetpack_sharing_enabled":true,"_links":{"self":[{"href":"https:\/\/antcube.shop\/cs\/wp-json\/wp\/v2\/product\/12444","targetHints":{"allow":["GET"]}}],"collection":[{"href":"https:\/\/antcube.shop\/cs\/wp-json\/wp\/v2\/product"}],"about":[{"href":"https:\/\/antcube.shop\/cs\/wp-json\/wp\/v2\/types\/product"}],"replies":[{"embeddable":true,"href":"https:\/\/antcube.shop\/cs\/wp-json\/wp\/v2\/comments?post=12444"}],"wp:featuredmedia":[{"embeddable":true,"href":"https:\/\/antcube.shop\/cs\/wp-json\/wp\/v2\/media\/12453"}],"wp:attachment":[{"href":"https:\/\/antcube.shop\/cs\/wp-json\/wp\/v2\/media?parent=12444"}],"wp:term":[{"taxonomy":"product_brand","embeddable":true,"href":"https:\/\/antcube.shop\/cs\/wp-json\/wp\/v2\/product_brand?post=12444"},{"taxonomy":"product_cat","embeddable":true,"href":"https:\/\/antcube.shop\/cs\/wp-json\/wp\/v2\/product_cat?post=12444"},{"taxonomy":"product_tag","embeddable":true,"href":"https:\/\/antcube.shop\/cs\/wp-json\/wp\/v2\/product_tag?post=12444"}],"curies":[{"name":"wp","href":"https:\/\/api.w.org\/{rel}","templated":true}]}}