{"id":12442,"date":"2025-09-30T10:07:24","date_gmt":"2025-09-30T08:07:24","guid":{"rendered":"https:\/\/antcube.shop\/en\/product\/poster-anatomie-der-ameisen-lasius-niger-50x70\/"},"modified":"2026-03-20T11:30:21","modified_gmt":"2026-03-20T10:30:21","slug":"plakat-anatomie-mravencu-lasius-niger-50x70","status":"publish","type":"product","link":"https:\/\/antcube.shop\/cs\/produkt\/plakat-anatomie-mravencu-lasius-niger-50x70\/","title":{"rendered":"Plak\u00e1t - Anatomie mravenc\u016f - Lasius niger - 50\u00d770"},"content":{"rendered":"<p><strong>Rozm\u011bry:<\/strong> 50 \u00d7 70 cm<\/p>\n<p><strong>Materi\u00e1l:<\/strong> Latexov\u00fd pap\u00edr<br \/>\nTento pap\u00edr je vod\u011bodoln\u00fd, st\u00edrateln\u00fd, odoln\u00fd, \u0161etrn\u00fd k \u017eivotn\u00edmu prost\u0159ed\u00ed, proto\u017ee neobsahuje \u017e\u00e1dn\u00e1 ekologicky \u0161kodliv\u00e1 rozpou\u0161t\u011bdla, a poskytuje vynikaj\u00edc\u00ed kvalitu tisku.<\/p>\n<p><strong>Popis:<\/strong> Tento plak\u00e1t zn\u00e1zor\u0148uje anatomii mravence \u010dern\u00e9ho (Lasius niger). Podrobn\u00e9 ilustrace ukazuj\u00ed nejd\u016fle\u017eit\u011bj\u0161\u00ed vnit\u0159n\u00ed a vn\u011bj\u0161\u00ed t\u011blesn\u00e9 znaky a org\u00e1ny, co\u017e usnad\u0148uje pochopen\u00ed stavby tohoto \u0161iroce roz\u0161\u00ed\u0159en\u00e9ho druhu mravence. Ide\u00e1ln\u00ed jako v\u00fdukov\u00fd materi\u00e1l pro \u0161koly a univerzity nebo jako dekorativn\u00ed sb\u011bratelsk\u00fd p\u0159edm\u011bt.<\/p>\n<p><strong>D\u016fle\u017eit\u00e9 - dopl\u0148uj\u00edc\u00ed informace:<\/strong> Zde najdete podrobn\u00fd popis jednotliv\u00fdch sc\u00e9n na plak\u00e1tu. Nejsou dod\u00e1v\u00e1ny s plak\u00e1tem, ale m\u016f\u017eete si je prohl\u00e9dnout a vytisknout samostatn\u011b prost\u0159ednictv\u00edm n\u00e1sleduj\u00edc\u00edho odkazu. https:\/\/www.ants.de\/link\/1101.<\/p>","protected":false},"excerpt":{"rendered":"<p>Velikost: 50 \u00d7 70 cm<\/p>","protected":false},"featured_media":12454,"comment_status":"open","ping_status":"closed","template":"","meta":{"_acf_changed":false,"content-type":"","_monsterinsights_skip_tracking":false,"_monsterinsights_sitenote_active":false,"_monsterinsights_sitenote_note":"","_monsterinsights_sitenote_category":0},"product_brand":[484],"product_cat":[547,500,245],"product_tag":[],"class_list":{"0":"post-12442","1":"product","2":"type-product","3":"status-publish","4":"has-post-thumbnail","6":"product_brand-antcube","7":"product_cat-all-products","8":"product_cat-ant-posters-and-teaching-aids","9":"product_cat-merchandise","11":"first","12":"instock","13":"taxable","14":"shipping-taxable","15":"purchasable","16":"product-type-simple"},"acf":[],"aioseo_notices":[],"jetpack_sharing_enabled":true,"_links":{"self":[{"href":"https:\/\/antcube.shop\/cs\/wp-json\/wp\/v2\/product\/12442","targetHints":{"allow":["GET"]}}],"collection":[{"href":"https:\/\/antcube.shop\/cs\/wp-json\/wp\/v2\/product"}],"about":[{"href":"https:\/\/antcube.shop\/cs\/wp-json\/wp\/v2\/types\/product"}],"replies":[{"embeddable":true,"href":"https:\/\/antcube.shop\/cs\/wp-json\/wp\/v2\/comments?post=12442"}],"wp:featuredmedia":[{"embeddable":true,"href":"https:\/\/antcube.shop\/cs\/wp-json\/wp\/v2\/media\/12454"}],"wp:attachment":[{"href":"https:\/\/antcube.shop\/cs\/wp-json\/wp\/v2\/media?parent=12442"}],"wp:term":[{"taxonomy":"product_brand","embeddable":true,"href":"https:\/\/antcube.shop\/cs\/wp-json\/wp\/v2\/product_brand?post=12442"},{"taxonomy":"product_cat","embeddable":true,"href":"https:\/\/antcube.shop\/cs\/wp-json\/wp\/v2\/product_cat?post=12442"},{"taxonomy":"product_tag","embeddable":true,"href":"https:\/\/antcube.shop\/cs\/wp-json\/wp\/v2\/product_tag?post=12442"}],"curies":[{"name":"wp","href":"https:\/\/api.w.org\/{rel}","templated":true}]}}