{"id":12435,"date":"2025-09-30T10:01:28","date_gmt":"2025-09-30T08:01:28","guid":{"rendered":"https:\/\/antcube.shop\/en\/product\/antcube-digfix-30x30-liegend\/"},"modified":"2026-04-14T09:35:10","modified_gmt":"2026-04-14T07:35:10","slug":"antcube-digfix-30x30-lezici","status":"publish","type":"product","link":"https:\/\/antcube.shop\/cs\/produkt\/antcube-digfix-30x30-lezici\/","title":{"rendered":"ANTCUBE - Digfix 30\u00d730 - le\u017e\u00edc\u00ed"},"content":{"rendered":"<p><strong>Rozm\u011bry:<\/strong> 280x280x28mm<\/p>\n<p><strong>Materi\u00e1l:<\/strong> Digfix<\/p>\n<p><strong>Pou\u017eit\u00ed:<\/strong><br \/>\nVhodn\u00fd pouze do na\u0161eho ANTCUBE - Nest 30\u00d730 - horizont\u00e1ln\u011b<\/p>\n<p><strong>Popis:<\/strong><br \/>\nToto hn\u00edzdo Digfix, vyroben\u00e9 ze speci\u00e1ln\u00edho materi\u00e1lu, do kter\u00e9ho lze kopat, je navr\u017eeno tak, aby dokonale zapadlo do na\u0161ich horizont\u00e1ln\u00edch hn\u00edzd ANTCUBE 30\u00d730. Desku lze pou\u017e\u00edt bu\u010f suchou, nebo navlh\u010denou a je vhodn\u00e1 pro mnoho druh\u016f mravenc\u016f - zejm\u00e9na pro ty, kte\u0159\u00ed hn\u00edzd\u00ed v p\u00edsku nebo (mrtv\u00e9m) d\u0159ev\u011b. Je praktickou alternativou k p\u00edskovo-hlinit\u00fdm sm\u011bs\u00edm nebo korkov\u00fdm hn\u00edzdn\u00edm vlo\u017ek\u00e1m.<\/p>\n<p>Zvl\u00e1\u0161tn\u00ed v\u00fdhodou je snadn\u00e1 kontrola vlhkosti: deska viditeln\u011b m\u011bn\u00ed barvu, co\u017e umo\u017e\u0148uje optim\u00e1ln\u011b vyhodnotit \u00farove\u0148 vlhkosti. Na rozd\u00edl od p\u00eds\u010ditohlinit\u00fdch sm\u011bs\u00ed z\u016fst\u00e1vaj\u00ed vnit\u0159n\u00ed desky mraveni\u0161t\u011b \u010dist\u00e9, proto\u017ee se na n\u011b nelep\u00ed \u017e\u00e1dn\u00fd sypk\u00fd substr\u00e1t.<\/p>\n<p>D\u00edky sv\u00e9 pevn\u00e9 struktu\u0159e materi\u00e1l trvale udr\u017euje tunely a kom\u016frky vytvo\u0159en\u00e9 mravenci, ani\u017e by se zhroutil - pro bezpe\u010dn\u00e9 a p\u0159irozen\u00e9 kop\u00e1n\u00ed.<\/p>","protected":false},"excerpt":{"rendered":"<p>Rozm\u011br: 280x280x28mm<\/p>","protected":false},"featured_media":0,"comment_status":"open","ping_status":"closed","template":"","meta":{"_acf_changed":false,"content-type":"","_monsterinsights_skip_tracking":false,"_monsterinsights_sitenote_active":false,"_monsterinsights_sitenote_note":"","_monsterinsights_sitenote_category":0},"product_brand":[484],"product_cat":[547,257,87,88],"product_tag":[],"class_list":{"0":"post-12435","1":"product","2":"type-product","3":"status-publish","5":"product_brand-antcube","6":"product_cat-all-products","7":"product_cat-new-innovatve-products","8":"product_cat-nest-insets","9":"product_cat-digfix","11":"first","12":"instock","13":"taxable","14":"shipping-taxable","15":"purchasable","16":"product-type-simple"},"acf":[],"aioseo_notices":[],"jetpack_sharing_enabled":true,"_links":{"self":[{"href":"https:\/\/antcube.shop\/cs\/wp-json\/wp\/v2\/product\/12435","targetHints":{"allow":["GET"]}}],"collection":[{"href":"https:\/\/antcube.shop\/cs\/wp-json\/wp\/v2\/product"}],"about":[{"href":"https:\/\/antcube.shop\/cs\/wp-json\/wp\/v2\/types\/product"}],"replies":[{"embeddable":true,"href":"https:\/\/antcube.shop\/cs\/wp-json\/wp\/v2\/comments?post=12435"}],"wp:attachment":[{"href":"https:\/\/antcube.shop\/cs\/wp-json\/wp\/v2\/media?parent=12435"}],"wp:term":[{"taxonomy":"product_brand","embeddable":true,"href":"https:\/\/antcube.shop\/cs\/wp-json\/wp\/v2\/product_brand?post=12435"},{"taxonomy":"product_cat","embeddable":true,"href":"https:\/\/antcube.shop\/cs\/wp-json\/wp\/v2\/product_cat?post=12435"},{"taxonomy":"product_tag","embeddable":true,"href":"https:\/\/antcube.shop\/cs\/wp-json\/wp\/v2\/product_tag?post=12435"}],"curies":[{"name":"wp","href":"https:\/\/api.w.org\/{rel}","templated":true}]}}