{"id":12288,"date":"2025-09-02T09:53:21","date_gmt":"2025-09-02T07:53:21","guid":{"rendered":"https:\/\/antcube.shop\/en\/product\/antcube-nest-30x30-liegend\/"},"modified":"2026-04-20T16:40:57","modified_gmt":"2026-04-20T14:40:57","slug":"mraveniste-30x30-lezici","status":"publish","type":"product","link":"https:\/\/antcube.shop\/cs\/produkt\/mraveniste-30x30-lezici\/","title":{"rendered":"ANTCUBE - Hn\u00edzdo 30\u00d730 - le\u017e\u00edc\u00ed"},"content":{"rendered":"<p><strong>Rozm\u011bry:<\/strong><br \/>\nHn\u00edzdo: 290 x 290 x 28 mm<br \/>\nSklen\u011bn\u00fd kryt: 290 x 290 x 4 mm<\/p>\n<p><strong>Materi\u00e1l:<\/strong><br \/>\nPlovouc\u00ed sklo, plast<\/p>\n<p><strong>Barva:<\/strong><br \/>\nK\u0159i\u0161\u0165\u00e1lov\u011b \u010dist\u00fd<\/p>\n<p><strong>Obsah:<\/strong><br \/>\n1x ANTCUBE - hn\u00edzdo 30\u00d730 - horizont\u00e1ln\u00ed se dv\u011bma p\u0159ipojovac\u00edmi z\u00e1suvkami L 20\/16<br \/>\n1x sklen\u011bn\u00fd kryt s 27mm otvorem<\/p>\n<p><strong>P\u0159ipojen\u00ed: <\/strong>2x 14\/16\/18\/20 x 20 mm n\u00e1str\u010dn\u00e9 hlavice<\/p>\n<p>Hadice 14\/10 je pevn\u011b zasunuta do 14mm n\u00e1trubku.<br \/>\nHadice 20\/16 je pevn\u011b zasunuta do prvn\u00edho 16mm kroku.<br \/>\nHadice 22\/18 je pevn\u011b zasunuta do druh\u00e9ho 20mm kroku.<\/p>\n<p><strong>Popis: <\/strong>Na\u0161e horizont\u00e1ln\u00ed hn\u00edzdo m\u00e1 dv\u011b p\u0159\u00edpojky, ke kter\u00fdm lze p\u0159ipojit hadice nebo trubky. P\u0159\u00edpadn\u011b je lze bezpe\u010dn\u011b uzav\u0159\u00edt odpov\u00eddaj\u00edc\u00edmi plastov\u00fdmi nebo s\u00ed\u0165ov\u00fdmi krytkami.<\/p>\n<p>Pro v\u011bt\u0161\u00ed druhy mravenc\u016f, jako jsou r\u016fzn\u00e9 druhy rodu Camponotus, doporu\u010dujeme kombinovat s jedn\u00edm z na\u0161ich samostatn\u011b dostupn\u00fdch korkov\u00fdch hn\u00edzd. Hn\u00edzdo v\u0161ak lze naplnit i substr\u00e1tem.<\/p>\n<p>Kryt lze sejmout a d\u00edky pogumovan\u00e9mu okraji bezpe\u010dn\u011b sed\u00ed na mraveni\u0161ti. Uprost\u0159ed je 27mm otvor, kter\u00fd slou\u017e\u00ed k navlh\u010den\u00ed vnit\u0159ku hn\u00edzda. V z\u00e1vislosti na po\u017eadovan\u00e9 vlhkosti lze tento otvor uzav\u0159\u00edt bu\u010f s\u00ed\u0165ovou vlo\u017ekou, nebo formik\u00e1\u0159ovou z\u00e1tkou.<\/p>\n<p>Voliteln\u011b je k dispozici \u010derven\u00fd kryt, kter\u00fd hn\u00edzdo ztmav\u00ed a v z\u00e1vislosti na chovan\u00e9m druhu m\u016f\u017ee m\u00edt pozitivn\u00ed vliv na v\u00fdvoj kolonie.<\/p>\n<p><strong>Informace o v\u00fdrob\u011b<\/strong><br \/>\nSklo je brou\u0161eno podle normy DIN 1249 s toleranc\u00ed +\/- 1 mm. U extr\u00e9mn\u011b mal\u00fdch druh\u016f mravenc\u016f je nezbytn\u00e1 dodate\u010dn\u00e1 ochrana proti vylomen\u00ed.<\/p>\n<p><strong>Pozn\u00e1mka k p\u0159ipojovac\u00edm z\u00e1suvk\u00e1m<\/strong><br \/>\nP\u0159i p\u0159ipojov\u00e1n\u00ed nebo odpojov\u00e1n\u00ed hadic dbejte na n\u00e1sleduj\u00edc\u00ed pokyny:<br \/>\nPokud se hadice velmi \u0161patn\u011b nasazuje na p\u0159ipojovac\u00ed z\u00e1suvku, je t\u0159eba z\u00e1suvku lehce pot\u0159\u00edt kapkou na\u0161eho oleje nebo pr\u00e1\u0161ku na ochranu proti vylomen\u00ed. Pot\u00e9 by se m\u011bla hadice nasunout na konektor ot\u00e1\u010den\u00edm nebo \u0161roubov\u00e1n\u00edm, ani\u017e by se na konektor vyv\u00edjel tlak sm\u011brem nahoru nebo dol\u016f. Tot\u00e9\u017e plat\u00ed i p\u0159i demont\u00e1\u017ei hadic z konektoru. Neodstra\u0148ujte je jednodu\u0161e!<\/p>","protected":false},"excerpt":{"rendered":"<p>P\u0159ipojen\u00ed: 2x z\u00e1suvka 14\/16\/18\/20 mm<br \/>\nVelikost: L<\/p>","protected":false},"featured_media":12293,"comment_status":"open","ping_status":"closed","template":"","meta":{"_acf_changed":false,"content-type":"","_monsterinsights_skip_tracking":false,"_monsterinsights_sitenote_active":false,"_monsterinsights_sitenote_note":"","_monsterinsights_sitenote_category":0},"product_brand":[484],"product_cat":[257,80,83,86],"product_tag":[],"class_list":{"0":"post-12288","1":"product","2":"type-product","3":"status-publish","4":"has-post-thumbnail","6":"product_brand-antcube","7":"product_cat-new-innovatve-products","8":"product_cat-antfarms","9":"product_cat-antfarms-l","10":"product_cat-formicariums","12":"first","13":"instock","14":"taxable","15":"shipping-taxable","16":"purchasable","17":"product-type-simple"},"acf":[],"aioseo_notices":[],"jetpack_sharing_enabled":true,"_links":{"self":[{"href":"https:\/\/antcube.shop\/cs\/wp-json\/wp\/v2\/product\/12288","targetHints":{"allow":["GET"]}}],"collection":[{"href":"https:\/\/antcube.shop\/cs\/wp-json\/wp\/v2\/product"}],"about":[{"href":"https:\/\/antcube.shop\/cs\/wp-json\/wp\/v2\/types\/product"}],"replies":[{"embeddable":true,"href":"https:\/\/antcube.shop\/cs\/wp-json\/wp\/v2\/comments?post=12288"}],"wp:featuredmedia":[{"embeddable":true,"href":"https:\/\/antcube.shop\/cs\/wp-json\/wp\/v2\/media\/12293"}],"wp:attachment":[{"href":"https:\/\/antcube.shop\/cs\/wp-json\/wp\/v2\/media?parent=12288"}],"wp:term":[{"taxonomy":"product_brand","embeddable":true,"href":"https:\/\/antcube.shop\/cs\/wp-json\/wp\/v2\/product_brand?post=12288"},{"taxonomy":"product_cat","embeddable":true,"href":"https:\/\/antcube.shop\/cs\/wp-json\/wp\/v2\/product_cat?post=12288"},{"taxonomy":"product_tag","embeddable":true,"href":"https:\/\/antcube.shop\/cs\/wp-json\/wp\/v2\/product_tag?post=12288"}],"curies":[{"name":"wp","href":"https:\/\/api.w.org\/{rel}","templated":true}]}}